{"id":760,"date":"2019-06-29T05:13:47","date_gmt":"2019-06-29T04:13:47","guid":{"rendered":"https:\/\/kundalini-yoga-seelenreise.info\/?page_id=760"},"modified":"2020-10-07T03:30:53","modified_gmt":"2020-10-07T02:30:53","slug":"reserve-seelenreise-coach-training","status":"publish","type":"page","link":"https:\/\/kundalini-yoga-seelenreise.info\/?page_id=760","title":{"rendered":"Seelenreise-Coach"},"content":{"rendered":"\n<h2 class=\"wp-block-heading\">Seelenreise-Coach<\/h2>\n\n\n\n<p class=\"has-background has-black-background-color\">Wenn Du mit Hilfe von Kundalini Yoga die psychosomatische Aufgaben der 26 Wirbel ganz oder gro\u00dfenteils gel\u00f6st hast, k\u00f6nntest du \u00fcberlegen dich als Seelenreise-Coach zu qualifizieren um andere Seelen dabei helfen zu k\u00f6nnen. <br><br>Es hat gro\u00dfe Vorteile mit einer Gruppe Leute auf die Seelenreise zu gehen, weil die Gruppenmitglieder einander mit Hilfe von gezielter Intention  in ihre Transformation  unterst\u00fctzen k\u00f6nnen. Beispiel davon ist die <a href=\"https:\/\/kundalini-yoga-seelenreise.info\/?page_id=1548\">Seelenreise Healing Meditation<\/a>.<\/p>\n\n\n\n<figure class=\"wp-block-image\"><img loading=\"lazy\" decoding=\"async\" width=\"1024\" height=\"683\" src=\"https:\/\/kundalini-yoga-seelenreise.info\/wp-891e2-content\/uploads\/2019\/06\/seelenreise-10-1024x683.jpg\" alt=\"\" class=\"wp-image-767\" srcset=\"https:\/\/kundalini-yoga-seelenreise.info\/wp-891e2-content\/uploads\/2019\/06\/seelenreise-10-1024x683.jpg 1024w, https:\/\/kundalini-yoga-seelenreise.info\/wp-891e2-content\/uploads\/2019\/06\/seelenreise-10-300x200.jpg 300w, https:\/\/kundalini-yoga-seelenreise.info\/wp-891e2-content\/uploads\/2019\/06\/seelenreise-10-768x512.jpg 768w, https:\/\/kundalini-yoga-seelenreise.info\/wp-891e2-content\/uploads\/2019\/06\/seelenreise-10-1320x880.jpg 1320w\" sizes=\"auto, (max-width: 1024px) 100vw, 1024px\" \/><\/figure>\n\n\n\n<h2 class=\"wp-block-heading\">5 Trainings-Seminare mit Satya Singh<\/h2>\n\n\n\n<p class=\"has-background has-black-background-color\">Es gibt f\u00fcnf Seminare, um deine Kundalini Yoga Seelenreise zu vertiefen und dich als Seelenreise-Coach zu qualifizieren.  Aber Du kannst f\u00fcr deine Gesundheit oder aus Interesse  auch gerne nur einzelne Seminare belegen. <a href=\"https:\/\/events.wrage.de\/index.php?id=214&amp;uid=1300&amp;L=\"> <\/a><br><br>F\u00fcr Anmeldung Hamburg, <a href=\"https:\/\/events.wrage.de\/index.php?id=214&amp;uid=1300&amp;L=\">siehe &#8230;<\/a>   F\u00fcr Anmeldung Leipzig, <a href=\"mailto: glander-rieker@yogaplus-punkt.de\">siehe&#8230; <\/a><br><br>Lehrer aller Seminare ist  Satya Singh, Autor von &#8220;Kundalini Yoga als Seelenreise&#8221; (als Buch bei Ullstein\/Allegria und als H\u00f6rbuch bei Audible).<\/p>\n\n\n\n<figure class=\"wp-block-image size-large\"><img loading=\"lazy\" decoding=\"async\" width=\"1024\" height=\"499\" src=\"https:\/\/kundalini-yoga-seelenreise.info\/wp-891e2-content\/uploads\/2019\/12\/18-1024x499.jpg\" alt=\"\" class=\"wp-image-1980\" srcset=\"https:\/\/kundalini-yoga-seelenreise.info\/wp-891e2-content\/uploads\/2019\/12\/18-1024x499.jpg 1024w, https:\/\/kundalini-yoga-seelenreise.info\/wp-891e2-content\/uploads\/2019\/12\/18-300x146.jpg 300w, https:\/\/kundalini-yoga-seelenreise.info\/wp-891e2-content\/uploads\/2019\/12\/18-768x374.jpg 768w, https:\/\/kundalini-yoga-seelenreise.info\/wp-891e2-content\/uploads\/2019\/12\/18.jpg 1167w\" sizes=\"auto, (max-width: 1024px) 100vw, 1024px\" \/><\/figure>\n\n\n\n<h2 class=\"has-text-align-left wp-block-heading\">1. Sch\u00f6nheit und Lebenslust des Stei\u00dfbeins und Kreuzbeins<\/h2>\n\n\n\n<p><strong> <\/strong>Am Anfang der Wirbels\u00e4ule, wo mehrere Wirbel zusammen\u00adgewachsen sind, liegt Deine Kundalini, bereit, die Reise durch die Wirbel anzufangen. In diesem Seminar untersuchst du dein ICH, um dann mit Hilfe der \u00dcbungen einen Neu-Anfang machen zu k\u00f6nnen. <\/p>\n\n\n\n<p class=\"has-text-color has-background has-white-color has-green-background-color\"><\/p>\n\n\n\n<p><\/p>\n\n\n\n<h2 class=\"wp-block-heading\">2. <strong>Absicht und Karma der Lendenwirbels\u00e4ule<\/strong><\/h2>\n\n\n\n<p>\n\n\n\n\n\n\n\n\n\n\n\n\n\n\n\n\nDie f\u00fcnf Lendenwirbel sind nicht nur massiv und\ntragend. Hier treten auch am h\u00e4ufigsten Schmerzen und sogar\nBandscheiben-Vorf\u00e4lle auf. Das hei\u00dft, \u00fcbersetzt f\u00fcr die Seelenreise, deine\nKundalini ist hier sehr aktiv. Es geht in diesem Kurs darum, dein KARMA besser\nzu verstehen und mit Hilfe von \u00dcbungen zu lernen, damit besser umzugehen.\n\n\n\n<\/p>\n\n\n\n<p class=\"has-text-color has-background has-white-color has-green-background-color\"><\/p>\n\n\n\n<h2 class=\"wp-block-heading\">3. <strong>Liebe und Abwehr der Brustwirbels\u00e4ule<\/strong><\/h2>\n\n\n\n<p>\n\n\n\n\n\n\n\n\n\n\n\n\n\n\n\n\nDer Brustkorb ist wie ein Gitter, das sich\nrhythmisch mit Deinem Herz und Deinen Lungen bewegt. Analog dazu wechselt Deine\nLiebe zwischen \u00d6ffnung und Abgrenzung. &nbsp;In\ndiesem Seminar \u00fcberpr\u00fcfst du die Struktur deiner EMOTIONEN, um mit Hilfe der\n\u00dcbungen Deine Gef\u00fchle im guten Rhythmus flie\u00dfen zu lassen. \n\n\n\n<\/p>\n\n\n\n<p class=\"has-text-color has-background has-white-color has-green-background-color\"><\/p>\n\n\n\n<h2 class=\"wp-block-heading\">4. <strong>Weisheit und F\u00fchrerschaft der Halswirbels\u00e4ule<\/strong><\/h2>\n\n\n\n<p>\n\n\n\n\n\n\n\n\n\n\n\n\n\n\n\n\nDein Hals tr\u00e4gt trotz seiner Verletzlichkeit das\nKehl-Chakra, das alle andere Chakren koordiniert. In diesem Kurs \u00fcberpr\u00fcfst du\ndeine innere und \u00e4u\u00dfere F\u00dcHRUNG, und entwickelst durch die \u00dcbungen, Mantren, Gong\nund fein abgestimmte Kommunikation mehr Pr\u00e4senz.\n\n\n\n<\/p>\n\n\n\n<p class=\"has-text-color has-background has-white-color has-green-background-color\"><strong>Hamburg: 5.\/ 6. Sept. 2020<\/strong> (mit Satya Singh)<\/p>\n\n\n\n<h2 class=\"wp-block-heading\">5. <strong>Das Gipfel-Erlebnis von Axis und Atlas<\/strong><\/h2>\n\n\n\n<p>\n\n\n\n\n\n\n\n\n\n\n\n\n\n\n\n\nAtlas und Axis tragen deinen Sch\u00e4del mit seinen vielseitigen\nSinnesorgane. Gib deiner SEELE Aufwind und beschleunige Deine Entwicklung als\n\u201esensory human,\u201c als sp\u00fcrender Menschen, damit deine Kundalini am Ziel ankommt.\n\n\n\n<\/p>\n\n\n\n<p class=\"has-text-color has-background has-white-color has-green-background-color\"><strong>Hamburg: 28\/29. Nov. 2020 <\/strong> (mit Satya Singh)<\/p>\n\n\n\n<figure class=\"wp-block-image size-large\"><img loading=\"lazy\" decoding=\"async\" width=\"645\" height=\"333\" src=\"https:\/\/kundalini-yoga-seelenreise.info\/wp-891e2-content\/uploads\/2019\/12\/cobra.jpg\" alt=\"\" class=\"wp-image-1982\" srcset=\"https:\/\/kundalini-yoga-seelenreise.info\/wp-891e2-content\/uploads\/2019\/12\/cobra.jpg 645w, https:\/\/kundalini-yoga-seelenreise.info\/wp-891e2-content\/uploads\/2019\/12\/cobra-300x155.jpg 300w\" sizes=\"auto, (max-width: 645px) 100vw, 645px\" \/><\/figure>\n\n\n\n<h2 class=\"wp-block-heading\">Lehrer und Ausbilder<\/h2>\n\n\n\n<p class=\"has-background has-black-background-color\">Lehrer und Ausbilder aller Seminare ist Satya Singh. Er betreibt ein Yogazentrum in Hamburg (<a href=\"http:\/\/www.yogahoheluft.de\">www.yogahoheluft.de<\/a>) und reist \u00fcber die ganze Welt um Kurse anzubieten. Er ist auch Musiker und Buchautor.<\/p>\n\n\n\n<figure class=\"wp-block-image size-large\"><img loading=\"lazy\" decoding=\"async\" width=\"1024\" height=\"683\" src=\"https:\/\/kundalini-yoga-seelenreise.info\/wp-891e2-content\/uploads\/2019\/12\/HQ4A6222-1024x683.jpg\" alt=\"\" class=\"wp-image-1907\" srcset=\"https:\/\/kundalini-yoga-seelenreise.info\/wp-891e2-content\/uploads\/2019\/12\/HQ4A6222-1024x683.jpg 1024w, https:\/\/kundalini-yoga-seelenreise.info\/wp-891e2-content\/uploads\/2019\/12\/HQ4A6222-300x200.jpg 300w, https:\/\/kundalini-yoga-seelenreise.info\/wp-891e2-content\/uploads\/2019\/12\/HQ4A6222-768x512.jpg 768w, https:\/\/kundalini-yoga-seelenreise.info\/wp-891e2-content\/uploads\/2019\/12\/HQ4A6222-1536x1024.jpg 1536w, https:\/\/kundalini-yoga-seelenreise.info\/wp-891e2-content\/uploads\/2019\/12\/HQ4A6222-2048x1366.jpg 2048w, https:\/\/kundalini-yoga-seelenreise.info\/wp-891e2-content\/uploads\/2019\/12\/HQ4A6222-1320x880.jpg 1320w\" sizes=\"auto, (max-width: 1024px) 100vw, 1024px\" \/><\/figure>\n\n\n\n<h2 class=\"wp-block-heading\">Kosten und Ticketing<\/h2>\n\n\n\n<p class=\"has-background has-black-background-color\">Die Organisation der Seminare in Hamburg findet statt in Zusammenarbeit mit Buchhandlung Wrage in Hamburg. &#8220;Wrage Events&#8221; ist zust\u00e4ndig f\u00fcr Anmeldung, Administration und Abrechnung der Seelenreise Seminare, siehe <a href=\"https:\/\/events.wrage.de\/index.php?id=215&amp;uid=355&amp;L=&amp;lp=1\">EVENTS WRAGE<\/a> <br>F\u00fcr die Organisation der Seminare in Leipzig, nimm Kontakt auf mit  <a href=\"mailto: glander-rieker@yogaplus-punkt.de\">YogaPlusPunkt<\/a> <\/p>\n\n\n\n<figure class=\"wp-block-image size-large\"><img loading=\"lazy\" decoding=\"async\" width=\"882\" height=\"853\" src=\"https:\/\/kundalini-yoga-seelenreise.info\/wp-891e2-content\/uploads\/2019\/12\/21.jpg\" alt=\"\" class=\"wp-image-1983\" srcset=\"https:\/\/kundalini-yoga-seelenreise.info\/wp-891e2-content\/uploads\/2019\/12\/21.jpg 882w, https:\/\/kundalini-yoga-seelenreise.info\/wp-891e2-content\/uploads\/2019\/12\/21-300x290.jpg 300w, https:\/\/kundalini-yoga-seelenreise.info\/wp-891e2-content\/uploads\/2019\/12\/21-768x743.jpg 768w\" sizes=\"auto, (max-width: 882px) 100vw, 882px\" \/><\/figure>\n\n\n\n<h4 class=\"wp-block-heading\">Information<\/h4>\n\n\n\n<p class=\"has-background has-black-background-color\">Alle Fragen \u00fcber Anmeldung und Kosten in Hamburg beantwortet  <a href=\"https:\/\/events.wrage.de\/index.php?id=215&amp;uid=355&amp;L=&amp;lp=1\">EVENTS WRAGE<\/a> <br> F\u00fcr die Seminare in Leipzig, nimm Kontakt auf mit  <a href=\"http:\/\/Christine%20Glander-Rieker%20%3Cglander-rieker@yogaplus-punkt.de%3E\/\">YogaPlusPunkt<\/a> <\/p>\n\n\n\n<h2 class=\"wp-block-heading\">Zertifizierung<\/h2>\n\n\n\n<p class=\"has-background has-black-background-color\"> F\u00fcr die Zertifizierung als Seelenreise-Coach ist Voraussetzung:<br>o  das Buch &#8220;Kundalini Yoga als Seelenreise&#8221; zu studieren<br>o  alle 5 Seminare zu absolvieren (die Reihenfolge ist beliebig).<br> o  einmal eine komplette Seelenreise zu machen <br><br>Am Ende der 5 Seminare bekommst du nach  ein kleines Examen das Seelenreise-Coach-Zertifikat. Auf dem Zertifikat gibt es eine Stelle f\u00fcr ein Aufkleber mit Aufschrift: Eine Seelenreise vollendet. Die Aufkleber bekommst du nach ein Gespr\u00e4ch, wenn du eine Seelenreise vollendet hast. <\/p>\n\n\n\n<figure class=\"wp-block-image size-large\"><img loading=\"lazy\" decoding=\"async\" width=\"768\" height=\"1024\" src=\"https:\/\/kundalini-yoga-seelenreise.info\/wp-891e2-content\/uploads\/2019\/12\/booklaunch-1-768x1024.jpg\" alt=\"\" class=\"wp-image-1743\" srcset=\"https:\/\/kundalini-yoga-seelenreise.info\/wp-891e2-content\/uploads\/2019\/12\/booklaunch-1-768x1024.jpg 768w, https:\/\/kundalini-yoga-seelenreise.info\/wp-891e2-content\/uploads\/2019\/12\/booklaunch-1-225x300.jpg 225w, https:\/\/kundalini-yoga-seelenreise.info\/wp-891e2-content\/uploads\/2019\/12\/booklaunch-1-1152x1536.jpg 1152w, https:\/\/kundalini-yoga-seelenreise.info\/wp-891e2-content\/uploads\/2019\/12\/booklaunch-1-1536x2048.jpg 1536w, https:\/\/kundalini-yoga-seelenreise.info\/wp-891e2-content\/uploads\/2019\/12\/booklaunch-1-1320x1760.jpg 1320w, https:\/\/kundalini-yoga-seelenreise.info\/wp-891e2-content\/uploads\/2019\/12\/booklaunch-1-scaled.jpg 1920w\" sizes=\"auto, (max-width: 768px) 100vw, 768px\" \/><\/figure>\n\n\n\n<h2 class=\"wp-block-heading\">Literatur<\/h2>\n\n\n\n<p class=\"has-background has-black-background-color\"><strong><a href=\"https:\/\/smile.amazon.de\/dp\/3793424111\/ref=sr_1_1?keywords=seelenreise&amp;qid=1577392447&amp;sr=8-1\">Kundalini Yoga als Seelenreise<\/a><\/strong> \/ Satya Singh <br><a href=\"https:\/\/smile.amazon.de\/Das-Kundalini-Yoga-Handbuch-Gesundheit-K%C3%B6rper\/dp\/3548060854\/ref=tmm_other_meta_binding_swatch_0?_encoding=UTF8&amp;qid=1577713604&amp;sr=8-1\"><strong>Das Kundalini Yoga Handbuch f\u00fcr Gesundheit von K\u00f6rper, Geist und Seele<\/strong><\/a> \/ Satya Singh<br><strong>Der Reif<\/strong> \/ Satya Singh <br><strong>Die Kraft der Acht<\/strong>: Wie die Intention einer kleinen Gruppe unser Leben heilen und die Welt ver\u00e4ndern kann \/ Lynn McTaggart und Elisabeth Liebl<br><strong>Intention<\/strong> \/ Lynn McTaggart und Isolde Seidel<br><strong>Segment-Anatomie<\/strong>: Der Schl\u00fcssel zu Akupunktur, Neuraltherapie und Manualtherapie \/ Ingrid Wancura-Kampik<\/p>\n\n\n\n<h2 class=\"wp-block-heading\">Webseiten<\/h2>\n\n\n\n<p class=\"has-background has-black-background-color\"><a href=\"http:\/\/www.seelenreise.blog\">Seelenreise<\/a><br><a href=\"https:\/\/www.yogahoheluft.de\/de\/Satya\/Orakel-einzel.php\">Yoga Orakel<\/a><br><a href=\"http:\/\/www.yogahoheluft.de\">Yogazentrum<\/a><br><a href=\"http:\/\/www.satyasingh.de\">Satya Singh<\/a><\/p>\n","protected":false},"excerpt":{"rendered":"<p>Seelenreise-Coach Wenn Du mit Hilfe von Kundalini Yoga die psychosomatische Aufgaben der 26 Wirbel ganz oder gro\u00dfenteils gel\u00f6st hast, k\u00f6nntest du \u00fcberlegen dich als Seelenreise-Coach zu qualifizieren um andere Seelen dabei helfen zu k\u00f6nnen. Es hat gro\u00dfe Vorteile mit einer Gruppe Leute auf die Seelenreise zu gehen, weil die Gruppenmitglieder einander mit Hilfe von gezielter &hellip; <a href=\"https:\/\/kundalini-yoga-seelenreise.info\/?page_id=760\" class=\"more-link\"><span class=\"screen-reader-text\">Seelenreise-Coach<\/span> weiterlesen <span class=\"meta-nav\">&rarr;<\/span><\/a><\/p>\n","protected":false},"author":1,"featured_media":0,"parent":0,"menu_order":30,"comment_status":"closed","ping_status":"closed","template":"","meta":{"footnotes":"","_links_to":"","_links_to_target":""},"class_list":["post-760","page","type-page","status-publish","hentry"],"yoast_head":"<!-- This site is optimized with the Yoast SEO plugin v19.10 - https:\/\/yoast.com\/wordpress\/plugins\/seo\/ -->\n<title>Seelenreise-Coach - SEELENREISE-INSTITUT<\/title>\n<meta name=\"robots\" content=\"index, follow, max-snippet:-1, max-image-preview:large, max-video-preview:-1\" \/>\n<link rel=\"canonical\" href=\"https:\/\/kundalini-yoga-seelenreise.info\/?page_id=760\" \/>\n<meta property=\"og:locale\" content=\"de_DE\" \/>\n<meta property=\"og:type\" content=\"article\" \/>\n<meta property=\"og:title\" content=\"Seelenreise-Coach - SEELENREISE-INSTITUT\" \/>\n<meta property=\"og:description\" content=\"Seelenreise-Coach Wenn Du mit Hilfe von Kundalini Yoga die psychosomatische Aufgaben der 26 Wirbel ganz oder gro\u00dfenteils gel\u00f6st hast, k\u00f6nntest du \u00fcberlegen dich als Seelenreise-Coach zu qualifizieren um andere Seelen dabei helfen zu k\u00f6nnen. Es hat gro\u00dfe Vorteile mit einer Gruppe Leute auf die Seelenreise zu gehen, weil die Gruppenmitglieder einander mit Hilfe von gezielter &hellip; Seelenreise-Coach weiterlesen &rarr;\" \/>\n<meta property=\"og:url\" content=\"https:\/\/kundalini-yoga-seelenreise.info\/?page_id=760\" \/>\n<meta property=\"og:site_name\" content=\"SEELENREISE-INSTITUT\" \/>\n<meta property=\"article:modified_time\" content=\"2020-10-07T02:30:53+00:00\" \/>\n<meta property=\"og:image\" content=\"https:\/\/kundalini-yoga-seelenreise.info\/wp-891e2-content\/uploads\/2019\/06\/seelenreise-10-1024x683.jpg\" \/>\n<meta name=\"twitter:card\" content=\"summary_large_image\" \/>\n<meta name=\"twitter:label1\" content=\"Gesch\u00e4tzte Lesezeit\" \/>\n\t<meta name=\"twitter:data1\" content=\"3\u00a0Minuten\" \/>\n<script type=\"application\/ld+json\" class=\"yoast-schema-graph\">{\"@context\":\"https:\/\/schema.org\",\"@graph\":[{\"@type\":\"WebPage\",\"@id\":\"https:\/\/kundalini-yoga-seelenreise.info\/?page_id=760\",\"url\":\"https:\/\/kundalini-yoga-seelenreise.info\/?page_id=760\",\"name\":\"Seelenreise-Coach - SEELENREISE-INSTITUT\",\"isPartOf\":{\"@id\":\"https:\/\/kundalini-yoga-seelenreise.info\/#website\"},\"datePublished\":\"2019-06-29T04:13:47+00:00\",\"dateModified\":\"2020-10-07T02:30:53+00:00\",\"breadcrumb\":{\"@id\":\"https:\/\/kundalini-yoga-seelenreise.info\/?page_id=760#breadcrumb\"},\"inLanguage\":\"de\",\"potentialAction\":[{\"@type\":\"ReadAction\",\"target\":[\"https:\/\/kundalini-yoga-seelenreise.info\/?page_id=760\"]}]},{\"@type\":\"BreadcrumbList\",\"@id\":\"https:\/\/kundalini-yoga-seelenreise.info\/?page_id=760#breadcrumb\",\"itemListElement\":[{\"@type\":\"ListItem\",\"position\":1,\"name\":\"Startseite\",\"item\":\"https:\/\/kundalini-yoga-seelenreise.info\/\"},{\"@type\":\"ListItem\",\"position\":2,\"name\":\"Seelenreise-Coach\"}]},{\"@type\":\"WebSite\",\"@id\":\"https:\/\/kundalini-yoga-seelenreise.info\/#website\",\"url\":\"https:\/\/kundalini-yoga-seelenreise.info\/\",\"name\":\"SEELENREISE-INSTITUT\",\"description\":\"Jeden Tag: 1 x schwitzen, 1x lachen...\",\"potentialAction\":[{\"@type\":\"SearchAction\",\"target\":{\"@type\":\"EntryPoint\",\"urlTemplate\":\"https:\/\/kundalini-yoga-seelenreise.info\/?s={search_term_string}\"},\"query-input\":\"required name=search_term_string\"}],\"inLanguage\":\"de\"}]}<\/script>\n<!-- \/ Yoast SEO plugin. -->","yoast_head_json":{"title":"Seelenreise-Coach - SEELENREISE-INSTITUT","robots":{"index":"index","follow":"follow","max-snippet":"max-snippet:-1","max-image-preview":"max-image-preview:large","max-video-preview":"max-video-preview:-1"},"canonical":"https:\/\/kundalini-yoga-seelenreise.info\/?page_id=760","og_locale":"de_DE","og_type":"article","og_title":"Seelenreise-Coach - SEELENREISE-INSTITUT","og_description":"Seelenreise-Coach Wenn Du mit Hilfe von Kundalini Yoga die psychosomatische Aufgaben der 26 Wirbel ganz oder gro\u00dfenteils gel\u00f6st hast, k\u00f6nntest du \u00fcberlegen dich als Seelenreise-Coach zu qualifizieren um andere Seelen dabei helfen zu k\u00f6nnen. Es hat gro\u00dfe Vorteile mit einer Gruppe Leute auf die Seelenreise zu gehen, weil die Gruppenmitglieder einander mit Hilfe von gezielter &hellip; Seelenreise-Coach weiterlesen &rarr;","og_url":"https:\/\/kundalini-yoga-seelenreise.info\/?page_id=760","og_site_name":"SEELENREISE-INSTITUT","article_modified_time":"2020-10-07T02:30:53+00:00","og_image":[{"url":"https:\/\/kundalini-yoga-seelenreise.info\/wp-891e2-content\/uploads\/2019\/06\/seelenreise-10-1024x683.jpg"}],"twitter_card":"summary_large_image","twitter_misc":{"Gesch\u00e4tzte Lesezeit":"3\u00a0Minuten"},"schema":{"@context":"https:\/\/schema.org","@graph":[{"@type":"WebPage","@id":"https:\/\/kundalini-yoga-seelenreise.info\/?page_id=760","url":"https:\/\/kundalini-yoga-seelenreise.info\/?page_id=760","name":"Seelenreise-Coach - SEELENREISE-INSTITUT","isPartOf":{"@id":"https:\/\/kundalini-yoga-seelenreise.info\/#website"},"datePublished":"2019-06-29T04:13:47+00:00","dateModified":"2020-10-07T02:30:53+00:00","breadcrumb":{"@id":"https:\/\/kundalini-yoga-seelenreise.info\/?page_id=760#breadcrumb"},"inLanguage":"de","potentialAction":[{"@type":"ReadAction","target":["https:\/\/kundalini-yoga-seelenreise.info\/?page_id=760"]}]},{"@type":"BreadcrumbList","@id":"https:\/\/kundalini-yoga-seelenreise.info\/?page_id=760#breadcrumb","itemListElement":[{"@type":"ListItem","position":1,"name":"Startseite","item":"https:\/\/kundalini-yoga-seelenreise.info\/"},{"@type":"ListItem","position":2,"name":"Seelenreise-Coach"}]},{"@type":"WebSite","@id":"https:\/\/kundalini-yoga-seelenreise.info\/#website","url":"https:\/\/kundalini-yoga-seelenreise.info\/","name":"SEELENREISE-INSTITUT","description":"Jeden Tag: 1 x schwitzen, 1x lachen...","potentialAction":[{"@type":"SearchAction","target":{"@type":"EntryPoint","urlTemplate":"https:\/\/kundalini-yoga-seelenreise.info\/?s={search_term_string}"},"query-input":"required name=search_term_string"}],"inLanguage":"de"}]}},"uagb_featured_image_src":{"full":false,"thumbnail":false,"medium":false,"medium_large":false,"large":false,"1536x1536":false,"2048x2048":false,"post-thumbnail":false,"twentyfourteen-full-width":false},"uagb_author_info":{"display_name":"Satya Singh","author_link":"https:\/\/kundalini-yoga-seelenreise.info\/?page_id=3405&#038;uid=1"},"uagb_comment_info":0,"uagb_excerpt":"Seelenreise-Coach Wenn Du mit Hilfe von Kundalini Yoga die psychosomatische Aufgaben der 26 Wirbel ganz oder gro\u00dfenteils gel\u00f6st hast, k\u00f6nntest du \u00fcberlegen dich als Seelenreise-Coach zu qualifizieren um andere Seelen dabei helfen zu k\u00f6nnen. Es hat gro\u00dfe Vorteile mit einer Gruppe Leute auf die Seelenreise zu gehen, weil die Gruppenmitglieder einander mit Hilfe von gezielter&hellip;","_links":{"self":[{"href":"https:\/\/kundalini-yoga-seelenreise.info\/index.php?rest_route=\/wp\/v2\/pages\/760","targetHints":{"allow":["GET"]}}],"collection":[{"href":"https:\/\/kundalini-yoga-seelenreise.info\/index.php?rest_route=\/wp\/v2\/pages"}],"about":[{"href":"https:\/\/kundalini-yoga-seelenreise.info\/index.php?rest_route=\/wp\/v2\/types\/page"}],"author":[{"embeddable":true,"href":"https:\/\/kundalini-yoga-seelenreise.info\/index.php?rest_route=\/wp\/v2\/users\/1"}],"replies":[{"embeddable":true,"href":"https:\/\/kundalini-yoga-seelenreise.info\/index.php?rest_route=%2Fwp%2Fv2%2Fcomments&post=760"}],"version-history":[{"count":64,"href":"https:\/\/kundalini-yoga-seelenreise.info\/index.php?rest_route=\/wp\/v2\/pages\/760\/revisions"}],"predecessor-version":[{"id":2967,"href":"https:\/\/kundalini-yoga-seelenreise.info\/index.php?rest_route=\/wp\/v2\/pages\/760\/revisions\/2967"}],"wp:attachment":[{"href":"https:\/\/kundalini-yoga-seelenreise.info\/index.php?rest_route=%2Fwp%2Fv2%2Fmedia&parent=760"}],"curies":[{"name":"wp","href":"https:\/\/api.w.org\/{rel}","templated":true}]}}