{"id":707,"date":"2019-06-27T20:39:21","date_gmt":"2019-06-27T19:39:21","guid":{"rendered":"https:\/\/kundalini-yoga-seelenreise.info\/?page_id=707"},"modified":"2021-01-04T14:14:31","modified_gmt":"2021-01-04T13:14:31","slug":"reisefuehrer","status":"publish","type":"page","link":"https:\/\/kundalini-yoga-seelenreise.info\/?page_id=707","title":{"rendered":"Reisef\u00fchrer"},"content":{"rendered":"\n<p><em>&#8220;Die Wirbels\u00e4ule (v\u012b\u1e47\u0101da\u1e47\u1e0da) ist der Berg Meru und die Knochen sind die gro\u00dfe Bergen. Von I\u1e0d\u0101 (Energiekanal zur linke Seite der Wirbels\u00e4ule) wird gesagt, dass sie der Flu\u00df Ga\u1e45g\u0101 ist, von Pi\u1e45gal\u0101 (Energiekanal zur rechten Seite), dass er der Flu\u00df Yamun\u0101 ist, und von Su\u1e63umn\u0101 (Energiekanal in der Mitte), dass es der Flu\u00df Sarasvat\u012b ist.  Auch die \u00fcbrige Energiekan\u00e4le sind Fl\u00fc\u00dfe. Die sieben k\u00f6rperliche Einflu\u00dfbereiche (Chakras) sind die Inseln. Schwei\u00df, Speichel und so weiter sind ihre Wellen.&#8221; Zitat: Roots of Yoga<\/em><\/p>\n\n\n\n<p class=\"has-light-gray-background-color has-background\">Die Kundalini Yoga Seelenreise, so wie sie in diesem Blog dargestellt wird, basiert auf dem Buch <a href=\"https:\/\/smile.amazon.de\/dp\/3793424111\/ref=sr_1_1?keywords=seelenreise&amp;qid=1577392447&amp;sr=8-1\">&#8220;Kundalini Yoga als Seelenreise&#8221;<\/a> von Satya Singh (Ullstein\/Allegria, 2019). <\/p>\n\n\n\n<figure class=\"wp-block-image\"><img loading=\"lazy\" decoding=\"async\" width=\"531\" height=\"807\" src=\"https:\/\/kundalini-yoga-seelenreise.info\/wp-891e2-content\/uploads\/2019\/05\/Singh_kundaliniyoga.jpg\" alt=\"\" class=\"wp-image-20\" srcset=\"https:\/\/kundalini-yoga-seelenreise.info\/wp-891e2-content\/uploads\/2019\/05\/Singh_kundaliniyoga.jpg 531w, https:\/\/kundalini-yoga-seelenreise.info\/wp-891e2-content\/uploads\/2019\/05\/Singh_kundaliniyoga-197x300.jpg 197w\" sizes=\"auto, (max-width: 531px) 100vw, 531px\" \/><\/figure>\n\n\n\n<p class=\"has-dark-gray-color has-light-gray-background-color has-text-color has-background\">Die Seelenreise hat das Ziel, die Kundalini Energie allm\u00e4hlich aufsteigen zu lassen, eine innige Verbindung zu deiner Seele herzustellen und deine Wirbels\u00e4ule zu heilen. <\/p>\n\n\n\n<figure class=\"wp-block-image size-large\"><img loading=\"lazy\" decoding=\"async\" width=\"435\" height=\"266\" src=\"https:\/\/kundalini-yoga-seelenreise.info\/wp-891e2-content\/uploads\/2019\/12\/cow.jpg\" alt=\"\" class=\"wp-image-1932\" srcset=\"https:\/\/kundalini-yoga-seelenreise.info\/wp-891e2-content\/uploads\/2019\/12\/cow.jpg 435w, https:\/\/kundalini-yoga-seelenreise.info\/wp-891e2-content\/uploads\/2019\/12\/cow-300x183.jpg 300w\" sizes=\"auto, (max-width: 435px) 100vw, 435px\" \/><\/figure>\n\n\n\n<p class=\"has-light-gray-background-color has-background\">Es gibt zwei M\u00f6glichkeiten auf dieser Reise:<\/p>\n\n\n\n<h2 class=\"wp-block-heading\"> M\u00f6glichkeit 1: Die komplette Seelenreise <\/h2>\n\n\n\n<p class=\"has-light-gray-background-color has-background\"> Fange an, die \u00dcbungen zum Stei\u00dfbein zu praktizieren (\u201cYoga Rebirthing\u201d), dann die \u00dcbungen zum Kreuzbein (\u201cEnergie und Entspannung\u201d). Bringe so, Wirbel f\u00fcr Wirbel immer die betreffenden \u00dcbungen ausf\u00fchrend, die \u201cSlow Kundalini\u201d langsam die Wirbels\u00e4ule hoch bis zum vorletzten (Axis) und schlie\u00dflich bis zum obersten Wirbel (Atlas).<\/p>\n\n\n\n<h2 class=\"wp-block-heading\"> M\u00f6glichkeit 2: Einzelne Wirbel <\/h2>\n\n\n\n<p class=\"has-light-gray-background-color has-background\"> W\u00e4hle den Wirbel aus, den du heilen oder korrigieren m\u00f6chtest und praktiziere die \u00dcbungen dazu mit Hilfe des entsprechenden Videos und des Buchs.<\/p>\n\n\n\n<figure class=\"wp-block-image size-large\"><img loading=\"lazy\" decoding=\"async\" width=\"758\" height=\"869\" src=\"https:\/\/kundalini-yoga-seelenreise.info\/wp-891e2-content\/uploads\/2019\/12\/11.jpg\" alt=\"\" class=\"wp-image-1933\" srcset=\"https:\/\/kundalini-yoga-seelenreise.info\/wp-891e2-content\/uploads\/2019\/12\/11.jpg 758w, https:\/\/kundalini-yoga-seelenreise.info\/wp-891e2-content\/uploads\/2019\/12\/11-262x300.jpg 262w\" sizes=\"auto, (max-width: 758px) 100vw, 758px\" \/><\/figure>\n\n\n\n<h2 class=\"wp-block-heading\">40 Tage<\/h2>\n\n\n\n<p class=\"has-light-gray-background-color has-background\">F\u00fcr beide M\u00f6glichkeiten gilt die Regel, dass bei jedem Wirbel die entsprechende Kriya (eine \u00dcbungsfolge, die uns durch Yogi Bhajan, Meister des Kundalini Yoga, \u00fcberliefert wurde) 40 Tage lang t\u00e4glich ge\u00fcbt werden sollte.<\/p>\n\n\n\n<h2 class=\"wp-block-heading\"> Warum 40 Tage? <\/h2>\n\n\n\n<p class=\"has-light-gray-background-color has-background\">Im Kundalini Yoga gibt es die Vorstellung, dass der Mind (der Geist) in 40 Teile bzw. Aspekte aufgeteilt ist. <br>W\u00e4hrend eines Zyklus von 40 Tagen ist abwechselnd einer dieser Teile offen f\u00fcr eine Ver\u00e4nderung. <br><br>Machst du also eine Kriya 40 Tage lang und m\u00f6glichst ohne einen Tag auszusetzen, so pflanzt du dadurch die Energie dieser Kriya in jeden einzelnen Teil. <br>Nach 40 Tagen schlie\u00dft sich der Kreis, und die Wirkung der Kriya wird manifestiert. <br><br>Falls du wenig Zeit hast und einen oder mehrere Tage verpassen solltest, schw\u00e4cht das die Kraft dieser Manifestation. In solchen F\u00e4llen ist es besser, die \u00dcbungen der Kriya zeitlich zu k\u00fcrzen.<\/p>\n\n\n\n<figure class=\"wp-block-image size-large\"><img loading=\"lazy\" decoding=\"async\" width=\"577\" height=\"416\" src=\"https:\/\/kundalini-yoga-seelenreise.info\/wp-891e2-content\/uploads\/2019\/12\/schmetterling.jpg\" alt=\"\" class=\"wp-image-1934\" srcset=\"https:\/\/kundalini-yoga-seelenreise.info\/wp-891e2-content\/uploads\/2019\/12\/schmetterling.jpg 577w, https:\/\/kundalini-yoga-seelenreise.info\/wp-891e2-content\/uploads\/2019\/12\/schmetterling-300x216.jpg 300w\" sizes=\"auto, (max-width: 577px) 100vw, 577px\" \/><\/figure>\n\n\n\n<h2 class=\"wp-block-heading\">Einstimmung<\/h2>\n\n\n\n<p class=\"has-light-gray-background-color has-background\">Chante ONG NAMO GURU DEV NAMO, bevor du die\n\u00dcbungen anf\u00e4ngst (siehe Videos). Die H\u00e4nde sind dabei in Pranam- (Gebets-) Mudra\nvor die Brustmitte zusammen.<\/p>\n\n\n\n<h2 class=\"wp-block-heading\">Abschluss<\/h2>\n\n\n\n<p class=\"has-light-gray-background-color has-background\">Zum Schluss der \u00dcbungen,\nchante die traditionelle Segenswunsch:<br>\nMAY THE LONG TIME SUN SHINE UPON YOU&nbsp;<br>\nALL LOVE SURROUND YOU&nbsp;<br>\nAND THE PURE LIGHT WITHIN YOU&nbsp;<br>\nGUIDE YOUR WAY ON,&nbsp;<br>\nund SAT NAM, wieder mit den H\u00e4nden in Pranam-Mudra.<\/p>\n\n\n<div class=\"wp-block-quotes-collection-random-quote\" style=\"background-color:#24890d;color:#fff;text-align:left;\"\"><div class=\"quotescollection-quote-wrapper\" id=\"tf_quotescollection_1\"><blockquote class=\"quotescollection-quote\" style=\"background-color:#24890d;color:#fff;\"><p>WENN DER LEBENSATEM KURZ WIRD, WIRST DU REIZBAR UND UNGEDULDIG. WENN DER LEBENSATEM LANG WIRD, VERSTEHST DU, WER DU BIST.<\/p>\n<footer class=\"attribution\" style=\"text-align:right;\">&mdash;&nbsp;<cite class=\"author\">yogi bhajan<\/cite><\/footer><\/blockquote><script type=\"text\/javascript\">\nvar args_tf_quotescollection_1 = {\"instanceID\":\"tf_quotescollection_1\", \"currQuoteID\":30, \"showAuthor\":1, \"showSource\":0, \"tags\":\"R\", \"charLimit\":500, \"orderBy\":\"random\", \"ajaxRefresh\":1, \"autoRefresh\":10, \"dynamicFetch\":0, \"before\":\"&lt;blockquote class=\\&quot;quotescollection-quote\\&quot; style=\\&quot;background-color:#24890d;color:#fff;\\&quot;&gt;\", \"after\":\"&lt;\/blockquote&gt;\", \"beforeAttribution\":\"&lt;footer class=\\&quot;attribution\\&quot; style=\\&quot;text-align:right;\\&quot;&gt;&amp;mdash;&amp;nbsp;\", \"afterAttribution\":\"&lt;\/footer&gt;\", };quotescollectionTimer(args_tf_quotescollection_1);<\/script>\n<\/div><\/div>\n\n\n<h2 class=\"wp-block-heading\">Affirmation<\/h2>\n\n\n\n<p class=\"has-light-gray-background-color has-background\">Suche dir eine der Affirmationen aus,\ndie beim jeweiligen Wirbel aufgef\u00fchrt sind, so wie \u201eIch fange an\u201c oder \u201eIch \u00fcbe\nund sp\u00fcre\u201c. Wiederhole sie immer wieder, w\u00e4hrend du an den Wirbel arbeitest.\nDas wird die Kraft deines Geistes fokussieren.<\/p>\n\n\n\n<figure class=\"wp-block-image size-large\"><img loading=\"lazy\" decoding=\"async\" width=\"1024\" height=\"428\" src=\"https:\/\/kundalini-yoga-seelenreise.info\/wp-891e2-content\/uploads\/2019\/12\/12-1024x428.jpg\" alt=\"\" class=\"wp-image-1935\" srcset=\"https:\/\/kundalini-yoga-seelenreise.info\/wp-891e2-content\/uploads\/2019\/12\/12-1024x428.jpg 1024w, https:\/\/kundalini-yoga-seelenreise.info\/wp-891e2-content\/uploads\/2019\/12\/12-300x125.jpg 300w, https:\/\/kundalini-yoga-seelenreise.info\/wp-891e2-content\/uploads\/2019\/12\/12-768x321.jpg 768w, https:\/\/kundalini-yoga-seelenreise.info\/wp-891e2-content\/uploads\/2019\/12\/12.jpg 1104w\" sizes=\"auto, (max-width: 1024px) 100vw, 1024px\" \/><\/figure>\n\n\n\n<h2 class=\"wp-block-heading\">Entspannung<\/h2>\n\n\n\n<p class=\"has-light-gray-background-color has-background\">Lege dich zwischen Vorbereitungs\u00fcbungen\nund Kriya in die R\u00fcckenlage, die H\u00e4nde neben deinem K\u00f6rper, die Handfl\u00e4chen\nnach oben. Entspanne 26 ruhige Atemz\u00fcge lang.<\/p>\n\n\n\n<h2 class=\"wp-block-heading\">Mehr Basiswissen<\/h2>\n\n\n\n<p class=\"has-light-gray-background-color has-background\">Wenn du mehr Basiswissen haben m\u00f6chtest\n\u00fcber Kundalini Yoga ist \u201cDas Kundalini Yoga Handbuch f\u00fcr Gesundheit von K\u00f6rper,\nGeist und Seele\u201d von Satya Singh sehr gut geeignet.<\/p>\n\n\n\n<figure class=\"wp-block-image\"><img loading=\"lazy\" decoding=\"async\" width=\"531\" height=\"807\" src=\"https:\/\/kundalini-yoga-seelenreise.info\/wp-891e2-content\/uploads\/2019\/06\/kundalini_handbuch.jpg\" alt=\"\" class=\"wp-image-708\" srcset=\"https:\/\/kundalini-yoga-seelenreise.info\/wp-891e2-content\/uploads\/2019\/06\/kundalini_handbuch.jpg 531w, https:\/\/kundalini-yoga-seelenreise.info\/wp-891e2-content\/uploads\/2019\/06\/kundalini_handbuch-197x300.jpg 197w\" sizes=\"auto, (max-width: 531px) 100vw, 531px\" \/><\/figure>\n\n\n\n<hr class=\"wp-block-separator\"\/>\n","protected":false},"excerpt":{"rendered":"<p>&#8220;Die Wirbels\u00e4ule (v\u012b\u1e47\u0101da\u1e47\u1e0da) ist der Berg Meru und die Knochen sind die gro\u00dfe Bergen. Von I\u1e0d\u0101 (Energiekanal zur linke Seite der Wirbels\u00e4ule) wird gesagt, dass sie der Flu\u00df Ga\u1e45g\u0101 ist, von Pi\u1e45gal\u0101 (Energiekanal zur rechten Seite), dass er der Flu\u00df Yamun\u0101 ist, und von Su\u1e63umn\u0101 (Energiekanal in der Mitte), dass es der Flu\u00df Sarasvat\u012b ist. &hellip; <a href=\"https:\/\/kundalini-yoga-seelenreise.info\/?page_id=707\" class=\"more-link\"><span class=\"screen-reader-text\">Reisef\u00fchrer<\/span> weiterlesen <span class=\"meta-nav\">&rarr;<\/span><\/a><\/p>\n","protected":false},"author":1,"featured_media":0,"parent":0,"menu_order":20,"comment_status":"closed","ping_status":"closed","template":"","meta":{"footnotes":"","_links_to":"","_links_to_target":""},"class_list":["post-707","page","type-page","status-publish","hentry"],"yoast_head":"<!-- This site is optimized with the Yoast SEO plugin v19.10 - https:\/\/yoast.com\/wordpress\/plugins\/seo\/ -->\n<title>Reisef\u00fchrer - SEELENREISE-INSTITUT<\/title>\n<meta name=\"robots\" content=\"index, follow, max-snippet:-1, max-image-preview:large, max-video-preview:-1\" \/>\n<link rel=\"canonical\" href=\"https:\/\/kundalini-yoga-seelenreise.info\/?page_id=707\" \/>\n<meta property=\"og:locale\" content=\"de_DE\" \/>\n<meta property=\"og:type\" content=\"article\" \/>\n<meta property=\"og:title\" content=\"Reisef\u00fchrer - SEELENREISE-INSTITUT\" \/>\n<meta property=\"og:description\" content=\"&#8220;Die Wirbels\u00e4ule (v\u012b\u1e47\u0101da\u1e47\u1e0da) ist der Berg Meru und die Knochen sind die gro\u00dfe Bergen. Von I\u1e0d\u0101 (Energiekanal zur linke Seite der Wirbels\u00e4ule) wird gesagt, dass sie der Flu\u00df Ga\u1e45g\u0101 ist, von Pi\u1e45gal\u0101 (Energiekanal zur rechten Seite), dass er der Flu\u00df Yamun\u0101 ist, und von Su\u1e63umn\u0101 (Energiekanal in der Mitte), dass es der Flu\u00df Sarasvat\u012b ist. &hellip; Reisef\u00fchrer weiterlesen &rarr;\" \/>\n<meta property=\"og:url\" content=\"https:\/\/kundalini-yoga-seelenreise.info\/?page_id=707\" \/>\n<meta property=\"og:site_name\" content=\"SEELENREISE-INSTITUT\" \/>\n<meta property=\"article:modified_time\" content=\"2021-01-04T13:14:31+00:00\" \/>\n<meta property=\"og:image\" content=\"https:\/\/kundalini-yoga-seelenreise.info\/wp-891e2-content\/uploads\/2019\/05\/Singh_kundaliniyoga.jpg\" \/>\n<meta name=\"twitter:card\" content=\"summary_large_image\" \/>\n<meta name=\"twitter:label1\" content=\"Gesch\u00e4tzte Lesezeit\" \/>\n\t<meta name=\"twitter:data1\" content=\"3\u00a0Minuten\" \/>\n<script type=\"application\/ld+json\" class=\"yoast-schema-graph\">{\"@context\":\"https:\/\/schema.org\",\"@graph\":[{\"@type\":\"WebPage\",\"@id\":\"https:\/\/kundalini-yoga-seelenreise.info\/?page_id=707\",\"url\":\"https:\/\/kundalini-yoga-seelenreise.info\/?page_id=707\",\"name\":\"Reisef\u00fchrer - SEELENREISE-INSTITUT\",\"isPartOf\":{\"@id\":\"https:\/\/kundalini-yoga-seelenreise.info\/#website\"},\"datePublished\":\"2019-06-27T19:39:21+00:00\",\"dateModified\":\"2021-01-04T13:14:31+00:00\",\"breadcrumb\":{\"@id\":\"https:\/\/kundalini-yoga-seelenreise.info\/?page_id=707#breadcrumb\"},\"inLanguage\":\"de\",\"potentialAction\":[{\"@type\":\"ReadAction\",\"target\":[\"https:\/\/kundalini-yoga-seelenreise.info\/?page_id=707\"]}]},{\"@type\":\"BreadcrumbList\",\"@id\":\"https:\/\/kundalini-yoga-seelenreise.info\/?page_id=707#breadcrumb\",\"itemListElement\":[{\"@type\":\"ListItem\",\"position\":1,\"name\":\"Startseite\",\"item\":\"https:\/\/kundalini-yoga-seelenreise.info\/\"},{\"@type\":\"ListItem\",\"position\":2,\"name\":\"Reisef\u00fchrer\"}]},{\"@type\":\"WebSite\",\"@id\":\"https:\/\/kundalini-yoga-seelenreise.info\/#website\",\"url\":\"https:\/\/kundalini-yoga-seelenreise.info\/\",\"name\":\"SEELENREISE-INSTITUT\",\"description\":\"Jeden Tag: 1 x schwitzen, 1x lachen...\",\"potentialAction\":[{\"@type\":\"SearchAction\",\"target\":{\"@type\":\"EntryPoint\",\"urlTemplate\":\"https:\/\/kundalini-yoga-seelenreise.info\/?s={search_term_string}\"},\"query-input\":\"required name=search_term_string\"}],\"inLanguage\":\"de\"}]}<\/script>\n<!-- \/ Yoast SEO plugin. -->","yoast_head_json":{"title":"Reisef\u00fchrer - SEELENREISE-INSTITUT","robots":{"index":"index","follow":"follow","max-snippet":"max-snippet:-1","max-image-preview":"max-image-preview:large","max-video-preview":"max-video-preview:-1"},"canonical":"https:\/\/kundalini-yoga-seelenreise.info\/?page_id=707","og_locale":"de_DE","og_type":"article","og_title":"Reisef\u00fchrer - SEELENREISE-INSTITUT","og_description":"&#8220;Die Wirbels\u00e4ule (v\u012b\u1e47\u0101da\u1e47\u1e0da) ist der Berg Meru und die Knochen sind die gro\u00dfe Bergen. Von I\u1e0d\u0101 (Energiekanal zur linke Seite der Wirbels\u00e4ule) wird gesagt, dass sie der Flu\u00df Ga\u1e45g\u0101 ist, von Pi\u1e45gal\u0101 (Energiekanal zur rechten Seite), dass er der Flu\u00df Yamun\u0101 ist, und von Su\u1e63umn\u0101 (Energiekanal in der Mitte), dass es der Flu\u00df Sarasvat\u012b ist. &hellip; Reisef\u00fchrer weiterlesen &rarr;","og_url":"https:\/\/kundalini-yoga-seelenreise.info\/?page_id=707","og_site_name":"SEELENREISE-INSTITUT","article_modified_time":"2021-01-04T13:14:31+00:00","og_image":[{"url":"https:\/\/kundalini-yoga-seelenreise.info\/wp-891e2-content\/uploads\/2019\/05\/Singh_kundaliniyoga.jpg"}],"twitter_card":"summary_large_image","twitter_misc":{"Gesch\u00e4tzte Lesezeit":"3\u00a0Minuten"},"schema":{"@context":"https:\/\/schema.org","@graph":[{"@type":"WebPage","@id":"https:\/\/kundalini-yoga-seelenreise.info\/?page_id=707","url":"https:\/\/kundalini-yoga-seelenreise.info\/?page_id=707","name":"Reisef\u00fchrer - SEELENREISE-INSTITUT","isPartOf":{"@id":"https:\/\/kundalini-yoga-seelenreise.info\/#website"},"datePublished":"2019-06-27T19:39:21+00:00","dateModified":"2021-01-04T13:14:31+00:00","breadcrumb":{"@id":"https:\/\/kundalini-yoga-seelenreise.info\/?page_id=707#breadcrumb"},"inLanguage":"de","potentialAction":[{"@type":"ReadAction","target":["https:\/\/kundalini-yoga-seelenreise.info\/?page_id=707"]}]},{"@type":"BreadcrumbList","@id":"https:\/\/kundalini-yoga-seelenreise.info\/?page_id=707#breadcrumb","itemListElement":[{"@type":"ListItem","position":1,"name":"Startseite","item":"https:\/\/kundalini-yoga-seelenreise.info\/"},{"@type":"ListItem","position":2,"name":"Reisef\u00fchrer"}]},{"@type":"WebSite","@id":"https:\/\/kundalini-yoga-seelenreise.info\/#website","url":"https:\/\/kundalini-yoga-seelenreise.info\/","name":"SEELENREISE-INSTITUT","description":"Jeden Tag: 1 x schwitzen, 1x lachen...","potentialAction":[{"@type":"SearchAction","target":{"@type":"EntryPoint","urlTemplate":"https:\/\/kundalini-yoga-seelenreise.info\/?s={search_term_string}"},"query-input":"required name=search_term_string"}],"inLanguage":"de"}]}},"uagb_featured_image_src":{"full":false,"thumbnail":false,"medium":false,"medium_large":false,"large":false,"1536x1536":false,"2048x2048":false,"post-thumbnail":false,"twentyfourteen-full-width":false},"uagb_author_info":{"display_name":"Satya Singh","author_link":"https:\/\/kundalini-yoga-seelenreise.info\/?page_id=3405&#038;uid=1"},"uagb_comment_info":0,"uagb_excerpt":"&#8220;Die Wirbels\u00e4ule (v\u012b\u1e47\u0101da\u1e47\u1e0da) ist der Berg Meru und die Knochen sind die gro\u00dfe Bergen. Von I\u1e0d\u0101 (Energiekanal zur linke Seite der Wirbels\u00e4ule) wird gesagt, dass sie der Flu\u00df Ga\u1e45g\u0101 ist, von Pi\u1e45gal\u0101 (Energiekanal zur rechten Seite), dass er der Flu\u00df Yamun\u0101 ist, und von Su\u1e63umn\u0101 (Energiekanal in der Mitte), dass es der Flu\u00df Sarasvat\u012b ist.&hellip;","_links":{"self":[{"href":"https:\/\/kundalini-yoga-seelenreise.info\/index.php?rest_route=\/wp\/v2\/pages\/707","targetHints":{"allow":["GET"]}}],"collection":[{"href":"https:\/\/kundalini-yoga-seelenreise.info\/index.php?rest_route=\/wp\/v2\/pages"}],"about":[{"href":"https:\/\/kundalini-yoga-seelenreise.info\/index.php?rest_route=\/wp\/v2\/types\/page"}],"author":[{"embeddable":true,"href":"https:\/\/kundalini-yoga-seelenreise.info\/index.php?rest_route=\/wp\/v2\/users\/1"}],"replies":[{"embeddable":true,"href":"https:\/\/kundalini-yoga-seelenreise.info\/index.php?rest_route=%2Fwp%2Fv2%2Fcomments&post=707"}],"version-history":[{"count":34,"href":"https:\/\/kundalini-yoga-seelenreise.info\/index.php?rest_route=\/wp\/v2\/pages\/707\/revisions"}],"predecessor-version":[{"id":3071,"href":"https:\/\/kundalini-yoga-seelenreise.info\/index.php?rest_route=\/wp\/v2\/pages\/707\/revisions\/3071"}],"wp:attachment":[{"href":"https:\/\/kundalini-yoga-seelenreise.info\/index.php?rest_route=%2Fwp%2Fv2%2Fmedia&parent=707"}],"curies":[{"name":"wp","href":"https:\/\/api.w.org\/{rel}","templated":true}]}}