{"id":285,"date":"2019-05-20T22:22:22","date_gmt":"2019-05-20T21:22:22","guid":{"rendered":"http:\/\/kundalini-yoga-seelenreise.info\/?page_id=285"},"modified":"2022-02-13T08:50:09","modified_gmt":"2022-02-13T07:50:09","slug":"seelenstrasse","status":"publish","type":"page","link":"https:\/\/kundalini-yoga-seelenreise.info\/","title":{"rendered":"Eine innere Pilgerreise"},"content":{"rendered":"\n<p class=\"has-light-gray-background-color has-background\"><strong>Was ist mein Weg? Was ist meine Bestimmung? <\/strong><br><br>Antworten auf diesen Fragen kannst du in den psychosomatischen Netzwerken deiner R\u00fcckenwirbel finden.<br><\/p>\n\n\n\n<figure class=\"wp-block-image size-large\"><img loading=\"lazy\" decoding=\"async\" width=\"597\" height=\"308\" src=\"https:\/\/kundalini-yoga-seelenreise.info\/wp-891e2-content\/uploads\/2019\/12\/gretsch.jpg\" alt=\"\" class=\"wp-image-2008\" srcset=\"https:\/\/kundalini-yoga-seelenreise.info\/wp-891e2-content\/uploads\/2019\/12\/gretsch.jpg 597w, https:\/\/kundalini-yoga-seelenreise.info\/wp-891e2-content\/uploads\/2019\/12\/gretsch-300x155.jpg 300w\" sizes=\"auto, (max-width: 597px) 100vw, 597px\" \/><\/figure>\n\n\n\n<p class=\"has-light-gray-background-color has-background\"><br>In diesen Netzwerken von Wirbeln, Organen, Muskeln, Nerven und Chakras zeigen sich in den genetischen, epigenetischen und j\u00fcngeren Verletzungen die Selbstheilungs-Aufgaben, die du in diesem Leben auf dich genommen hast. <br><br>Diese k\u00f6rperlichen, psychischen und spirituellen Aufgaben m\u00fcssen Wirbel f\u00fcr Wirbel erkannt und erf\u00fcllt werden, damit die langsame Seelenreise deiner &#8220;Slow Kundalini&#8221; durch die Wirbels\u00e4ule auf ihrem Weg zur Erleuchtung fortschreiten kann. <br><br>Dabei k\u00f6nnen dir bestimmte Kriyas aus dem Kundalini Yoga nach Yogi Bhajan helfen, die du als Videos in diesem Blog und ausf\u00fchrlicher beschrieben in dem Buch <a href=\"https:\/\/smile.amazon.de\/dp\/3793424111\/ref=sr_1_1?keywords=seelenreise&amp;qid=1577392447&amp;sr=8-1\">&#8220;Kundalini Yoga als Seelenreise&#8221; <\/a>findest.<br><br>Beginne  deine Seelenreise jetzt,  <a href=\"https:\/\/kundalini-yoga-seelenreise.info\/?page_id=2424\">registriere dich<\/a> oder <a href=\"https:\/\/kundalini-yoga-seelenreise.info\/?page_id=311\">login<\/a>, damit wir Kontakt halten k\u00f6nnen &#8230; und  gib uns gerne Feedback, wie es Dir geht!<\/p>\n\n\n<div class=\"wp-block-quotes-collection-random-quote\" style=\"background-color:#24890d;color:#fff;text-align:left;\"\"><div class=\"quotescollection-quote-wrapper\" id=\"tf_quotescollection_1\"><blockquote class=\"quotescollection-quote\" style=\"background-color:#24890d;color:#fff;\"><p>YOGA SCHENKT DIR LEBENSFREUDE\u2026 DIESE FREUDE FINDEST DU WEDER IN DEINEN SPIELEN NOCH IN DEINER BER\u00dcHMTHEIT ODER IN DEINEM NAMEN. NUR IN DEM LICHT IN DIR. ES GILT, DIESEN SPIRIT IN DIR ZU ERFAHREN\u2026<\/p>\n<footer class=\"attribution\" style=\"text-align:right;\">&mdash;&nbsp;<cite class=\"author\">yogi bhajan<\/cite><\/footer><\/blockquote><script type=\"text\/javascript\">\nvar args_tf_quotescollection_1 = {\"instanceID\":\"tf_quotescollection_1\", \"currQuoteID\":11, \"showAuthor\":1, \"showSource\":0, \"tags\":\"P\", \"charLimit\":1100, \"orderBy\":\"random\", \"ajaxRefresh\":1, \"autoRefresh\":10, \"dynamicFetch\":0, \"before\":\"&lt;blockquote class=\\&quot;quotescollection-quote\\&quot; style=\\&quot;background-color:#24890d;color:#fff;\\&quot;&gt;\", \"after\":\"&lt;\/blockquote&gt;\", \"beforeAttribution\":\"&lt;footer class=\\&quot;attribution\\&quot; style=\\&quot;text-align:right;\\&quot;&gt;&amp;mdash;&amp;nbsp;\", \"afterAttribution\":\"&lt;\/footer&gt;\", };quotescollectionTimer(args_tf_quotescollection_1);<\/script>\n<\/div><\/div>\n\n\n<h2 class=\"wp-block-heading\" id=\"die-seiten-zur-seelenreise\">Die Seiten zur Seelenreise<\/h2>\n\n\n\n<p class=\"has-light-gray-background-color has-text-color has-background\" style=\"color:#001fa3\">\u2600\ufe0f<a href=\"https:\/\/kundalini-yoga-seelenreise.info\/?page_id=707\"> REISEF\u00dcHRER<\/a><br>\u2600\ufe0f <a href=\"https:\/\/kundalini-yoga-seelenreise.info\/?page_id=760\">TRAINING<\/a><br>\u2600\ufe0f <a href=\"https:\/\/kundalini-yoga-seelenreise.info\/?page_id=1548\">HEALING<\/a><br>\u2600\ufe0f <a href=\"https:\/\/kundalini-yoga-seelenreise.info\/?page_id=56\">S. 1: \u00bbIch fange an\u00ab <\/a><br> \u2600\ufe0f <a href=\"https:\/\/kundalini-yoga-seelenreise.info\/?page_id=215\">S. 2: \u00bbIch habe Kraft\u00ab<\/a> <br> \u2600\ufe0f <a href=\"https:\/\/kundalini-yoga-seelenreise.info\/?page_id=121\">S. 3: \u00bbIch bin auf einem guten Weg\u00ab<\/a> <br> \u2600\ufe0f <a href=\"https:\/\/kundalini-yoga-seelenreise.info\/?page_id=123\">S. 4: \u00bbIch habe Geduld\u00ab <\/a> <br> \u2600\ufe0f <a href=\"https:\/\/kundalini-yoga-seelenreise.info\/?page_id=125\">S. 5: \u00bbIch \u00fcbe und sp\u00fcre<\/a><a href=\"https:\/\/kundalini-yoga-seelenreise.info\/?page_id=123\">\u00ab<\/a> <br> \u2600\ufe0f <a href=\"https:\/\/kundalini-yoga-seelenreise.info\/?page_id=127\">S. 6: \u00bbIch bleibe dran\u00ab<\/a> <br> \u2600\ufe0f <a href=\"https:\/\/kundalini-yoga-seelenreise.info\/?page_id=129\">S. 7: \u00bbIch ruhe in meiner Mitte\u00ab <\/a> <br> \u2600\ufe0f <a href=\"https:\/\/kundalini-yoga-seelenreise.info\/?page_id=131\">S. 8: \u00bbIch \u00fcbernehme Verantwortung\u00ab<\/a>   <br> \u2600\ufe0f <a href=\"https:\/\/kundalini-yoga-seelenreise.info\/?page_id=133\">S. 9: \u00bbIch habe gute Weggef\u00e4hrten\u00ab<\/a>&nbsp;   <br> \u2600\ufe0f <a href=\"https:\/\/kundalini-yoga-seelenreise.info\/?page_id=135\">S. 10: \u00bbIch empfinde selbstlose Liebe\u00ab <\/a> <br> \u2600\ufe0f <a href=\"https:\/\/kundalini-yoga-seelenreise.info\/?page_id=137\">S. 11: \u00bbIch liebe Kinder\u00ab <\/a> <br> \u2600\ufe0f <a href=\"https:\/\/kundalini-yoga-seelenreise.info\/?page_id=139\">S. 12: \u00bbIch sch\u00fctze mein Herz\u00ab<\/a>  <br> \u2600\ufe0f <a href=\"https:\/\/kundalini-yoga-seelenreise.info\/?page_id=141\">S. 13: \u00bbIch bleibe auf dem Weg\u00ab<\/a>  <br> \u2600\ufe0f <a href=\"https:\/\/kundalini-yoga-seelenreise.info\/?page_id=143\">S. 14: \u00bbIch liebe belebendes Essen\u00ab<\/a>&nbsp;  <br> \u2600\ufe0f <a href=\"https:\/\/kundalini-yoga-seelenreise.info\/?page_id=146\">S. 15: \u00bbIch bin Teil des neuen Zeitalters\u00ab <\/a> <br> \u2600\ufe0f <a href=\"https:\/\/kundalini-yoga-seelenreise.info\/?page_id=148\">S. 16: \u00bbGott und ich sind eins\u00ab&nbsp; <\/a> <br> \u2600\ufe0f <a href=\"https:\/\/kundalini-yoga-seelenreise.info\/?page_id=150\">S. 17: \u00bbIch kommuniziere bewusst\u00ab<\/a> <br> \u2600\ufe0f <a href=\"https:\/\/kundalini-yoga-seelenreise.info\/?page_id=152\">S. 18: \u00bbMeine Seele ist unsterblich\u00ab<\/a> <br> \u2600\ufe0f <a href=\"https:\/\/kundalini-yoga-seelenreise.info\/?page_id=154\">S. 19: \u00bbIch kann loslassen\u00ab <\/a> <br> \u2600\ufe0f <a href=\"https:\/\/kundalini-yoga-seelenreise.info\/?page_id=156\">S. 20: \u00bbIch spreche mit meiner Seele\u00ab <\/a> <br> \u2600\ufe0f <a href=\"https:\/\/kundalini-yoga-seelenreise.info\/?page_id=158\">S. 21: \u00bbIch erschaffe mein Universum\u00ab<\/a>  <br> \u2600\ufe0f <a href=\"https:\/\/kundalini-yoga-seelenreise.info\/?page_id=160\">S. 22: \u00bbIch segne mich selbst\u00ab <\/a> <br> \u2600\ufe0f <a href=\"https:\/\/kundalini-yoga-seelenreise.info\/?page_id=162\">S. 23: \u00bbIch mag es, alt zu werden\u00ab <\/a> <br> \u2600\ufe0f <a href=\"https:\/\/kundalini-yoga-seelenreise.info\/?page_id=164\">S. 24: \u00bbIch kenne mein Karma\u00ab <\/a> <br> \u2600\ufe0f <a href=\"https:\/\/kundalini-yoga-seelenreise.info\/?page_id=166\">S. 25: \u00bbIch bin Teil der Goldenen Kette\u00ab<\/a>&nbsp;  <br> \u2600\ufe0f <a href=\"https:\/\/kundalini-yoga-seelenreise.info\/?page_id=168\">S. 26: \u00bbIch bin vollkommen gl\u00fccklich\u00ab<\/a>   <\/p>\n\n\n\n<figure class=\"wp-block-embed is-type-video is-provider-youtube wp-block-embed-youtube wp-embed-aspect-16-9 wp-has-aspect-ratio\"><div class=\"wp-block-embed__wrapper\">\n<iframe loading=\"lazy\" title=\"Kundalini Yoga Seelenreise TRAILER\" width=\"474\" height=\"267\" src=\"https:\/\/www.youtube.com\/embed\/o1fTPMWTSgI?feature=oembed\" frameborder=\"0\" allow=\"accelerometer; autoplay; clipboard-write; encrypted-media; gyroscope; picture-in-picture; web-share\" referrerpolicy=\"strict-origin-when-cross-origin\" allowfullscreen><\/iframe>\n<\/div><figcaption>Kurze Erkl\u00e4rung zum Inhalt des Buches &#8220;Kundalini Yoga als Seelenreise&#8221; von Satya Singh und Beschreibung der M\u00f6glichkeiten an der Seelenreise teilzunehmen (6 Minuten)<\/figcaption><\/figure>\n\n\n\n<h2 class=\"wp-block-heading\" id=\"kundalini-yoga-zum-mitmachen\">Kundalini Yoga zum Mitmachen<\/h2>\n\n\n\n<p class=\"has-light-gray-background-color has-background\"> Basierend auf dem Buch <a href=\"https:\/\/smile.amazon.de\/dp\/3793424111\/ref=sr_1_3?crid=20V9GF8FA7MF9&amp;keywords=kundalini+yoga+als+seelenreise+-+satya+singh&amp;qid=1576124440&amp;sprefix=%2Caps%2C170&amp;sr=8-3\">&#8220;Kundalini Yoga als Seelenreise&#8221;<\/a> von Satya Singh, gibt es auf dieser Webseite 26 kurze \u00dcbungsvideos. <br><br>Sie zeigen, wie die  Wirbel-Netzwerke mit Hilfe von Kundalini Yoga auf die Reise deiner Kundalini vorbereitet werden k\u00f6nnen. <br><br>Die Seelenreise, die dann entsteht, f\u00f6rdert deine pers\u00f6nliche Entwicklung und kann au\u00dferdem Schmerzen in die Wirbels\u00e4ule aufl\u00f6sen. <br><br>VIDEO Wirbel 1: <a href=\"https:\/\/youtu.be\/CGBGpIPWUpc\">Yoga-Rebirthing<\/a><br>VIDEO Wirbel 2: <a href=\"https:\/\/youtu.be\/kaZQnqjxcCc\">Energie und Entspannung<\/a><br> VIDEO Wirbel 3: <a href=\"https:\/\/youtu.be\/03nRRkI71Aw\">Der Weg des Herzens<\/a><br>VIDEO Wirbel 4: <a href=\"https:\/\/youtu.be\/K6UQppE-odE\">F\u00fcr das Gleichgewicht<\/a><br>VIDEO Wirbel 5: <a href=\"https:\/\/youtu.be\/shZ4T8GiKZQ\">Hirnanhangdr\u00fcse &amp; Wahrnehmung<\/a><br>VIDEO Wirbel 6: <a href=\"https:\/\/youtu.be\/y67ROtaa4ZE\">Tratakam-Prozess&nbsp; <\/a><br>VIDEO Wirbel 7:<a href=\"https:\/\/youtu.be\/UjQYNp49-JA\"> Kampfgeist<\/a><br>VIDEO Wirbel 8: <a href=\"https:\/\/youtu.be\/IuBZihR0jVU\">F\u00e4uste der Wut<\/a><br>VIDEO Wirbel 9: <a href=\"https:\/\/youtu.be\/Hyi5NuHEoMg\">G\u00f6ttlicher Partner<\/a><br>VIDEO Wirbel 10: <a href=\"https:\/\/youtu.be\/GEQuDIeakpo\">Der Wunderbogen<\/a><br>VIDEO Wirbel 11: <a href=\"https:\/\/youtu.be\/q_z4zcvogvY\">F\u00fcr Gruppenbewusstsein<\/a><br>VIDEO Wirbel 12:  <a href=\"https:\/\/kundalini-yoga-seelenreise.info\/?page_id=141\">\u00bb<\/a><a href=\"https:\/\/youtu.be\/L9x6VgUPn9M\">Bogensch\u00fctze<\/a><a href=\"https:\/\/kundalini-yoga-seelenreise.info\/?page_id=141\">\u00ab<\/a> <br>VIDEO Wirbel 13: <a href=\"https:\/\/youtu.be\/01HMQfhskoE\">Deine wahre Identit\u00e4t<\/a><br>VIDEO Wirbel 14: <a href=\"https:\/\/youtu.be\/LnwjGpMm3r8\">Gegen zwanghaftes Essen<\/a><br>VIDEO Wirbel 15: <a href=\"https:\/\/youtu.be\/gt1gq8cbQ1k\">Klarheit im Wassermann-Zeitalter<\/a><br>VIDEO Wirbel 16: <a href=\"https:\/\/youtu.be\/BahdNh0ZqLo\">Sitzende Verneigungen<\/a><br>VIDEO Wirbel 17: <a href=\"https:\/\/youtu.be\/laN4AJyavIs\">Intuitives Sprechen\u00ab&nbsp; <\/a><br>VIDEO Wirbel 18: <a href=\"https:\/\/youtu.be\/nWPzT9-h3vw\">Den Lebens-Ozean \u00fcberqueren<\/a><br>VIDEO Wirbel 19: <a href=\"https:\/\/youtu.be\/ZKdxpaTabfA\">Verarbeitung unterbewusster Inhalte<\/a><br>VIDEO Wirbel 20: <a href=\"https:\/\/youtu.be\/YfzDWF5xJag\">Beten lernen<\/a><br>VIDEO Wirbel 21: <a href=\"https:\/\/youtu.be\/Wemq9aXynAw\">Der kosmische Teddyb\u00e4r<\/a><br>VIDEO Wirbel 22: <a href=\"https:\/\/youtu.be\/k69Ox4eFUS4\">Sich selbst segnen<\/a><br>VIDEO Wirbel 23: <a href=\"https:\/\/youtu.be\/CHSMZ_Bm0Q4\">Jung bleiben<\/a><br>VIDEO Wirbel 24: <a href=\"https:\/\/youtu.be\/BkkSz6WpIro\">Karma-Reinigung<\/a><br>VIDEO Wirbel 25: <a href=\"https:\/\/youtu.be\/JsI_Dka_cNo\">Gruppensolidarit\u00e4t<\/a><br> VIDEO Wirbel 26: <a href=\"https:\/\/youtu.be\/tjiloVkV4jI\">Sodarshan Chakra Kriya<\/a><\/p>\n\n\n\n<figure class=\"wp-block-image size-large\"><img loading=\"lazy\" decoding=\"async\" width=\"1276\" height=\"897\" src=\"https:\/\/kundalini-yoga-seelenreise.info\/wp-891e2-content\/uploads\/2019\/12\/20-1024x720.jpg\" alt=\"\" class=\"wp-image-2007\" srcset=\"https:\/\/kundalini-yoga-seelenreise.info\/wp-891e2-content\/uploads\/2019\/12\/20-1024x720.jpg 1024w, https:\/\/kundalini-yoga-seelenreise.info\/wp-891e2-content\/uploads\/2019\/12\/20-300x211.jpg 300w, https:\/\/kundalini-yoga-seelenreise.info\/wp-891e2-content\/uploads\/2019\/12\/20-768x540.jpg 768w, https:\/\/kundalini-yoga-seelenreise.info\/wp-891e2-content\/uploads\/2019\/12\/20.jpg 1276w\" sizes=\"auto, (max-width: 1276px) 100vw, 1276px\" \/><\/figure>\n\n\n\n<h2 class=\"wp-block-heading\" id=\"40-tage\">40 Tage<\/h2>\n\n\n\n<p class=\"has-light-gray-background-color has-background\">Ob du nur einen einzelnen Wirbel, oder alle Wirbel vom Stei\u00dfbein bis zum Atlas bearbeiten m\u00f6chtest, es ist sehr empfehlenswert, die \u00dcbungen pro Wirbel 40 Tage lang zu machen, weil die Transformation dann besser \u201csitzen\u201d bleibt. <br><br>Eine komplette Seelenreise besteht darin, alle 26 \u00dcbungsreihen (Kriyas) nacheinander in 26\u00d740=1040 Tagen durchzuf\u00fchren. <br><br>Denke aber daran: Bei k\u00f6rperlichen oder psychischen Problemen frage bitte vorher deinen Arzt.&nbsp;<\/p>\n\n\n\n<h2 class=\"wp-block-heading\" id=\"beitrage\">Beitr\u00e4ge<\/h2>\n\n\n<ul class=\"display-posts-listing\"><li class=\"listing-item\"><a class=\"title\" href=\"https:\/\/kundalini-yoga-seelenreise.info\/?p=1364\">Voller Abenteuerlust<\/a> <span class=\"excerpt-dash\">-<\/span> <span class=\"excerpt\">Der Weg ist das Ziel. Voller Abenteuerlust und mit geputzten Wanderschuhen (Ishnaan) begab ich mich heute auf die Seelenreise. Auf mancher Etappe werden sich Hindernisse (Termine, Krankheit) auf dem Weg t\u00fcrmen und die &#8220;estimated time of arrival&#8221; verz\u00f6gern. Das Ziel kann ich schon in weiter Ferne erkennen und mit jedem Schritt komme ich dem G\u00f6ttlichen &hellip; <a href=\"https:\/\/kundalini-yoga-seelenreise.info\/?p=1364\" class=\"more-link\"><span class=\"screen-reader-text\">Voller Abenteuerlust<\/span> weiterlesen <span class=\"meta-nav\">&rarr;<\/span><\/a><\/span><\/li><li class=\"listing-item\"><a class=\"title\" href=\"https:\/\/kundalini-yoga-seelenreise.info\/?p=511\">Seit gestern<\/a> <span class=\"excerpt-dash\">-<\/span> <span class=\"excerpt\">Sat nam, seit gestern bin ich mit Euch auf Seelenreise und f\u00fchle mich schon jetzt aufgehoben. Zuerst habe ich mir die Berichte zum Buch durchgelesen und mir \u00fcberlegt, was so auf mich zukommt. 26 x 40-Tagereisen? Ja, aber eigentlich genau das, was ich m\u00f6chte: eine st\u00e4ndige yogische Begleitung. Nach dem Lesen der Kommentare, &#8220;musste&#8221; ich &hellip; <a href=\"https:\/\/kundalini-yoga-seelenreise.info\/?p=511\" class=\"more-link\"><span class=\"screen-reader-text\">Seit gestern<\/span> weiterlesen <span class=\"meta-nav\">&rarr;<\/span><\/a><\/span><\/li><li class=\"listing-item\"><a class=\"title\" href=\"https:\/\/kundalini-yoga-seelenreise.info\/?p=563\">Lass dir Zeit<\/a> <span class=\"excerpt-dash\">-<\/span> <span class=\"excerpt\">Nachdem ich in das Buch reingeschaut hatte, mich total auf die Seelenreise mit euch allen zusammen freute und mir \u00fcberlegte, ob ich nicht doch jetzt sofort einsteigen soll und die Sodarshan Kriya gleichzeitig zuende machen, bekam ich einen Hexenschuss ins Kreuzbein. Daraus ziehe ich 2 Lehren: 1. mach unbedingt die Seelenreise konsequent mit 2. lass &hellip; <a href=\"https:\/\/kundalini-yoga-seelenreise.info\/?p=563\" class=\"more-link\"><span class=\"screen-reader-text\">Lass dir Zeit<\/span> weiterlesen <span class=\"meta-nav\">&rarr;<\/span><\/a><\/span><\/li><li class=\"listing-item\"><a class=\"title\" href=\"https:\/\/kundalini-yoga-seelenreise.info\/?p=570\">Seelenreise&#8230;<\/a> <span class=\"excerpt-dash\">-<\/span> <span class=\"excerpt\">in dieser wunderbar inspirierenden Gemeinschaft&#8230;welch sch\u00f6ne Idee!! Vielen Dank, lieber Satya Singh, ich freue mich und beginne jetzt ?Sat Nam &amp; Wahe Guru<\/span><\/li><\/ul>\n\n\n\n<figure class=\"wp-block-image size-large\"><img loading=\"lazy\" decoding=\"async\" width=\"376\" height=\"555\" src=\"https:\/\/kundalini-yoga-seelenreise.info\/wp-891e2-content\/uploads\/2019\/12\/9.jpg\" alt=\"\" class=\"wp-image-2021\" srcset=\"https:\/\/kundalini-yoga-seelenreise.info\/wp-891e2-content\/uploads\/2019\/12\/9.jpg 376w, https:\/\/kundalini-yoga-seelenreise.info\/wp-891e2-content\/uploads\/2019\/12\/9-203x300.jpg 203w\" sizes=\"auto, (max-width: 376px) 100vw, 376px\" \/><\/figure>\n\n\n\n<p><\/p>\n","protected":false},"excerpt":{"rendered":"<p>Was ist mein Weg? Was ist meine Bestimmung? Antworten auf diesen Fragen kannst du in den psychosomatischen Netzwerken deiner R\u00fcckenwirbel finden. In diesen Netzwerken von Wirbeln, Organen, Muskeln, Nerven und Chakras zeigen sich in den genetischen, epigenetischen und j\u00fcngeren Verletzungen die Selbstheilungs-Aufgaben, die du in diesem Leben auf dich genommen hast. Diese k\u00f6rperlichen, psychischen und &hellip; <a href=\"https:\/\/kundalini-yoga-seelenreise.info\/?p=570\" class=\"more-link\"><span class=\"screen-reader-text\">Seelenreise&#8230;<\/span> weiterlesen <span class=\"meta-nav\">&rarr;<\/span><\/a><\/p>\n","protected":false},"author":1,"featured_media":0,"parent":0,"menu_order":10,"comment_status":"closed","ping_status":"closed","template":"","meta":{"footnotes":"","_links_to":"","_links_to_target":""},"class_list":["post-285","page","type-page","status-publish","hentry"],"yoast_head":"<!-- This site is optimized with the Yoast SEO plugin v19.10 - https:\/\/yoast.com\/wordpress\/plugins\/seo\/ -->\n<title>Eine innere Pilgerreise - SEELENREISE-INSTITUT<\/title>\n<meta name=\"robots\" content=\"index, follow, max-snippet:-1, max-image-preview:large, max-video-preview:-1\" \/>\n<link rel=\"canonical\" href=\"https:\/\/kundalini-yoga-seelenreise.info\/\" \/>\n<meta property=\"og:locale\" content=\"de_DE\" \/>\n<meta property=\"og:type\" content=\"article\" \/>\n<meta property=\"og:title\" content=\"Eine innere Pilgerreise - SEELENREISE-INSTITUT\" \/>\n<meta property=\"og:description\" content=\"Was ist mein Weg? Was ist meine Bestimmung? Antworten auf diesen Fragen kannst du in den psychosomatischen Netzwerken deiner R\u00fcckenwirbel finden. In diesen Netzwerken von Wirbeln, Organen, Muskeln, Nerven und Chakras zeigen sich in den genetischen, epigenetischen und j\u00fcngeren Verletzungen die Selbstheilungs-Aufgaben, die du in diesem Leben auf dich genommen hast. Diese k\u00f6rperlichen, psychischen und &hellip; Seelenreise&#8230; weiterlesen &rarr;\" \/>\n<meta property=\"og:url\" content=\"https:\/\/kundalini-yoga-seelenreise.info\/\" \/>\n<meta property=\"og:site_name\" content=\"SEELENREISE-INSTITUT\" \/>\n<meta property=\"article:modified_time\" content=\"2022-02-13T07:50:09+00:00\" \/>\n<meta property=\"og:image\" content=\"https:\/\/kundalini-yoga-seelenreise.info\/wp-891e2-content\/uploads\/2019\/12\/gretsch.jpg\" \/>\n<meta name=\"twitter:card\" content=\"summary_large_image\" \/>\n<meta name=\"twitter:label1\" content=\"Gesch\u00e4tzte Lesezeit\" \/>\n\t<meta name=\"twitter:data1\" content=\"5\u00a0Minuten\" \/>\n<script type=\"application\/ld+json\" class=\"yoast-schema-graph\">{\"@context\":\"https:\/\/schema.org\",\"@graph\":[{\"@type\":\"WebPage\",\"@id\":\"https:\/\/kundalini-yoga-seelenreise.info\/\",\"url\":\"https:\/\/kundalini-yoga-seelenreise.info\/\",\"name\":\"Eine innere Pilgerreise - SEELENREISE-INSTITUT\",\"isPartOf\":{\"@id\":\"https:\/\/kundalini-yoga-seelenreise.info\/#website\"},\"datePublished\":\"2019-05-20T21:22:22+00:00\",\"dateModified\":\"2022-02-13T07:50:09+00:00\",\"breadcrumb\":{\"@id\":\"https:\/\/kundalini-yoga-seelenreise.info\/#breadcrumb\"},\"inLanguage\":\"de\",\"potentialAction\":[{\"@type\":\"ReadAction\",\"target\":[\"https:\/\/kundalini-yoga-seelenreise.info\/\"]}]},{\"@type\":\"BreadcrumbList\",\"@id\":\"https:\/\/kundalini-yoga-seelenreise.info\/#breadcrumb\",\"itemListElement\":[{\"@type\":\"ListItem\",\"position\":1,\"name\":\"Startseite\",\"item\":\"https:\/\/kundalini-yoga-seelenreise.info\/\"},{\"@type\":\"ListItem\",\"position\":2,\"name\":\"Eine innere Pilgerreise\"}]},{\"@type\":\"WebSite\",\"@id\":\"https:\/\/kundalini-yoga-seelenreise.info\/#website\",\"url\":\"https:\/\/kundalini-yoga-seelenreise.info\/\",\"name\":\"SEELENREISE-INSTITUT\",\"description\":\"Jeden Tag: 1 x schwitzen, 1x lachen...\",\"potentialAction\":[{\"@type\":\"SearchAction\",\"target\":{\"@type\":\"EntryPoint\",\"urlTemplate\":\"https:\/\/kundalini-yoga-seelenreise.info\/?s={search_term_string}\"},\"query-input\":\"required name=search_term_string\"}],\"inLanguage\":\"de\"}]}<\/script>\n<!-- \/ Yoast SEO plugin. -->","yoast_head_json":{"title":"Eine innere Pilgerreise - SEELENREISE-INSTITUT","robots":{"index":"index","follow":"follow","max-snippet":"max-snippet:-1","max-image-preview":"max-image-preview:large","max-video-preview":"max-video-preview:-1"},"canonical":"https:\/\/kundalini-yoga-seelenreise.info\/","og_locale":"de_DE","og_type":"article","og_title":"Eine innere Pilgerreise - SEELENREISE-INSTITUT","og_description":"Was ist mein Weg? Was ist meine Bestimmung? Antworten auf diesen Fragen kannst du in den psychosomatischen Netzwerken deiner R\u00fcckenwirbel finden. In diesen Netzwerken von Wirbeln, Organen, Muskeln, Nerven und Chakras zeigen sich in den genetischen, epigenetischen und j\u00fcngeren Verletzungen die Selbstheilungs-Aufgaben, die du in diesem Leben auf dich genommen hast. Diese k\u00f6rperlichen, psychischen und &hellip; Seelenreise&#8230; weiterlesen &rarr;","og_url":"https:\/\/kundalini-yoga-seelenreise.info\/","og_site_name":"SEELENREISE-INSTITUT","article_modified_time":"2022-02-13T07:50:09+00:00","og_image":[{"url":"https:\/\/kundalini-yoga-seelenreise.info\/wp-891e2-content\/uploads\/2019\/12\/gretsch.jpg"}],"twitter_card":"summary_large_image","twitter_misc":{"Gesch\u00e4tzte Lesezeit":"5\u00a0Minuten"},"schema":{"@context":"https:\/\/schema.org","@graph":[{"@type":"WebPage","@id":"https:\/\/kundalini-yoga-seelenreise.info\/","url":"https:\/\/kundalini-yoga-seelenreise.info\/","name":"Eine innere Pilgerreise - SEELENREISE-INSTITUT","isPartOf":{"@id":"https:\/\/kundalini-yoga-seelenreise.info\/#website"},"datePublished":"2019-05-20T21:22:22+00:00","dateModified":"2022-02-13T07:50:09+00:00","breadcrumb":{"@id":"https:\/\/kundalini-yoga-seelenreise.info\/#breadcrumb"},"inLanguage":"de","potentialAction":[{"@type":"ReadAction","target":["https:\/\/kundalini-yoga-seelenreise.info\/"]}]},{"@type":"BreadcrumbList","@id":"https:\/\/kundalini-yoga-seelenreise.info\/#breadcrumb","itemListElement":[{"@type":"ListItem","position":1,"name":"Startseite","item":"https:\/\/kundalini-yoga-seelenreise.info\/"},{"@type":"ListItem","position":2,"name":"Eine innere Pilgerreise"}]},{"@type":"WebSite","@id":"https:\/\/kundalini-yoga-seelenreise.info\/#website","url":"https:\/\/kundalini-yoga-seelenreise.info\/","name":"SEELENREISE-INSTITUT","description":"Jeden Tag: 1 x schwitzen, 1x lachen...","potentialAction":[{"@type":"SearchAction","target":{"@type":"EntryPoint","urlTemplate":"https:\/\/kundalini-yoga-seelenreise.info\/?s={search_term_string}"},"query-input":"required name=search_term_string"}],"inLanguage":"de"}]}},"uagb_featured_image_src":{"full":false,"thumbnail":false,"medium":false,"medium_large":false,"large":false,"1536x1536":false,"2048x2048":false,"post-thumbnail":false,"twentyfourteen-full-width":false},"uagb_author_info":{"display_name":"Satya Singh","author_link":"https:\/\/kundalini-yoga-seelenreise.info\/?page_id=3405&#038;uid=1"},"uagb_comment_info":0,"uagb_excerpt":"Was ist mein Weg? Was ist meine Bestimmung? Antworten auf diesen Fragen kannst du in den psychosomatischen Netzwerken deiner R\u00fcckenwirbel finden. In diesen Netzwerken von Wirbeln, Organen, Muskeln, Nerven und Chakras zeigen sich in den genetischen, epigenetischen und j\u00fcngeren Verletzungen die Selbstheilungs-Aufgaben, die du in diesem Leben auf dich genommen hast. Diese k\u00f6rperlichen, psychischen und&hellip;","_links":{"self":[{"href":"https:\/\/kundalini-yoga-seelenreise.info\/index.php?rest_route=\/wp\/v2\/pages\/285","targetHints":{"allow":["GET"]}}],"collection":[{"href":"https:\/\/kundalini-yoga-seelenreise.info\/index.php?rest_route=\/wp\/v2\/pages"}],"about":[{"href":"https:\/\/kundalini-yoga-seelenreise.info\/index.php?rest_route=\/wp\/v2\/types\/page"}],"author":[{"embeddable":true,"href":"https:\/\/kundalini-yoga-seelenreise.info\/index.php?rest_route=\/wp\/v2\/users\/1"}],"replies":[{"embeddable":true,"href":"https:\/\/kundalini-yoga-seelenreise.info\/index.php?rest_route=%2Fwp%2Fv2%2Fcomments&post=285"}],"version-history":[{"count":257,"href":"https:\/\/kundalini-yoga-seelenreise.info\/index.php?rest_route=\/wp\/v2\/pages\/285\/revisions"}],"predecessor-version":[{"id":3340,"href":"https:\/\/kundalini-yoga-seelenreise.info\/index.php?rest_route=\/wp\/v2\/pages\/285\/revisions\/3340"}],"wp:attachment":[{"href":"https:\/\/kundalini-yoga-seelenreise.info\/index.php?rest_route=%2Fwp%2Fv2%2Fmedia&parent=285"}],"curies":[{"name":"wp","href":"https:\/\/api.w.org\/{rel}","templated":true}]}}