{"id":2220,"date":"2020-01-26T14:17:56","date_gmt":"2020-01-26T13:17:56","guid":{"rendered":"https:\/\/kundalini-yoga-seelenreise.info\/?page_id=2220"},"modified":"2024-02-03T08:30:48","modified_gmt":"2024-02-03T07:30:48","slug":"ein-schritt-auf-die-seelenreise","status":"publish","type":"page","link":"https:\/\/kundalini-yoga-seelenreise.info\/?page_id=2220","title":{"rendered":"Gesegnete Reise!"},"content":{"rendered":"\n<p>Morgens mache ich, wenn ich fertig bin mit meine \u00dcbungen, die Vorh\u00e4nge auf und schau durch unsere Flughafen-Fenster, die den L\u00e4rm hervorragend isolieren, auf die vielbefahrene und -begangene Breitenfelder Stra\u00dfe vor unsere Wohnung.  Da ist immer was los&#8230;<br> <br>Ich suche mir dann zum Beispiel ein Fahrer aus in einem schwarzen LKW mit goldenen Buchstaben, oder eine Frau mit wehenden Haaren auf ihrem Fahrrad, vielleicht einen Vater, der seine h\u00fcpfenden Kinder in die Schule bringt, oder einen der vielen Busfahrern, die ihren breite Gef\u00e4hrten an die andere Stra\u00dfenseite parken&#8230;<\/p>\n\n\n\n<p>Und ich segne ihn oder ihr&#8230; <br><br>Versuche diesem Menschen f\u00fcr einen Moment ein Impuls einer positiven lebensbejahenden Energie zu schenken&#8230; <br><br>M\u00f6gest du ein wunderbaren Tag haben&#8230; <br><br>Sie schauen nicht auf, wenn sie gesegnet werden&#8230; Schauen nicht nach mein Fenster&#8230; Aber vielleicht sp\u00fcren sie einen Moment von Kontakt zum Energiefeld, wovon wir alle Teil sind&#8230; Ich sp\u00fcre es auf jeden Fall. <\/p>\n\n\n\n<p>Ein Segen, ob du sie gibst oder kriegst, ist eine tolle Verst\u00e4rkung f\u00fcr deine Seelenreise. Du kannst auch gerne dich selbst segnen, z.B. mit dieser Chant:<br><br>ICH SEGNE MICH SELBST .<br> ICH SEGNE MICH SELBST .<br> ICH BIN . ICH BIN .<br> <\/p>\n\n\n\n<figure class=\"wp-block-image size-large\"><img loading=\"lazy\" decoding=\"async\" width=\"1000\" height=\"667\" src=\"https:\/\/kundalini-yoga-seelenreise.info\/wp-891e2-content\/uploads\/2020\/05\/HQ4A5894.jpg\" alt=\"\" class=\"wp-image-2853\" srcset=\"https:\/\/kundalini-yoga-seelenreise.info\/wp-891e2-content\/uploads\/2020\/05\/HQ4A5894.jpg 1000w, https:\/\/kundalini-yoga-seelenreise.info\/wp-891e2-content\/uploads\/2020\/05\/HQ4A5894-300x200.jpg 300w, https:\/\/kundalini-yoga-seelenreise.info\/wp-891e2-content\/uploads\/2020\/05\/HQ4A5894-768x512.jpg 768w\" sizes=\"auto, (max-width: 1000px) 100vw, 1000px\" \/><\/figure>\n\n\n\n<p><br> Hast du noch Zeit? Dann spreche:<br> MEIN HERZ , ICH LIEBE DICH .<br> Lege dabei deine rechte Hand auf dein Herz.<br> MEINE AUGEN , ICH LIEBE EUCH .<br> Lege deine rechte Hand auf deine Augen.<br> MEIN KOPF , ICH LIEBE DICH .<br> Lege deine rechte Hand auf deinen Kopf.<br> ICH LIEBE DICH .<br> Lege deine rechte Hand auf den Bauch.<br> ICH LIEBE DICH .<br> Lege deine H\u00e4nde auf die Knie.<\/p>\n\n\n\n<figure class=\"wp-block-image size-large\"><img loading=\"lazy\" decoding=\"async\" width=\"1000\" height=\"667\" src=\"https:\/\/kundalini-yoga-seelenreise.info\/wp-891e2-content\/uploads\/2020\/05\/HQ4A5898.jpg\" alt=\"\" class=\"wp-image-2854\" srcset=\"https:\/\/kundalini-yoga-seelenreise.info\/wp-891e2-content\/uploads\/2020\/05\/HQ4A5898.jpg 1000w, https:\/\/kundalini-yoga-seelenreise.info\/wp-891e2-content\/uploads\/2020\/05\/HQ4A5898-300x200.jpg 300w, https:\/\/kundalini-yoga-seelenreise.info\/wp-891e2-content\/uploads\/2020\/05\/HQ4A5898-768x512.jpg 768w\" sizes=\"auto, (max-width: 1000px) 100vw, 1000px\" \/><\/figure>\n\n\n\n<p>Hast du noch etwas mehr Zeit? Schreib bitte noch ein Feedback deiner Erfahrungen in dem Blog dieser Seite&#8230;<\/p>\n\n\n\n<p><\/p>\n","protected":false},"excerpt":{"rendered":"<p>Morgens mache ich, wenn ich fertig bin mit meine \u00dcbungen, die Vorh\u00e4nge auf und schau durch unsere Flughafen-Fenster, die den L\u00e4rm hervorragend isolieren, auf die vielbefahrene und -begangene Breitenfelder Stra\u00dfe vor unsere Wohnung. Da ist immer was los&#8230; Ich suche mir dann zum Beispiel ein Fahrer aus in einem schwarzen LKW mit goldenen Buchstaben, oder &hellip; <a href=\"https:\/\/kundalini-yoga-seelenreise.info\/?page_id=2220\" class=\"more-link\"><span class=\"screen-reader-text\">Gesegnete Reise!<\/span> weiterlesen <span class=\"meta-nav\">&rarr;<\/span><\/a><\/p>\n","protected":false},"author":1,"featured_media":0,"parent":0,"menu_order":0,"comment_status":"closed","ping_status":"closed","template":"","meta":{"footnotes":"","_links_to":"","_links_to_target":""},"class_list":["post-2220","page","type-page","status-publish","hentry"],"yoast_head":"<!-- This site is optimized with the Yoast SEO plugin v19.10 - https:\/\/yoast.com\/wordpress\/plugins\/seo\/ -->\n<title>Gesegnete Reise! - SEELENREISE-INSTITUT<\/title>\n<meta name=\"robots\" content=\"index, follow, max-snippet:-1, max-image-preview:large, max-video-preview:-1\" \/>\n<link rel=\"canonical\" href=\"https:\/\/kundalini-yoga-seelenreise.info\/?page_id=2220\" \/>\n<meta property=\"og:locale\" content=\"de_DE\" \/>\n<meta property=\"og:type\" content=\"article\" \/>\n<meta property=\"og:title\" content=\"Gesegnete Reise! - SEELENREISE-INSTITUT\" \/>\n<meta property=\"og:description\" content=\"Morgens mache ich, wenn ich fertig bin mit meine \u00dcbungen, die Vorh\u00e4nge auf und schau durch unsere Flughafen-Fenster, die den L\u00e4rm hervorragend isolieren, auf die vielbefahrene und -begangene Breitenfelder Stra\u00dfe vor unsere Wohnung. Da ist immer was los&#8230; Ich suche mir dann zum Beispiel ein Fahrer aus in einem schwarzen LKW mit goldenen Buchstaben, oder &hellip; Gesegnete Reise! weiterlesen &rarr;\" \/>\n<meta property=\"og:url\" content=\"https:\/\/kundalini-yoga-seelenreise.info\/?page_id=2220\" \/>\n<meta property=\"og:site_name\" content=\"SEELENREISE-INSTITUT\" \/>\n<meta property=\"article:modified_time\" content=\"2024-02-03T07:30:48+00:00\" \/>\n<meta property=\"og:image\" content=\"https:\/\/kundalini-yoga-seelenreise.info\/wp-891e2-content\/uploads\/2020\/05\/HQ4A5894.jpg\" \/>\n<meta name=\"twitter:card\" content=\"summary_large_image\" \/>\n<meta name=\"twitter:label1\" content=\"Gesch\u00e4tzte Lesezeit\" \/>\n\t<meta name=\"twitter:data1\" content=\"2\u00a0Minuten\" \/>\n<script type=\"application\/ld+json\" class=\"yoast-schema-graph\">{\"@context\":\"https:\/\/schema.org\",\"@graph\":[{\"@type\":\"WebPage\",\"@id\":\"https:\/\/kundalini-yoga-seelenreise.info\/?page_id=2220\",\"url\":\"https:\/\/kundalini-yoga-seelenreise.info\/?page_id=2220\",\"name\":\"Gesegnete Reise! - SEELENREISE-INSTITUT\",\"isPartOf\":{\"@id\":\"https:\/\/kundalini-yoga-seelenreise.info\/#website\"},\"datePublished\":\"2020-01-26T13:17:56+00:00\",\"dateModified\":\"2024-02-03T07:30:48+00:00\",\"breadcrumb\":{\"@id\":\"https:\/\/kundalini-yoga-seelenreise.info\/?page_id=2220#breadcrumb\"},\"inLanguage\":\"de\",\"potentialAction\":[{\"@type\":\"ReadAction\",\"target\":[\"https:\/\/kundalini-yoga-seelenreise.info\/?page_id=2220\"]}]},{\"@type\":\"BreadcrumbList\",\"@id\":\"https:\/\/kundalini-yoga-seelenreise.info\/?page_id=2220#breadcrumb\",\"itemListElement\":[{\"@type\":\"ListItem\",\"position\":1,\"name\":\"Startseite\",\"item\":\"https:\/\/kundalini-yoga-seelenreise.info\/\"},{\"@type\":\"ListItem\",\"position\":2,\"name\":\"Gesegnete Reise!\"}]},{\"@type\":\"WebSite\",\"@id\":\"https:\/\/kundalini-yoga-seelenreise.info\/#website\",\"url\":\"https:\/\/kundalini-yoga-seelenreise.info\/\",\"name\":\"SEELENREISE-INSTITUT\",\"description\":\"Jeden Tag: 1 x schwitzen, 1x lachen...\",\"potentialAction\":[{\"@type\":\"SearchAction\",\"target\":{\"@type\":\"EntryPoint\",\"urlTemplate\":\"https:\/\/kundalini-yoga-seelenreise.info\/?s={search_term_string}\"},\"query-input\":\"required name=search_term_string\"}],\"inLanguage\":\"de\"}]}<\/script>\n<!-- \/ Yoast SEO plugin. -->","yoast_head_json":{"title":"Gesegnete Reise! - SEELENREISE-INSTITUT","robots":{"index":"index","follow":"follow","max-snippet":"max-snippet:-1","max-image-preview":"max-image-preview:large","max-video-preview":"max-video-preview:-1"},"canonical":"https:\/\/kundalini-yoga-seelenreise.info\/?page_id=2220","og_locale":"de_DE","og_type":"article","og_title":"Gesegnete Reise! - SEELENREISE-INSTITUT","og_description":"Morgens mache ich, wenn ich fertig bin mit meine \u00dcbungen, die Vorh\u00e4nge auf und schau durch unsere Flughafen-Fenster, die den L\u00e4rm hervorragend isolieren, auf die vielbefahrene und -begangene Breitenfelder Stra\u00dfe vor unsere Wohnung. Da ist immer was los&#8230; Ich suche mir dann zum Beispiel ein Fahrer aus in einem schwarzen LKW mit goldenen Buchstaben, oder &hellip; Gesegnete Reise! weiterlesen &rarr;","og_url":"https:\/\/kundalini-yoga-seelenreise.info\/?page_id=2220","og_site_name":"SEELENREISE-INSTITUT","article_modified_time":"2024-02-03T07:30:48+00:00","og_image":[{"url":"https:\/\/kundalini-yoga-seelenreise.info\/wp-891e2-content\/uploads\/2020\/05\/HQ4A5894.jpg"}],"twitter_card":"summary_large_image","twitter_misc":{"Gesch\u00e4tzte Lesezeit":"2\u00a0Minuten"},"schema":{"@context":"https:\/\/schema.org","@graph":[{"@type":"WebPage","@id":"https:\/\/kundalini-yoga-seelenreise.info\/?page_id=2220","url":"https:\/\/kundalini-yoga-seelenreise.info\/?page_id=2220","name":"Gesegnete Reise! - SEELENREISE-INSTITUT","isPartOf":{"@id":"https:\/\/kundalini-yoga-seelenreise.info\/#website"},"datePublished":"2020-01-26T13:17:56+00:00","dateModified":"2024-02-03T07:30:48+00:00","breadcrumb":{"@id":"https:\/\/kundalini-yoga-seelenreise.info\/?page_id=2220#breadcrumb"},"inLanguage":"de","potentialAction":[{"@type":"ReadAction","target":["https:\/\/kundalini-yoga-seelenreise.info\/?page_id=2220"]}]},{"@type":"BreadcrumbList","@id":"https:\/\/kundalini-yoga-seelenreise.info\/?page_id=2220#breadcrumb","itemListElement":[{"@type":"ListItem","position":1,"name":"Startseite","item":"https:\/\/kundalini-yoga-seelenreise.info\/"},{"@type":"ListItem","position":2,"name":"Gesegnete Reise!"}]},{"@type":"WebSite","@id":"https:\/\/kundalini-yoga-seelenreise.info\/#website","url":"https:\/\/kundalini-yoga-seelenreise.info\/","name":"SEELENREISE-INSTITUT","description":"Jeden Tag: 1 x schwitzen, 1x lachen...","potentialAction":[{"@type":"SearchAction","target":{"@type":"EntryPoint","urlTemplate":"https:\/\/kundalini-yoga-seelenreise.info\/?s={search_term_string}"},"query-input":"required name=search_term_string"}],"inLanguage":"de"}]}},"uagb_featured_image_src":{"full":false,"thumbnail":false,"medium":false,"medium_large":false,"large":false,"1536x1536":false,"2048x2048":false,"post-thumbnail":false,"twentyfourteen-full-width":false},"uagb_author_info":{"display_name":"Satya Singh","author_link":"https:\/\/kundalini-yoga-seelenreise.info\/?page_id=3405&#038;uid=1"},"uagb_comment_info":0,"uagb_excerpt":"Morgens mache ich, wenn ich fertig bin mit meine \u00dcbungen, die Vorh\u00e4nge auf und schau durch unsere Flughafen-Fenster, die den L\u00e4rm hervorragend isolieren, auf die vielbefahrene und -begangene Breitenfelder Stra\u00dfe vor unsere Wohnung. Da ist immer was los&#8230; Ich suche mir dann zum Beispiel ein Fahrer aus in einem schwarzen LKW mit goldenen Buchstaben, oder&hellip;","_links":{"self":[{"href":"https:\/\/kundalini-yoga-seelenreise.info\/index.php?rest_route=\/wp\/v2\/pages\/2220","targetHints":{"allow":["GET"]}}],"collection":[{"href":"https:\/\/kundalini-yoga-seelenreise.info\/index.php?rest_route=\/wp\/v2\/pages"}],"about":[{"href":"https:\/\/kundalini-yoga-seelenreise.info\/index.php?rest_route=\/wp\/v2\/types\/page"}],"author":[{"embeddable":true,"href":"https:\/\/kundalini-yoga-seelenreise.info\/index.php?rest_route=\/wp\/v2\/users\/1"}],"replies":[{"embeddable":true,"href":"https:\/\/kundalini-yoga-seelenreise.info\/index.php?rest_route=%2Fwp%2Fv2%2Fcomments&post=2220"}],"version-history":[{"count":35,"href":"https:\/\/kundalini-yoga-seelenreise.info\/index.php?rest_route=\/wp\/v2\/pages\/2220\/revisions"}],"predecessor-version":[{"id":3436,"href":"https:\/\/kundalini-yoga-seelenreise.info\/index.php?rest_route=\/wp\/v2\/pages\/2220\/revisions\/3436"}],"wp:attachment":[{"href":"https:\/\/kundalini-yoga-seelenreise.info\/index.php?rest_route=%2Fwp%2Fv2%2Fmedia&parent=2220"}],"curies":[{"name":"wp","href":"https:\/\/api.w.org\/{rel}","templated":true}]}}