{"id":2139,"date":"2020-01-19T21:13:08","date_gmt":"2020-01-19T20:13:08","guid":{"rendered":"https:\/\/kundalini-yoga-seelenreise.info\/?page_id=2139"},"modified":"2020-04-15T05:28:06","modified_gmt":"2020-04-15T04:28:06","slug":"standard-nutzergruppe","status":"publish","type":"page","link":"https:\/\/kundalini-yoga-seelenreise.info\/?page_id=2139","title":{"rendered":"ALLE REISENDEN"},"content":{"rendered":"<div class=\"pmagic\">\n           <div class=\"pm-group-card-box pm-dbfl pm-border-bt\">\n         <div class=\"pm-group-card pm-dbfl pm-border pm-bg pm-radius5\">\n            <div class=\"pm-group-title pm-dbfl pm-bg-lt pm-pad10 pm-border-bt\">\n            <i class=\"fa fa-users\" aria-hidden=\"true\"><\/i>\n\t\t\tALLE REISENDEN                        <\/div>\n             <div class=\"pm-group-image pm-difl pm-border\">\n                  <img loading=\"lazy\" decoding=\"async\" width=\"900\" height=\"741\" src=\"https:\/\/kundalini-yoga-seelenreise.info\/wp-891e2-content\/uploads\/2020\/01\/road-monet.jpg\" class=\"\" alt=\"\" \/>                   \n                  \t\t\t\t<div class=\"pm-group-signup\">\n\t\t\t\t\t<a href=\"https:\/\/kundalini-yoga-seelenreise.info\/?page_id=3401&#038;gid=1\" class=\"pm_button\">\n\t\t\t\t\t\t<button>Gruppe beitreten<\/button>\n\t\t\t\t\t<\/a>\n\t\t\t\t<\/div>                \n\t\t\t\t                 \n             <\/div>\n             <div class=\"pm-group-description pm-difl pm-bg pm-pad10 pm-border\">\n         \n         \t\t                <div class=\"pm-card-row pm-dbfl\">\n                    <div class=\"pm-card-label pm-difl\">Gastgeber aller Seelenreisenden<\/div>\n                    <div class=\"pm-card-value pm-difl pm-group-leader-small pm-difl\">\n                        <a href=\"https:\/\/kundalini-yoga-seelenreise.info\/?page_id=3405&uid=1\"><span style=\"font-weight:bold\">Satya Singh<\/span><\/a>\n                <div class=\"sgi-letter-avatar avatar avatar-16\" style=\"line-height:16px; height:16px; width:16px; background-color: #9AA7FF;\">\r\n    <span style=\"color:#000; font-size: 12px;\">S<\/span>\r\n<\/div>\n                    <\/div>\n                <\/div>\n                                 <div class=\"pm-card-row pm-dbfl\">\n                    <div class=\"pm-card-label pm-difl\">Mitglieder<\/div>\n                    <div class=\"pm-card-value pm-difl\">713<\/div>\n                 <\/div>\n                                  \n                                   <div class=\"pm-card-row pm-dbfl\">\n                    <div class=\"pm-card-label pm-difl\">Details<\/div>\n                    <div class=\"pm-card-value pm-difl\">Alle neue Seelenreisenden werden automatisch dieser Gruppe hinzugef\u00fcgt. So bald deine Reise beginnt, oder, wenn du gerade mit einer 40 Tagen Etappe fertig bist, trete zus\u00e4tzlich in die n\u00e4chste Gruppe ein, wo du 40 Tage lang sein wirst.<\/div>\n                 <\/div>\n                                               <\/div>\n           <\/div>\n           \n           \n\n        <\/div>\n   \n          <div id=\"pg_group_tabs\" class=\"pm-section-nav-horizental pm-dbfl\">\n        <ul class=\"pm-difl pm-profile-tab-wrap pm-border-bt\">\t\n                        <li class=\"pm-profile-tab pm-pad10\"><a class=\"pm-dbfl\" href=\"#pg_members\">Mitglieder<\/a><\/li>\n                                     \n        <\/ul>\n                <div id=\"pg_members\" class=\"pm-dbfl pg-profile-tab-content\">\n        <input type=\"hidden\" id=\"pg-gid\" name=\"pg-gid\" value=\"1\">\n        <div class=\"pg-group-setting-head pm-dbfl pm-bg pg-group-filters-head\">\n        <div class=\"pg-group-sorting-ls pg-members-sortby pm-difl \">\n            <div class=\"pg-sortby-alpha pm-difl\">\n                <span class=\"pg-group-sorting-title pm-difl\">Sortiere nach<\/span>\n            <span class=\"pg-sort-dropdown pm-border pm-difl\">\n                <select class=\"pg-custom-select\" name=\"member_sort_by_grid\" id=\"member_sort_by_grid\" onchange=\"pm_get_all_users_from_group_grid_view(1,'grid')\">\n                    <option value=\"oldest_first\"  selected='selected'>\u00c4lteste<\/option>\n                    <option value=\"latest_first\"  >Neueste<\/option>\n                    <option value=\"first_name_asc\"  >Vorname Alphabetisch A - Z<\/option>\n                    <option value=\"first_name_desc\"  >Vorname Alphabetisch Z - A<\/option>\n                    <option value=\"last_name_asc\"  >Nachname Alphabetisch A - Z<\/option>\n                    <option value=\"last_name_desc\"  >Nachname Alphabetisch Z - A<\/option>\n\n                <\/select>\n            <\/span>\n                <\/div>\n            \n        <\/div>\n      \n        <div class=\"pg-group-sorting-rs pm-difr\">\n           <div class=\"pg-members-sortby\">\n                <span class=\"pg-sort-dropdown pm-border\">\n                    <select class=\"pg-custom-select\" id=\"member_search_in_grid\" name=\"member_search_in_grid\" onchange=\"pm_get_all_users_from_group_grid_view(1,'grid')\">\n                        <option value=\"\">W\u00e4hle ein Feld<\/option>\n                        <option value=\"user_login\">User Name<\/option><option value=\"pm_field_106\">Adresse (f\u00fcr Aufnahme in die &quot;Karte der Reisenden&quot;)<\/option><option value=\"pm_field_60\">Email<\/option>                    <\/select>\n                <\/span>\n\n            <\/div>\n            <div class=\" pg-member-search\"><input type=\"text\" name=\"member_search_grid\" id=\"member_search_grid\" placeholder=\"Suche\" onkeyup=\"pm_get_all_users_from_group_grid_view(1,'grid')\"><\/div>\n        <\/div>\n\n    <\/div>    \n        \n            <div id=\"pg_members_grid_view\">    \n            \n            \n        \n        <div class=\"pm-user-card pm-difl pm-border pm-radius5\">\n            <div class=\"pm-user-card-cover pm-dbfl\">\n                <img loading=\"lazy\" decoding=\"async\" width=\"800\" height=\"300\" src=\"https:\/\/kundalini-yoga-seelenreise.info\/wp-891e2-content\/uploads\/2020\/03\/crop-glasses.jpg\" class=\"150\" alt=\"\" \/>                <\/div>\n            <div class=\"pm-user-image pm-dbfl pm-bg-lt \"><div class=\"sgi-letter-avatar avatar avatar-150\" style=\"line-height:150px;height:150px;width:150px;background-color: #9AA7FF\">\r\n    <span style=\"color:#000;font-size: 113px\">S<\/span>\r\n<\/div><\/div>\n            <div class=\"pm-user-description pm-dbfl pm-bg-lt\">\n                <div class=\"pm-user-card-title pm-dbfl pm-pad10 pm-bg-lt pm-clip\">\n                                    <a href=\"https:\/\/kundalini-yoga-seelenreise.info\/?page_id=3405&#038;uid=1\"><span style=\"font-weight:bold\">Satya Singh<\/span> <\/a>\n                                <\/div>\n                  <div class=\"pm-section-wrapper\">\t\t\t\t\t\t\t\n\t\t\n\t\t\t<div class=\"pm-user-description-row pm-dbfl pm-border\">\n                            <div class=\"pm-card-label pm-difl\">\n                                                        Email                            <\/div>\n                                                                <div class=\"pm-card-value pm-difl pm_collapsable_email\">satya.singh@hamburg.de<\/div>\n                                                            <\/div>\n\t\t\t\t\t<\/div>                \n            <\/div>\n          <\/div>         \n      \t        \n        <div class=\"pm-user-card pm-difl pm-border pm-radius5\">\n            <div class=\"pm-user-card-cover pm-dbfl\">\n                <img loading=\"lazy\" decoding=\"async\" width=\"800\" height=\"300\" src=\"https:\/\/kundalini-yoga-seelenreise.info\/wp-891e2-content\/uploads\/2020\/03\/crop-glasses.jpg\" class=\"150\" alt=\"\" \/>                <\/div>\n            <div class=\"pm-user-image pm-dbfl pm-bg-lt \"><img alt='' src='https:\/\/secure.gravatar.com\/avatar\/dc01aa06263bc0572f2aad51acca484cc71ede1d4d7d0fe69787b3fa2d738b5c?s=150&#038;d=identicon&#038;r=g' class='avatar avatar-150 photo user-profile-image' height='150' width='150' \/><\/div>\n            <div class=\"pm-user-description pm-dbfl pm-bg-lt\">\n                <div class=\"pm-user-card-title pm-dbfl pm-pad10 pm-bg-lt pm-clip\">\n                                    <a href=\"https:\/\/kundalini-yoga-seelenreise.info\/?page_id=3405&#038;uid=5\"><span style=\"font-weight:bold\">Manu Sita Karam Kaur<\/span> <\/a>\n                                <\/div>\n                  <div class=\"pm-section-wrapper\">\t\t\t\t<\/div>                \n            <\/div>\n          <\/div>         \n      \t        \n        <div class=\"pm-user-card pm-difl pm-border pm-radius5\">\n            <div class=\"pm-user-card-cover pm-dbfl\">\n                <img loading=\"lazy\" decoding=\"async\" width=\"800\" height=\"300\" src=\"https:\/\/kundalini-yoga-seelenreise.info\/wp-891e2-content\/uploads\/2020\/03\/crop-glasses.jpg\" class=\"150\" alt=\"\" \/>                <\/div>\n            <div class=\"pm-user-image pm-dbfl pm-bg-lt \"><div class=\"sgi-letter-avatar avatar avatar-150\" style=\"line-height:150px;height:150px;width:150px;background-color: #E3FF9F\">\r\n    <span style=\"color:#000;font-size: 113px\">r<\/span>\r\n<\/div><\/div>\n            <div class=\"pm-user-description pm-dbfl pm-bg-lt\">\n                <div class=\"pm-user-card-title pm-dbfl pm-pad10 pm-bg-lt pm-clip\">\n                                    <a href=\"https:\/\/kundalini-yoga-seelenreise.info\/?page_id=3405&#038;uid=27\"><span style=\"font-weight:bold\">VedyaPrem<\/span> <\/a>\n                                <\/div>\n                  <div class=\"pm-section-wrapper\">\t\t\t\t<\/div>                \n            <\/div>\n          <\/div>         \n      \t        \n        <div class=\"pm-user-card pm-difl pm-border pm-radius5\">\n            <div class=\"pm-user-card-cover pm-dbfl\">\n                <img loading=\"lazy\" decoding=\"async\" width=\"800\" height=\"300\" src=\"https:\/\/kundalini-yoga-seelenreise.info\/wp-891e2-content\/uploads\/2020\/03\/crop-glasses.jpg\" class=\"150\" alt=\"\" \/>                <\/div>\n            <div class=\"pm-user-image pm-dbfl pm-bg-lt \"><div class=\"sgi-letter-avatar avatar avatar-150\" style=\"line-height:150px;height:150px;width:150px;background-color: #FF35CC\">\r\n    <span style=\"color:#000;font-size: 113px\">j<\/span>\r\n<\/div><\/div>\n            <div class=\"pm-user-description pm-dbfl pm-bg-lt\">\n                <div class=\"pm-user-card-title pm-dbfl pm-pad10 pm-bg-lt pm-clip\">\n                                    <a href=\"https:\/\/kundalini-yoga-seelenreise.info\/?page_id=3405&#038;uid=29\"><span style=\"font-weight:bold\">AvtarSevaKaur<\/span> <\/a>\n                                <\/div>\n                  <div class=\"pm-section-wrapper\">\t\t\t\t<\/div>                \n            <\/div>\n          <\/div>         \n      \t        \n        <div class=\"pm-user-card pm-difl pm-border pm-radius5\">\n            <div class=\"pm-user-card-cover pm-dbfl\">\n                <img loading=\"lazy\" decoding=\"async\" width=\"800\" height=\"300\" src=\"https:\/\/kundalini-yoga-seelenreise.info\/wp-891e2-content\/uploads\/2020\/03\/crop-glasses.jpg\" class=\"150\" alt=\"\" \/>                <\/div>\n            <div class=\"pm-user-image pm-dbfl pm-bg-lt \"><img alt='' src='https:\/\/secure.gravatar.com\/avatar\/af0594cb76e0b65d241ec85203f2959998cfe97ec1abb7ae72b79134855723b1?s=150&#038;d=identicon&#038;r=g' class='avatar avatar-150 photo user-profile-image' height='150' width='150' \/><\/div>\n            <div class=\"pm-user-description pm-dbfl pm-bg-lt\">\n                <div class=\"pm-user-card-title pm-dbfl pm-pad10 pm-bg-lt pm-clip\">\n                                    <a href=\"https:\/\/kundalini-yoga-seelenreise.info\/?page_id=3405&#038;uid=30\"><span style=\"font-weight:bold\">Amritpal<\/span> <\/a>\n                                <\/div>\n                  <div class=\"pm-section-wrapper\">\t\t\t\t<\/div>                \n            <\/div>\n          <\/div>         \n      \t        \n        <div class=\"pm-user-card pm-difl pm-border pm-radius5\">\n            <div class=\"pm-user-card-cover pm-dbfl\">\n                <img loading=\"lazy\" decoding=\"async\" width=\"800\" height=\"300\" src=\"https:\/\/kundalini-yoga-seelenreise.info\/wp-891e2-content\/uploads\/2020\/03\/crop-glasses.jpg\" class=\"150\" alt=\"\" \/>                <\/div>\n            <div class=\"pm-user-image pm-dbfl pm-bg-lt \"><div class=\"sgi-letter-avatar avatar avatar-150\" style=\"line-height:150px;height:150px;width:150px;background-color: #FFC8DC\">\r\n    <span style=\"color:#000;font-size: 113px\">c<\/span>\r\n<\/div><\/div>\n            <div class=\"pm-user-description pm-dbfl pm-bg-lt\">\n                <div class=\"pm-user-card-title pm-dbfl pm-pad10 pm-bg-lt pm-clip\">\n                                    <a href=\"https:\/\/kundalini-yoga-seelenreise.info\/?page_id=3405&#038;uid=31\"><span style=\"font-weight:bold\">taj_inderprem<\/span> <\/a>\n                                <\/div>\n                  <div class=\"pm-section-wrapper\">\t\t\t\t<\/div>                \n            <\/div>\n          <\/div>         \n      \t        \n        <div class=\"pm-user-card pm-difl pm-border pm-radius5\">\n            <div class=\"pm-user-card-cover pm-dbfl\">\n                <img loading=\"lazy\" decoding=\"async\" width=\"800\" height=\"300\" src=\"https:\/\/kundalini-yoga-seelenreise.info\/wp-891e2-content\/uploads\/2020\/03\/crop-glasses.jpg\" class=\"150\" alt=\"\" \/>                <\/div>\n            <div class=\"pm-user-image pm-dbfl pm-bg-lt \"><div class=\"sgi-letter-avatar avatar avatar-150\" style=\"line-height:150px;height:150px;width:150px;background-color: #FFE9E8\">\r\n    <span style=\"color:#000;font-size: 113px\">a<\/span>\r\n<\/div><\/div>\n            <div class=\"pm-user-description pm-dbfl pm-bg-lt\">\n                <div class=\"pm-user-card-title pm-dbfl pm-pad10 pm-bg-lt pm-clip\">\n                                    <a href=\"https:\/\/kundalini-yoga-seelenreise.info\/?page_id=3405&#038;uid=32\"><span style=\"font-weight:bold\">AnandKaram<\/span> <\/a>\n                                <\/div>\n                  <div class=\"pm-section-wrapper\">\t\t\t\t<\/div>                \n            <\/div>\n          <\/div>         \n      \t        \n        <div class=\"pm-user-card pm-difl pm-border pm-radius5\">\n            <div class=\"pm-user-card-cover pm-dbfl\">\n                <img loading=\"lazy\" decoding=\"async\" width=\"800\" height=\"300\" src=\"https:\/\/kundalini-yoga-seelenreise.info\/wp-891e2-content\/uploads\/2020\/03\/crop-glasses.jpg\" class=\"150\" alt=\"\" \/>                <\/div>\n            <div class=\"pm-user-image pm-dbfl pm-bg-lt \"><div class=\"sgi-letter-avatar avatar avatar-150\" style=\"line-height:150px;height:150px;width:150px;background-color: #B548FF\">\r\n    <span style=\"color:#fff;font-size: 113px\">l<\/span>\r\n<\/div><\/div>\n            <div class=\"pm-user-description pm-dbfl pm-bg-lt\">\n                <div class=\"pm-user-card-title pm-dbfl pm-pad10 pm-bg-lt pm-clip\">\n                                    <a href=\"https:\/\/kundalini-yoga-seelenreise.info\/?page_id=3405&#038;uid=33\"><span style=\"font-weight:bold\">Ajeet<\/span> <\/a>\n                                <\/div>\n                  <div class=\"pm-section-wrapper\">\t\t\t\t<\/div>                \n            <\/div>\n          <\/div>         \n      \t        \n        <div class=\"pm-user-card pm-difl pm-border pm-radius5\">\n            <div class=\"pm-user-card-cover pm-dbfl\">\n                <img loading=\"lazy\" decoding=\"async\" width=\"800\" height=\"300\" src=\"https:\/\/kundalini-yoga-seelenreise.info\/wp-891e2-content\/uploads\/2020\/03\/crop-glasses.jpg\" class=\"150\" alt=\"\" \/>                <\/div>\n            <div class=\"pm-user-image pm-dbfl pm-bg-lt \"><div class=\"sgi-letter-avatar avatar avatar-150\" style=\"line-height:150px;height:150px;width:150px;background-color: #FFE74D\">\r\n    <span style=\"color:#000;font-size: 113px\">j<\/span>\r\n<\/div><\/div>\n            <div class=\"pm-user-description pm-dbfl pm-bg-lt\">\n                <div class=\"pm-user-card-title pm-dbfl pm-pad10 pm-bg-lt pm-clip\">\n                                    <a href=\"https:\/\/kundalini-yoga-seelenreise.info\/?page_id=3405&#038;uid=34\"><span style=\"font-weight:bold\">Sevakbir<\/span> <\/a>\n                                <\/div>\n                  <div class=\"pm-section-wrapper\">\t\t\t\t<\/div>                \n            <\/div>\n          <\/div>         \n      \t        \n        <div class=\"pm-user-card pm-difl pm-border pm-radius5\">\n            <div class=\"pm-user-card-cover pm-dbfl\">\n                <img loading=\"lazy\" decoding=\"async\" width=\"800\" height=\"300\" src=\"https:\/\/kundalini-yoga-seelenreise.info\/wp-891e2-content\/uploads\/2020\/03\/crop-glasses.jpg\" class=\"150\" alt=\"\" \/>                <\/div>\n            <div class=\"pm-user-image pm-dbfl pm-bg-lt \"><div class=\"sgi-letter-avatar avatar avatar-150\" style=\"line-height:150px;height:150px;width:150px;background-color: #FF7757\">\r\n    <span style=\"color:#000;font-size: 113px\">k<\/span>\r\n<\/div><\/div>\n            <div class=\"pm-user-description pm-dbfl pm-bg-lt\">\n                <div class=\"pm-user-card-title pm-dbfl pm-pad10 pm-bg-lt pm-clip\">\n                                    <a href=\"https:\/\/kundalini-yoga-seelenreise.info\/?page_id=3405&#038;uid=35\"><span style=\"font-weight:bold\">Anand_Devpreet_Kaur<\/span> <\/a>\n                                <\/div>\n                  <div class=\"pm-section-wrapper\">\t\t\t\t<\/div>                \n            <\/div>\n          <\/div>         \n      \t<div class=\"pm_clear\"><\/div><div class=\"pm-member-pagination-grid\"><ul class='page-numbers'>\n\t<li><span aria-current=\"page\" class=\"page-numbers current\">1<\/span><\/li>\n\t<li><a class=\"page-numbers\" href=\"\/index.php?rest_route=%2Fwp%2Fv2%2Fpages%2F2139&#038;pagenum=2\">2<\/a><\/li>\n\t<li><a class=\"page-numbers\" href=\"\/index.php?rest_route=%2Fwp%2Fv2%2Fpages%2F2139&#038;pagenum=3\">3<\/a><\/li>\n\t<li><span class=\"page-numbers dots\">&hellip;<\/span><\/li>\n\t<li><a class=\"page-numbers\" href=\"\/index.php?rest_route=%2Fwp%2Fv2%2Fpages%2F2139&#038;pagenum=72\">72<\/a><\/li>\n\t<li><a class=\"next page-numbers\" href=\"\/index.php?rest_route=%2Fwp%2Fv2%2Fpages%2F2139&#038;pagenum=2\">&raquo;<\/a><\/li>\n<\/ul>\n<\/div>            <\/div>  \n          <\/div>\n                        \n        \n      <\/div>\n            \n   \n    <\/div>\n<div class=\"pm-popup-mask\"><\/div>    \n\n<div id=\"pm-edit-group-popup\" style=\"display: none;\">\n    <div class=\"pm-popup-container\" id=\"pg_edit_group_html_container\">\n     \n        \n    <\/div>\n<\/div>\n\n","protected":false},"excerpt":{"rendered":"","protected":false},"author":1,"featured_media":0,"parent":0,"menu_order":0,"comment_status":"closed","ping_status":"closed","template":"","meta":{"footnotes":"","_links_to":"","_links_to_target":""},"class_list":["post-2139","page","type-page","status-publish","hentry"],"yoast_head":"<!-- This site is optimized with the Yoast SEO plugin v19.10 - https:\/\/yoast.com\/wordpress\/plugins\/seo\/ -->\n<title>ALLE REISENDEN - SEELENREISE-INSTITUT<\/title>\n<meta name=\"robots\" content=\"index, follow, max-snippet:-1, max-image-preview:large, max-video-preview:-1\" \/>\n<link rel=\"canonical\" href=\"https:\/\/kundalini-yoga-seelenreise.info\/?page_id=2139\" \/>\n<meta property=\"og:locale\" content=\"de_DE\" \/>\n<meta property=\"og:type\" content=\"article\" \/>\n<meta property=\"og:title\" content=\"ALLE REISENDEN - SEELENREISE-INSTITUT\" \/>\n<meta property=\"og:url\" content=\"https:\/\/kundalini-yoga-seelenreise.info\/?page_id=2139\" \/>\n<meta property=\"og:site_name\" content=\"SEELENREISE-INSTITUT\" \/>\n<meta property=\"article:modified_time\" content=\"2020-04-15T04:28:06+00:00\" \/>\n<meta name=\"twitter:card\" content=\"summary_large_image\" \/>\n<script type=\"application\/ld+json\" class=\"yoast-schema-graph\">{\"@context\":\"https:\/\/schema.org\",\"@graph\":[{\"@type\":\"WebPage\",\"@id\":\"https:\/\/kundalini-yoga-seelenreise.info\/?page_id=2139\",\"url\":\"https:\/\/kundalini-yoga-seelenreise.info\/?page_id=2139\",\"name\":\"ALLE REISENDEN - SEELENREISE-INSTITUT\",\"isPartOf\":{\"@id\":\"https:\/\/kundalini-yoga-seelenreise.info\/#website\"},\"datePublished\":\"2020-01-19T20:13:08+00:00\",\"dateModified\":\"2020-04-15T04:28:06+00:00\",\"breadcrumb\":{\"@id\":\"https:\/\/kundalini-yoga-seelenreise.info\/?page_id=2139#breadcrumb\"},\"inLanguage\":\"de\",\"potentialAction\":[{\"@type\":\"ReadAction\",\"target\":[\"https:\/\/kundalini-yoga-seelenreise.info\/?page_id=2139\"]}]},{\"@type\":\"BreadcrumbList\",\"@id\":\"https:\/\/kundalini-yoga-seelenreise.info\/?page_id=2139#breadcrumb\",\"itemListElement\":[{\"@type\":\"ListItem\",\"position\":1,\"name\":\"Startseite\",\"item\":\"https:\/\/kundalini-yoga-seelenreise.info\/\"},{\"@type\":\"ListItem\",\"position\":2,\"name\":\"ALLE REISENDEN\"}]},{\"@type\":\"WebSite\",\"@id\":\"https:\/\/kundalini-yoga-seelenreise.info\/#website\",\"url\":\"https:\/\/kundalini-yoga-seelenreise.info\/\",\"name\":\"SEELENREISE-INSTITUT\",\"description\":\"Jeden Tag: 1 x schwitzen, 1x lachen...\",\"potentialAction\":[{\"@type\":\"SearchAction\",\"target\":{\"@type\":\"EntryPoint\",\"urlTemplate\":\"https:\/\/kundalini-yoga-seelenreise.info\/?s={search_term_string}\"},\"query-input\":\"required name=search_term_string\"}],\"inLanguage\":\"de\"}]}<\/script>\n<!-- \/ Yoast SEO plugin. -->","yoast_head_json":{"title":"ALLE REISENDEN - SEELENREISE-INSTITUT","robots":{"index":"index","follow":"follow","max-snippet":"max-snippet:-1","max-image-preview":"max-image-preview:large","max-video-preview":"max-video-preview:-1"},"canonical":"https:\/\/kundalini-yoga-seelenreise.info\/?page_id=2139","og_locale":"de_DE","og_type":"article","og_title":"ALLE REISENDEN - SEELENREISE-INSTITUT","og_url":"https:\/\/kundalini-yoga-seelenreise.info\/?page_id=2139","og_site_name":"SEELENREISE-INSTITUT","article_modified_time":"2020-04-15T04:28:06+00:00","twitter_card":"summary_large_image","schema":{"@context":"https:\/\/schema.org","@graph":[{"@type":"WebPage","@id":"https:\/\/kundalini-yoga-seelenreise.info\/?page_id=2139","url":"https:\/\/kundalini-yoga-seelenreise.info\/?page_id=2139","name":"ALLE REISENDEN - SEELENREISE-INSTITUT","isPartOf":{"@id":"https:\/\/kundalini-yoga-seelenreise.info\/#website"},"datePublished":"2020-01-19T20:13:08+00:00","dateModified":"2020-04-15T04:28:06+00:00","breadcrumb":{"@id":"https:\/\/kundalini-yoga-seelenreise.info\/?page_id=2139#breadcrumb"},"inLanguage":"de","potentialAction":[{"@type":"ReadAction","target":["https:\/\/kundalini-yoga-seelenreise.info\/?page_id=2139"]}]},{"@type":"BreadcrumbList","@id":"https:\/\/kundalini-yoga-seelenreise.info\/?page_id=2139#breadcrumb","itemListElement":[{"@type":"ListItem","position":1,"name":"Startseite","item":"https:\/\/kundalini-yoga-seelenreise.info\/"},{"@type":"ListItem","position":2,"name":"ALLE REISENDEN"}]},{"@type":"WebSite","@id":"https:\/\/kundalini-yoga-seelenreise.info\/#website","url":"https:\/\/kundalini-yoga-seelenreise.info\/","name":"SEELENREISE-INSTITUT","description":"Jeden Tag: 1 x schwitzen, 1x lachen...","potentialAction":[{"@type":"SearchAction","target":{"@type":"EntryPoint","urlTemplate":"https:\/\/kundalini-yoga-seelenreise.info\/?s={search_term_string}"},"query-input":"required name=search_term_string"}],"inLanguage":"de"}]}},"uagb_featured_image_src":{"full":false,"thumbnail":false,"medium":false,"medium_large":false,"large":false,"1536x1536":false,"2048x2048":false,"post-thumbnail":false,"twentyfourteen-full-width":false},"uagb_author_info":{"display_name":"Satya Singh","author_link":"https:\/\/kundalini-yoga-seelenreise.info\/?page_id=3405&#038;uid=1"},"uagb_comment_info":0,"uagb_excerpt":null,"_links":{"self":[{"href":"https:\/\/kundalini-yoga-seelenreise.info\/index.php?rest_route=\/wp\/v2\/pages\/2139","targetHints":{"allow":["GET"]}}],"collection":[{"href":"https:\/\/kundalini-yoga-seelenreise.info\/index.php?rest_route=\/wp\/v2\/pages"}],"about":[{"href":"https:\/\/kundalini-yoga-seelenreise.info\/index.php?rest_route=\/wp\/v2\/types\/page"}],"author":[{"embeddable":true,"href":"https:\/\/kundalini-yoga-seelenreise.info\/index.php?rest_route=\/wp\/v2\/users\/1"}],"replies":[{"embeddable":true,"href":"https:\/\/kundalini-yoga-seelenreise.info\/index.php?rest_route=%2Fwp%2Fv2%2Fcomments&post=2139"}],"version-history":[{"count":7,"href":"https:\/\/kundalini-yoga-seelenreise.info\/index.php?rest_route=\/wp\/v2\/pages\/2139\/revisions"}],"predecessor-version":[{"id":2710,"href":"https:\/\/kundalini-yoga-seelenreise.info\/index.php?rest_route=\/wp\/v2\/pages\/2139\/revisions\/2710"}],"wp:attachment":[{"href":"https:\/\/kundalini-yoga-seelenreise.info\/index.php?rest_route=%2Fwp%2Fv2%2Fmedia&parent=2139"}],"curies":[{"name":"wp","href":"https:\/\/api.w.org\/{rel}","templated":true}]}}