{"id":1548,"date":"2019-11-11T04:54:49","date_gmt":"2019-11-11T03:54:49","guid":{"rendered":"https:\/\/kundalini-yoga-seelenreise.info\/?page_id=1548"},"modified":"2020-05-24T19:32:11","modified_gmt":"2020-05-24T18:32:11","slug":"seelenreise-healing-meditation","status":"publish","type":"page","link":"https:\/\/kundalini-yoga-seelenreise.info\/?page_id=1548","title":{"rendered":"HEALING"},"content":{"rendered":"\n<h1 class=\"wp-block-heading\">DIE SEELENREISE HEALING MEDITATION<\/h1>\n\n\n\n<h2 class=\"wp-block-heading\">&#8221; Vorstellung und Vorhaben angleichen&#8221; (Gesundheits-Version) <\/h2>\n\n\n\n<p>April 22, 1976 Yogi Bhajan<\/p>\n\n\n\n<figure class=\"wp-block-image\"><img loading=\"lazy\" decoding=\"async\" width=\"260\" height=\"260\" src=\"https:\/\/kundalini-yoga-seelenreise.info\/wp-891e2-content\/uploads\/2019\/11\/S1-1.jpg\" alt=\"\" class=\"wp-image-1556\" srcset=\"https:\/\/kundalini-yoga-seelenreise.info\/wp-891e2-content\/uploads\/2019\/11\/S1-1.jpg 260w, https:\/\/kundalini-yoga-seelenreise.info\/wp-891e2-content\/uploads\/2019\/11\/S1-1-150x150.jpg 150w\" sizes=\"auto, (max-width: 260px) 100vw, 260px\" \/><\/figure>\n\n\n\n<p>In einfacher Haltung.\nDie H\u00e4nde vor dem Herzen mit den Handfl\u00e4chen nach oben. Die Finger etwas\nauseinander, aber entspannt. Nur die Seiten der Spitzen der <strong>Sonnen- (Ring-)\nFinger ber\u00fchren sich<\/strong>. Der <strong>rechte Merkur (kleine) Finger ist (ohne zu\nber\u00fchren) unter dem linken Merkur-Finger<\/strong> in einen 90\u00b0 Winkel.<\/p>\n\n\n\n<figure class=\"wp-block-image\"><img loading=\"lazy\" decoding=\"async\" width=\"144\" height=\"123\" src=\"https:\/\/kundalini-yoga-seelenreise.info\/wp-891e2-content\/uploads\/2019\/11\/s2-1.jpg\" alt=\"\" class=\"wp-image-1557\"\/><\/figure>\n\n\n\n<p><strong>Chante Sa<\/strong> und spanne Daumen und Jupiter (Zeige-) Finger an, ohne sie zu bewegen.\nStrahle damit ein Gesundheits-Vorhaben f\u00fcr die Ziel-Person aus. Dann entspanne\nsie wieder.<\/p>\n\n\n\n<figure class=\"wp-block-image\"><img loading=\"lazy\" decoding=\"async\" width=\"134\" height=\"117\" src=\"https:\/\/kundalini-yoga-seelenreise.info\/wp-891e2-content\/uploads\/2019\/11\/s3-1.jpg\" alt=\"\" class=\"wp-image-1558\"\/><\/figure>\n\n\n\n<p><strong>Chante Ta<\/strong> und spanne Daumen und Saturn (Mittel-)\nFinger an, ohne sie zu bewegen. Strahle damit ein Gesundheits-Vorhaben f\u00fcr die Ziel-Person\naus. Dann entspanne sie wieder<\/p>\n\n\n\n<figure class=\"wp-block-image\"><img loading=\"lazy\" decoding=\"async\" width=\"139\" height=\"116\" src=\"https:\/\/kundalini-yoga-seelenreise.info\/wp-891e2-content\/uploads\/2019\/11\/s4-1.png\" alt=\"\" class=\"wp-image-1559\"\/><\/figure>\n\n\n\n<p><strong>Chante Na<\/strong> und spanne Daumen und Sonnen (Ring-) Finger an, ohne sie zu bewegen. Strahle\ndamit ein Gesundheits-Vorhaben f\u00fcr die Ziel-Person aus. Dann entspanne sie\nwieder.<\/p>\n\n\n\n<figure class=\"wp-block-image\"><img loading=\"lazy\" decoding=\"async\" width=\"136\" height=\"116\" src=\"https:\/\/kundalini-yoga-seelenreise.info\/wp-891e2-content\/uploads\/2019\/11\/s5-1.png\" alt=\"\" class=\"wp-image-1561\"\/><\/figure>\n\n\n\n<p><strong>Chante Ma<\/strong> und spanne Daumen und Merkur (Kleine-)\nFinger an, ohne sie zu bewegen. Strahle damit ein Gesundheits-Vorhaben f\u00fcr die Ziel-Person\naus. Dann entspanne sie wieder.<\/p>\n\n\n\n<figure class=\"wp-block-image\"><img loading=\"lazy\" decoding=\"async\" width=\"80\" height=\"104\" src=\"https:\/\/kundalini-yoga-seelenreise.info\/wp-891e2-content\/uploads\/2019\/11\/s8.jpg\" alt=\"\" class=\"wp-image-1565\"\/><\/figure>\n\n\n\n<p>Gleichzeitig bewegst du auf jeder Silbe, in einer <strong>L-f\u00f6rmigen Bewegung vom Scheitelpunkt zum dritten Auge<\/strong>, eine Vorstellung der R\u00fcckkehr zu einem urspr\u00fcnglichen, gesunden Zustand f\u00fcr die zu heilende Person <\/p>\n\n\n\n<figure class=\"wp-block-image\"><img loading=\"lazy\" decoding=\"async\" width=\"279\" height=\"120\" src=\"https:\/\/kundalini-yoga-seelenreise.info\/wp-891e2-content\/uploads\/2019\/11\/s11.png\" alt=\"\" class=\"wp-image-1554\"\/><\/figure>\n\n\n\n<h2 class=\"wp-block-heading\">EFFEKTIVSTE ANWENDUNG: VERBUNDENES HEILEN<\/h2>\n\n\n\n<p>A und B machen mit einander verbunden die Meditation \u201eGesundheits-Vorhaben und Vorstellung\u201c f\u00fcr C. <\/p>\n\n\n\n<figure class=\"wp-block-image\"><img loading=\"lazy\" decoding=\"async\" width=\"369\" height=\"112\" src=\"https:\/\/kundalini-yoga-seelenreise.info\/wp-891e2-content\/uploads\/2019\/11\/s9.jpg\" alt=\"\" class=\"wp-image-1566\" srcset=\"https:\/\/kundalini-yoga-seelenreise.info\/wp-891e2-content\/uploads\/2019\/11\/s9.jpg 369w, https:\/\/kundalini-yoga-seelenreise.info\/wp-891e2-content\/uploads\/2019\/11\/s9-300x91.jpg 300w\" sizes=\"auto, (max-width: 369px) 100vw, 369px\" \/><\/figure>\n\n\n\n<p>Variationen:<\/p>\n\n\n\n<ol class=\"wp-block-list\"><li>B schickt Gesundheits-Vorhaben und Vorstellung zur C, die vor B liegt oder sitzt und sich entspannt. A unterst\u00fctzt B dabei. In der Mitte der Meditation gibt es eventuell einen Rollentausch und Platzwechsel zwischen A und B. <\/li><li>Ein Kreis von A, die alle jeweils hinter einem B sitzen, ein oder mehrere C liegen oder sitzen in der Mitte.<\/li><li>A und\/oder B und\/oder C befinden sich nicht am gleichen Ort. A und B verabreden sich aber und schicken zur gleichen Zeit, aber ohne am gleichen Ort zu sein, C Gesundheits-Vorhaben und -Vorstellung. A unterst\u00fctzt B dabei (in der Mitte Rollentausch). &nbsp;<\/li><\/ol>\n\n\n\n<p>Diese Variationen\nsind alle gleich effektiv. Auch wenn A oder B ohne gegenseitige Unterst\u00fctzung Gesundheits-Vorhaben\nund Vorstellung schicken, ist das noch sehr, sehr willkommen.<\/p>\n","protected":false},"excerpt":{"rendered":"<p>DIE SEELENREISE HEALING MEDITATION &#8221; Vorstellung und Vorhaben angleichen&#8221; (Gesundheits-Version) April 22, 1976 Yogi Bhajan In einfacher Haltung. Die H\u00e4nde vor dem Herzen mit den Handfl\u00e4chen nach oben. Die Finger etwas auseinander, aber entspannt. Nur die Seiten der Spitzen der Sonnen- (Ring-) Finger ber\u00fchren sich. Der rechte Merkur (kleine) Finger ist (ohne zu ber\u00fchren) unter &hellip; <a href=\"https:\/\/kundalini-yoga-seelenreise.info\/?page_id=1548\" class=\"more-link\"><span class=\"screen-reader-text\">HEALING<\/span> weiterlesen <span class=\"meta-nav\">&rarr;<\/span><\/a><\/p>\n","protected":false},"author":1,"featured_media":0,"parent":0,"menu_order":0,"comment_status":"closed","ping_status":"closed","template":"","meta":{"footnotes":"","_links_to":"","_links_to_target":""},"class_list":["post-1548","page","type-page","status-publish","hentry"],"yoast_head":"<!-- This site is optimized with the Yoast SEO plugin v19.10 - https:\/\/yoast.com\/wordpress\/plugins\/seo\/ -->\n<title>HEALING - SEELENREISE-INSTITUT<\/title>\n<meta name=\"robots\" content=\"index, follow, max-snippet:-1, max-image-preview:large, max-video-preview:-1\" \/>\n<link rel=\"canonical\" href=\"https:\/\/kundalini-yoga-seelenreise.info\/?page_id=1548\" \/>\n<meta property=\"og:locale\" content=\"de_DE\" \/>\n<meta property=\"og:type\" content=\"article\" \/>\n<meta property=\"og:title\" content=\"HEALING - SEELENREISE-INSTITUT\" \/>\n<meta property=\"og:description\" content=\"DIE SEELENREISE HEALING MEDITATION &#8221; Vorstellung und Vorhaben angleichen&#8221; (Gesundheits-Version) April 22, 1976 Yogi Bhajan In einfacher Haltung. Die H\u00e4nde vor dem Herzen mit den Handfl\u00e4chen nach oben. Die Finger etwas auseinander, aber entspannt. Nur die Seiten der Spitzen der Sonnen- (Ring-) Finger ber\u00fchren sich. Der rechte Merkur (kleine) Finger ist (ohne zu ber\u00fchren) unter &hellip; HEALING weiterlesen &rarr;\" \/>\n<meta property=\"og:url\" content=\"https:\/\/kundalini-yoga-seelenreise.info\/?page_id=1548\" \/>\n<meta property=\"og:site_name\" content=\"SEELENREISE-INSTITUT\" \/>\n<meta property=\"article:modified_time\" content=\"2020-05-24T18:32:11+00:00\" \/>\n<meta property=\"og:image\" content=\"https:\/\/kundalini-yoga-seelenreise.info\/wp-891e2-content\/uploads\/2019\/11\/S1-1.jpg\" \/>\n<meta name=\"twitter:card\" content=\"summary_large_image\" \/>\n<meta name=\"twitter:label1\" content=\"Gesch\u00e4tzte Lesezeit\" \/>\n\t<meta name=\"twitter:data1\" content=\"2\u00a0Minuten\" \/>\n<script type=\"application\/ld+json\" class=\"yoast-schema-graph\">{\"@context\":\"https:\/\/schema.org\",\"@graph\":[{\"@type\":\"WebPage\",\"@id\":\"https:\/\/kundalini-yoga-seelenreise.info\/?page_id=1548\",\"url\":\"https:\/\/kundalini-yoga-seelenreise.info\/?page_id=1548\",\"name\":\"HEALING - SEELENREISE-INSTITUT\",\"isPartOf\":{\"@id\":\"https:\/\/kundalini-yoga-seelenreise.info\/#website\"},\"datePublished\":\"2019-11-11T03:54:49+00:00\",\"dateModified\":\"2020-05-24T18:32:11+00:00\",\"breadcrumb\":{\"@id\":\"https:\/\/kundalini-yoga-seelenreise.info\/?page_id=1548#breadcrumb\"},\"inLanguage\":\"de\",\"potentialAction\":[{\"@type\":\"ReadAction\",\"target\":[\"https:\/\/kundalini-yoga-seelenreise.info\/?page_id=1548\"]}]},{\"@type\":\"BreadcrumbList\",\"@id\":\"https:\/\/kundalini-yoga-seelenreise.info\/?page_id=1548#breadcrumb\",\"itemListElement\":[{\"@type\":\"ListItem\",\"position\":1,\"name\":\"Startseite\",\"item\":\"https:\/\/kundalini-yoga-seelenreise.info\/\"},{\"@type\":\"ListItem\",\"position\":2,\"name\":\"HEALING\"}]},{\"@type\":\"WebSite\",\"@id\":\"https:\/\/kundalini-yoga-seelenreise.info\/#website\",\"url\":\"https:\/\/kundalini-yoga-seelenreise.info\/\",\"name\":\"SEELENREISE-INSTITUT\",\"description\":\"Jeden Tag: 1 x schwitzen, 1x lachen...\",\"potentialAction\":[{\"@type\":\"SearchAction\",\"target\":{\"@type\":\"EntryPoint\",\"urlTemplate\":\"https:\/\/kundalini-yoga-seelenreise.info\/?s={search_term_string}\"},\"query-input\":\"required name=search_term_string\"}],\"inLanguage\":\"de\"}]}<\/script>\n<!-- \/ Yoast SEO plugin. -->","yoast_head_json":{"title":"HEALING - SEELENREISE-INSTITUT","robots":{"index":"index","follow":"follow","max-snippet":"max-snippet:-1","max-image-preview":"max-image-preview:large","max-video-preview":"max-video-preview:-1"},"canonical":"https:\/\/kundalini-yoga-seelenreise.info\/?page_id=1548","og_locale":"de_DE","og_type":"article","og_title":"HEALING - SEELENREISE-INSTITUT","og_description":"DIE SEELENREISE HEALING MEDITATION &#8221; Vorstellung und Vorhaben angleichen&#8221; (Gesundheits-Version) April 22, 1976 Yogi Bhajan In einfacher Haltung. Die H\u00e4nde vor dem Herzen mit den Handfl\u00e4chen nach oben. Die Finger etwas auseinander, aber entspannt. Nur die Seiten der Spitzen der Sonnen- (Ring-) Finger ber\u00fchren sich. Der rechte Merkur (kleine) Finger ist (ohne zu ber\u00fchren) unter &hellip; HEALING weiterlesen &rarr;","og_url":"https:\/\/kundalini-yoga-seelenreise.info\/?page_id=1548","og_site_name":"SEELENREISE-INSTITUT","article_modified_time":"2020-05-24T18:32:11+00:00","og_image":[{"url":"https:\/\/kundalini-yoga-seelenreise.info\/wp-891e2-content\/uploads\/2019\/11\/S1-1.jpg"}],"twitter_card":"summary_large_image","twitter_misc":{"Gesch\u00e4tzte Lesezeit":"2\u00a0Minuten"},"schema":{"@context":"https:\/\/schema.org","@graph":[{"@type":"WebPage","@id":"https:\/\/kundalini-yoga-seelenreise.info\/?page_id=1548","url":"https:\/\/kundalini-yoga-seelenreise.info\/?page_id=1548","name":"HEALING - SEELENREISE-INSTITUT","isPartOf":{"@id":"https:\/\/kundalini-yoga-seelenreise.info\/#website"},"datePublished":"2019-11-11T03:54:49+00:00","dateModified":"2020-05-24T18:32:11+00:00","breadcrumb":{"@id":"https:\/\/kundalini-yoga-seelenreise.info\/?page_id=1548#breadcrumb"},"inLanguage":"de","potentialAction":[{"@type":"ReadAction","target":["https:\/\/kundalini-yoga-seelenreise.info\/?page_id=1548"]}]},{"@type":"BreadcrumbList","@id":"https:\/\/kundalini-yoga-seelenreise.info\/?page_id=1548#breadcrumb","itemListElement":[{"@type":"ListItem","position":1,"name":"Startseite","item":"https:\/\/kundalini-yoga-seelenreise.info\/"},{"@type":"ListItem","position":2,"name":"HEALING"}]},{"@type":"WebSite","@id":"https:\/\/kundalini-yoga-seelenreise.info\/#website","url":"https:\/\/kundalini-yoga-seelenreise.info\/","name":"SEELENREISE-INSTITUT","description":"Jeden Tag: 1 x schwitzen, 1x lachen...","potentialAction":[{"@type":"SearchAction","target":{"@type":"EntryPoint","urlTemplate":"https:\/\/kundalini-yoga-seelenreise.info\/?s={search_term_string}"},"query-input":"required name=search_term_string"}],"inLanguage":"de"}]}},"uagb_featured_image_src":{"full":false,"thumbnail":false,"medium":false,"medium_large":false,"large":false,"1536x1536":false,"2048x2048":false,"post-thumbnail":false,"twentyfourteen-full-width":false},"uagb_author_info":{"display_name":"Satya Singh","author_link":"https:\/\/kundalini-yoga-seelenreise.info\/?page_id=3405&#038;uid=1"},"uagb_comment_info":0,"uagb_excerpt":"DIE SEELENREISE HEALING MEDITATION &#8221; Vorstellung und Vorhaben angleichen&#8221; (Gesundheits-Version) April 22, 1976 Yogi Bhajan In einfacher Haltung. Die H\u00e4nde vor dem Herzen mit den Handfl\u00e4chen nach oben. Die Finger etwas auseinander, aber entspannt. Nur die Seiten der Spitzen der Sonnen- (Ring-) Finger ber\u00fchren sich. Der rechte Merkur (kleine) Finger ist (ohne zu ber\u00fchren) unter&hellip;","_links":{"self":[{"href":"https:\/\/kundalini-yoga-seelenreise.info\/index.php?rest_route=\/wp\/v2\/pages\/1548","targetHints":{"allow":["GET"]}}],"collection":[{"href":"https:\/\/kundalini-yoga-seelenreise.info\/index.php?rest_route=\/wp\/v2\/pages"}],"about":[{"href":"https:\/\/kundalini-yoga-seelenreise.info\/index.php?rest_route=\/wp\/v2\/types\/page"}],"author":[{"embeddable":true,"href":"https:\/\/kundalini-yoga-seelenreise.info\/index.php?rest_route=\/wp\/v2\/users\/1"}],"replies":[{"embeddable":true,"href":"https:\/\/kundalini-yoga-seelenreise.info\/index.php?rest_route=%2Fwp%2Fv2%2Fcomments&post=1548"}],"version-history":[{"count":15,"href":"https:\/\/kundalini-yoga-seelenreise.info\/index.php?rest_route=\/wp\/v2\/pages\/1548\/revisions"}],"predecessor-version":[{"id":2875,"href":"https:\/\/kundalini-yoga-seelenreise.info\/index.php?rest_route=\/wp\/v2\/pages\/1548\/revisions\/2875"}],"wp:attachment":[{"href":"https:\/\/kundalini-yoga-seelenreise.info\/index.php?rest_route=%2Fwp%2Fv2%2Fmedia&parent=1548"}],"curies":[{"name":"wp","href":"https:\/\/api.w.org\/{rel}","templated":true}]}}