{"id":146,"date":"2019-05-16T06:00:20","date_gmt":"2019-05-16T05:00:20","guid":{"rendered":"http:\/\/kundalini-yoga-seelenreise.info\/?page_id=146"},"modified":"2021-01-04T13:50:35","modified_gmt":"2021-01-04T12:50:35","slug":"15-2","status":"publish","type":"page","link":"https:\/\/kundalini-yoga-seelenreise.info\/?page_id=146","title":{"rendered":"\u2600\ufe0f 15."},"content":{"rendered":"\n<p class=\"has-light-gray-background-color has-background\">Wirbel 15 (Th 5) ist vernetzt mit deinem Kehl-Chakra,\nZentrum des Verstehens. In diesem Abschnitt der Seelenreise geht es darum, die\nZeit, in der du lebst, zu verstehen und eine Vision der Zukunft zu entwickeln.\nDie 40-Tage-Kriya daf\u00fcr ist: \u201eKlarheit im Wassermann-Zeitalter\u201c (siehe Video)<\/p>\n\n\n\n<figure class=\"wp-block-image\"><img loading=\"lazy\" decoding=\"async\" width=\"1024\" height=\"683\" src=\"https:\/\/kundalini-yoga-seelenreise.info\/wp-891e2-content\/uploads\/2019\/06\/HQ4A3625-1024x683.jpg\" alt=\"\" class=\"wp-image-824\" srcset=\"https:\/\/kundalini-yoga-seelenreise.info\/wp-891e2-content\/uploads\/2019\/06\/HQ4A3625-1024x683.jpg 1024w, https:\/\/kundalini-yoga-seelenreise.info\/wp-891e2-content\/uploads\/2019\/06\/HQ4A3625-300x200.jpg 300w, https:\/\/kundalini-yoga-seelenreise.info\/wp-891e2-content\/uploads\/2019\/06\/HQ4A3625-768x512.jpg 768w, https:\/\/kundalini-yoga-seelenreise.info\/wp-891e2-content\/uploads\/2019\/06\/HQ4A3625.jpg 1200w\" sizes=\"auto, (max-width: 1024px) 100vw, 1024px\" \/><figcaption>Wirbel 15: &#8220;Ich bin Teil des neuen Zeitalters.&#8221; Foto Nina Stiller \/ Europ\u00e4isches Yoga Festival<\/figcaption><\/figure>\n\n\n\n<figure class=\"wp-block-image\"><img loading=\"lazy\" decoding=\"async\" width=\"497\" height=\"414\" src=\"https:\/\/kundalini-yoga-seelenreise.info\/wp-891e2-content\/uploads\/2019\/05\/15.jpg\" alt=\"\" class=\"wp-image-203\" srcset=\"https:\/\/kundalini-yoga-seelenreise.info\/wp-891e2-content\/uploads\/2019\/05\/15.jpg 497w, https:\/\/kundalini-yoga-seelenreise.info\/wp-891e2-content\/uploads\/2019\/05\/15-300x250.jpg 300w\" sizes=\"auto, (max-width: 497px) 100vw, 497px\" \/><\/figure>\n\n\n\n<figure class=\"wp-block-embed is-type-video is-provider-youtube wp-block-embed-youtube wp-embed-aspect-16-9 wp-has-aspect-ratio\"><div class=\"wp-block-embed__wrapper\">\n<iframe loading=\"lazy\" title=\"Seelenreise Wirbel 15\" width=\"474\" height=\"267\" src=\"https:\/\/www.youtube.com\/embed\/gt1gq8cbQ1k?feature=oembed\" frameborder=\"0\" allow=\"accelerometer; autoplay; clipboard-write; encrypted-media; gyroscope; picture-in-picture; web-share\" referrerpolicy=\"strict-origin-when-cross-origin\" allowfullscreen><\/iframe>\n<\/div><figcaption> <em>Kundalini Yoga \u00dcbungen zum Mitmachen (ung. 14 Minuten) basierend auf das Buch \u201cKundalini Yoga als Seelenreise\u201d von Satya Singh<\/em> <\/figcaption><\/figure>\n\n\n<div class=\"wp-block-quotes-collection-random-quote\" style=\"background-color:#24890d;color:#fff;text-align:left;\"\"><div class=\"quotescollection-quote-wrapper\" id=\"tf_quotescollection_1\"><blockquote class=\"quotescollection-quote\" style=\"background-color:#24890d;color:#fff;\"><p>2. Sutra f\u00fcr das Wassermann-Zeitalter: ES GIBT EINEN WEG DURCH JEDE BLOCKADE.<\/p>\n<footer class=\"attribution\" style=\"text-align:right;\">&mdash;&nbsp;<cite class=\"author\">yogi bhajan<\/cite><\/footer><\/blockquote><script type=\"text\/javascript\">\nvar args_tf_quotescollection_1 = {\"instanceID\":\"tf_quotescollection_1\", \"currQuoteID\":47, \"showAuthor\":1, \"showSource\":0, \"tags\":\"15\", \"charLimit\":500, \"orderBy\":\"random\", \"ajaxRefresh\":1, \"autoRefresh\":10, \"dynamicFetch\":0, \"before\":\"&lt;blockquote class=\\&quot;quotescollection-quote\\&quot; style=\\&quot;background-color:#24890d;color:#fff;\\&quot;&gt;\", \"after\":\"&lt;\/blockquote&gt;\", \"beforeAttribution\":\"&lt;footer class=\\&quot;attribution\\&quot; style=\\&quot;text-align:right;\\&quot;&gt;&amp;mdash;&amp;nbsp;\", \"afterAttribution\":\"&lt;\/footer&gt;\", };quotescollectionTimer(args_tf_quotescollection_1);<\/script>\n<\/div><\/div>\n\n\n<p class=\"has-light-gray-background-color has-background\"> F\u00fcr mehr Information siehe<a href=\"https:\/\/kundalini-yoga-seelenreise.info\/?page_id=1695\">&nbsp;\u201cAnpassungen &amp; Erg\u00e4nzungen 15\u201d<\/a> <\/p>\n\n\n\n<p>Im Laufe der 40 Tage kannst du, wenn du m\u00f6chtest, die Kriya aufbauen zu die urspr\u00fcnglich angegebene Zeit: <br> 1. Laut chanten: 3 Minuten. <br> 2. Fl\u00fcsternd: 4 Minuten. <br> 3. Innerlich chanten: 6 Minuten. <br> 4. Strecke die Arme hoch: 90 Sekunden. <\/p>\n","protected":false},"excerpt":{"rendered":"<p>Wirbel 15 (Th 5) ist vernetzt mit deinem Kehl-Chakra, Zentrum des Verstehens. In diesem Abschnitt der Seelenreise geht es darum, die Zeit, in der du lebst, zu verstehen und eine Vision der Zukunft zu entwickeln. Die 40-Tage-Kriya daf\u00fcr ist: \u201eKlarheit im Wassermann-Zeitalter\u201c (siehe Video) F\u00fcr mehr Information siehe&nbsp;\u201cAnpassungen &amp; Erg\u00e4nzungen 15\u201d Im Laufe der 40 &hellip; <a href=\"https:\/\/kundalini-yoga-seelenreise.info\/?page_id=146\" class=\"more-link\"><span class=\"screen-reader-text\">\u2600\ufe0f 15.<\/span> weiterlesen <span class=\"meta-nav\">&rarr;<\/span><\/a><\/p>\n","protected":false},"author":1,"featured_media":0,"parent":0,"menu_order":180,"comment_status":"open","ping_status":"closed","template":"","meta":{"footnotes":"","_links_to":"","_links_to_target":""},"class_list":["post-146","page","type-page","status-publish","hentry"],"yoast_head":"<!-- This site is optimized with the Yoast SEO plugin v19.10 - https:\/\/yoast.com\/wordpress\/plugins\/seo\/ -->\n<title>\u2600\ufe0f 15. - SEELENREISE-INSTITUT<\/title>\n<meta name=\"robots\" content=\"index, follow, max-snippet:-1, max-image-preview:large, max-video-preview:-1\" \/>\n<link rel=\"canonical\" href=\"https:\/\/kundalini-yoga-seelenreise.info\/?page_id=146\" \/>\n<meta property=\"og:locale\" content=\"de_DE\" \/>\n<meta property=\"og:type\" content=\"article\" \/>\n<meta property=\"og:title\" content=\"\u2600\ufe0f 15. - SEELENREISE-INSTITUT\" \/>\n<meta property=\"og:description\" content=\"Wirbel 15 (Th 5) ist vernetzt mit deinem Kehl-Chakra, Zentrum des Verstehens. In diesem Abschnitt der Seelenreise geht es darum, die Zeit, in der du lebst, zu verstehen und eine Vision der Zukunft zu entwickeln. Die 40-Tage-Kriya daf\u00fcr ist: \u201eKlarheit im Wassermann-Zeitalter\u201c (siehe Video) F\u00fcr mehr Information siehe&nbsp;\u201cAnpassungen &amp; Erg\u00e4nzungen 15\u201d Im Laufe der 40 &hellip; \u2600\ufe0f 15. weiterlesen &rarr;\" \/>\n<meta property=\"og:url\" content=\"https:\/\/kundalini-yoga-seelenreise.info\/?page_id=146\" \/>\n<meta property=\"og:site_name\" content=\"SEELENREISE-INSTITUT\" \/>\n<meta property=\"article:modified_time\" content=\"2021-01-04T12:50:35+00:00\" \/>\n<meta property=\"og:image\" content=\"https:\/\/kundalini-yoga-seelenreise.info\/wp-891e2-content\/uploads\/2019\/06\/HQ4A3625-1024x683.jpg\" \/>\n<meta name=\"twitter:card\" content=\"summary_large_image\" \/>\n<meta name=\"twitter:label1\" content=\"Gesch\u00e4tzte Lesezeit\" \/>\n\t<meta name=\"twitter:data1\" content=\"1\u00a0Minute\" \/>\n<script type=\"application\/ld+json\" class=\"yoast-schema-graph\">{\"@context\":\"https:\/\/schema.org\",\"@graph\":[{\"@type\":\"WebPage\",\"@id\":\"https:\/\/kundalini-yoga-seelenreise.info\/?page_id=146\",\"url\":\"https:\/\/kundalini-yoga-seelenreise.info\/?page_id=146\",\"name\":\"\u2600\ufe0f 15. - SEELENREISE-INSTITUT\",\"isPartOf\":{\"@id\":\"https:\/\/kundalini-yoga-seelenreise.info\/#website\"},\"datePublished\":\"2019-05-16T05:00:20+00:00\",\"dateModified\":\"2021-01-04T12:50:35+00:00\",\"breadcrumb\":{\"@id\":\"https:\/\/kundalini-yoga-seelenreise.info\/?page_id=146#breadcrumb\"},\"inLanguage\":\"de\",\"potentialAction\":[{\"@type\":\"ReadAction\",\"target\":[\"https:\/\/kundalini-yoga-seelenreise.info\/?page_id=146\"]}]},{\"@type\":\"BreadcrumbList\",\"@id\":\"https:\/\/kundalini-yoga-seelenreise.info\/?page_id=146#breadcrumb\",\"itemListElement\":[{\"@type\":\"ListItem\",\"position\":1,\"name\":\"Startseite\",\"item\":\"https:\/\/kundalini-yoga-seelenreise.info\/\"},{\"@type\":\"ListItem\",\"position\":2,\"name\":\"\u2600\ufe0f 15.\"}]},{\"@type\":\"WebSite\",\"@id\":\"https:\/\/kundalini-yoga-seelenreise.info\/#website\",\"url\":\"https:\/\/kundalini-yoga-seelenreise.info\/\",\"name\":\"SEELENREISE-INSTITUT\",\"description\":\"Jeden Tag: 1 x schwitzen, 1x lachen...\",\"potentialAction\":[{\"@type\":\"SearchAction\",\"target\":{\"@type\":\"EntryPoint\",\"urlTemplate\":\"https:\/\/kundalini-yoga-seelenreise.info\/?s={search_term_string}\"},\"query-input\":\"required name=search_term_string\"}],\"inLanguage\":\"de\"}]}<\/script>\n<!-- \/ Yoast SEO plugin. -->","yoast_head_json":{"title":"\u2600\ufe0f 15. - SEELENREISE-INSTITUT","robots":{"index":"index","follow":"follow","max-snippet":"max-snippet:-1","max-image-preview":"max-image-preview:large","max-video-preview":"max-video-preview:-1"},"canonical":"https:\/\/kundalini-yoga-seelenreise.info\/?page_id=146","og_locale":"de_DE","og_type":"article","og_title":"\u2600\ufe0f 15. - SEELENREISE-INSTITUT","og_description":"Wirbel 15 (Th 5) ist vernetzt mit deinem Kehl-Chakra, Zentrum des Verstehens. In diesem Abschnitt der Seelenreise geht es darum, die Zeit, in der du lebst, zu verstehen und eine Vision der Zukunft zu entwickeln. Die 40-Tage-Kriya daf\u00fcr ist: \u201eKlarheit im Wassermann-Zeitalter\u201c (siehe Video) F\u00fcr mehr Information siehe&nbsp;\u201cAnpassungen &amp; Erg\u00e4nzungen 15\u201d Im Laufe der 40 &hellip; \u2600\ufe0f 15. weiterlesen &rarr;","og_url":"https:\/\/kundalini-yoga-seelenreise.info\/?page_id=146","og_site_name":"SEELENREISE-INSTITUT","article_modified_time":"2021-01-04T12:50:35+00:00","og_image":[{"url":"https:\/\/kundalini-yoga-seelenreise.info\/wp-891e2-content\/uploads\/2019\/06\/HQ4A3625-1024x683.jpg"}],"twitter_card":"summary_large_image","twitter_misc":{"Gesch\u00e4tzte Lesezeit":"1\u00a0Minute"},"schema":{"@context":"https:\/\/schema.org","@graph":[{"@type":"WebPage","@id":"https:\/\/kundalini-yoga-seelenreise.info\/?page_id=146","url":"https:\/\/kundalini-yoga-seelenreise.info\/?page_id=146","name":"\u2600\ufe0f 15. - SEELENREISE-INSTITUT","isPartOf":{"@id":"https:\/\/kundalini-yoga-seelenreise.info\/#website"},"datePublished":"2019-05-16T05:00:20+00:00","dateModified":"2021-01-04T12:50:35+00:00","breadcrumb":{"@id":"https:\/\/kundalini-yoga-seelenreise.info\/?page_id=146#breadcrumb"},"inLanguage":"de","potentialAction":[{"@type":"ReadAction","target":["https:\/\/kundalini-yoga-seelenreise.info\/?page_id=146"]}]},{"@type":"BreadcrumbList","@id":"https:\/\/kundalini-yoga-seelenreise.info\/?page_id=146#breadcrumb","itemListElement":[{"@type":"ListItem","position":1,"name":"Startseite","item":"https:\/\/kundalini-yoga-seelenreise.info\/"},{"@type":"ListItem","position":2,"name":"\u2600\ufe0f 15."}]},{"@type":"WebSite","@id":"https:\/\/kundalini-yoga-seelenreise.info\/#website","url":"https:\/\/kundalini-yoga-seelenreise.info\/","name":"SEELENREISE-INSTITUT","description":"Jeden Tag: 1 x schwitzen, 1x lachen...","potentialAction":[{"@type":"SearchAction","target":{"@type":"EntryPoint","urlTemplate":"https:\/\/kundalini-yoga-seelenreise.info\/?s={search_term_string}"},"query-input":"required name=search_term_string"}],"inLanguage":"de"}]}},"uagb_featured_image_src":{"full":false,"thumbnail":false,"medium":false,"medium_large":false,"large":false,"1536x1536":false,"2048x2048":false,"post-thumbnail":false,"twentyfourteen-full-width":false},"uagb_author_info":{"display_name":"Satya Singh","author_link":"https:\/\/kundalini-yoga-seelenreise.info\/?page_id=3405&#038;uid=1"},"uagb_comment_info":14,"uagb_excerpt":"Wirbel 15 (Th 5) ist vernetzt mit deinem Kehl-Chakra, Zentrum des Verstehens. In diesem Abschnitt der Seelenreise geht es darum, die Zeit, in der du lebst, zu verstehen und eine Vision der Zukunft zu entwickeln. Die 40-Tage-Kriya daf\u00fcr ist: \u201eKlarheit im Wassermann-Zeitalter\u201c (siehe Video) F\u00fcr mehr Information siehe&nbsp;\u201cAnpassungen &amp; Erg\u00e4nzungen 15\u201d Im Laufe der 40&hellip;","_links":{"self":[{"href":"https:\/\/kundalini-yoga-seelenreise.info\/index.php?rest_route=\/wp\/v2\/pages\/146","targetHints":{"allow":["GET"]}}],"collection":[{"href":"https:\/\/kundalini-yoga-seelenreise.info\/index.php?rest_route=\/wp\/v2\/pages"}],"about":[{"href":"https:\/\/kundalini-yoga-seelenreise.info\/index.php?rest_route=\/wp\/v2\/types\/page"}],"author":[{"embeddable":true,"href":"https:\/\/kundalini-yoga-seelenreise.info\/index.php?rest_route=\/wp\/v2\/users\/1"}],"replies":[{"embeddable":true,"href":"https:\/\/kundalini-yoga-seelenreise.info\/index.php?rest_route=%2Fwp%2Fv2%2Fcomments&post=146"}],"version-history":[{"count":15,"href":"https:\/\/kundalini-yoga-seelenreise.info\/index.php?rest_route=\/wp\/v2\/pages\/146\/revisions"}],"predecessor-version":[{"id":3056,"href":"https:\/\/kundalini-yoga-seelenreise.info\/index.php?rest_route=\/wp\/v2\/pages\/146\/revisions\/3056"}],"wp:attachment":[{"href":"https:\/\/kundalini-yoga-seelenreise.info\/index.php?rest_route=%2Fwp%2Fv2%2Fmedia&parent=146"}],"curies":[{"name":"wp","href":"https:\/\/api.w.org\/{rel}","templated":true}]}}