{"id":1449,"date":"2019-11-01T23:31:41","date_gmt":"2019-11-01T21:31:41","guid":{"rendered":"https:\/\/kundalini-yoga-seelenreise.info\/?page_id=1449"},"modified":"2019-11-27T16:32:36","modified_gmt":"2019-11-27T15:32:36","slug":"anpassungen-und-ergaenzungen","status":"publish","type":"page","link":"https:\/\/kundalini-yoga-seelenreise.info\/?page_id=1449","title":{"rendered":"ANPASSUNGEN &#038; ERG\u00c4NZUNGEN 5"},"content":{"rendered":"<p><!--StartFragment--><\/p>\n\n\n<h2 class=\"wp-block-heading\">Probleme mit eine der Vorbereitungs\u00fcbungen<\/h2>\n\n\n\n<p>Die drei Vorbereitungs\u00fcbungen f\u00fcr diese Kriya wurden sorgf\u00e4ltig ausgew\u00e4hlt um die Wirkung der Kriya zu verst\u00e4rken. Wenn du aber mit einer oder mehreren dieser \u00dcbungen Probleme hast, weil sie Schmerzen verursachen (ich meine da nicht einen normalen Dehnungsschmerz), kannst du sie gerne ersetzen durch die \u00dcbung \u201eKamelritt: <br>In einfacher Haltung mit den H\u00e4nden auf den Fu\u00dfgelenken (oder evt. auf einem Stuhl mit den F\u00fc\u00dfen flach auf den Boden und den H\u00e4nden auf den Knien)<br>Atme ein, kippe dein Becken nach vorne<br>Atme aus, kippe dein Becken nach hinten<br>Dein Kopf bleibt dabei in der Mitte<br>Zeit: 26 Mal <\/p>\n\n\n\n<figure class=\"wp-block-image size-large\"><img loading=\"lazy\" decoding=\"async\" width=\"151\" height=\"93\" src=\"https:\/\/kundalini-yoga-seelenreise.info\/wp-891e2-content\/uploads\/2019\/11\/spinal-flex.png\" alt=\"\" class=\"wp-image-1669\"\/><figcaption>Kamel-Ritt<\/figcaption><\/figure>\n\n\n<p><!--EndFragment--><\/p>\n\n\n<figure class=\"wp-block-image\"><img loading=\"lazy\" decoding=\"async\" width=\"519\" height=\"339\" src=\"https:\/\/kundalini-yoga-seelenreise.info\/wp-891e2-content\/uploads\/2019\/11\/adler.jpg\" alt=\"\" class=\"wp-image-1482\" srcset=\"https:\/\/kundalini-yoga-seelenreise.info\/wp-891e2-content\/uploads\/2019\/11\/adler.jpg 519w, https:\/\/kundalini-yoga-seelenreise.info\/wp-891e2-content\/uploads\/2019\/11\/adler-300x196.jpg 300w\" sizes=\"auto, (max-width: 519px) 100vw, 519px\" \/><\/figure>\n\n\n\n<h2 class=\"wp-block-heading\">Das Aufbauen der Adler-Haltung<\/h2>\n\n\n\n<p>Die Adler-Haltung ist nicht einfach. Hier ein paar Ideen wie du diese Haltung allm\u00e4hlich aufbauen kannst.<br>Schritt 1a:  Bring deinen Gewicht auf dein rechtes Bein und wickle dein linkes Bein um deinen linken Oberschenkel und  hake deine linken Zehen um deine rechte Wade herum. . Eventuell halte dich an der Wand fest bis du der Position halten kannst. 1 Min.<br>Schritt 1b: Dann wechsle die Beine. 1 Min.<br><\/p>\n\n\n\n<figure class=\"wp-block-image\"><img loading=\"lazy\" decoding=\"async\" width=\"388\" height=\"341\" src=\"https:\/\/kundalini-yoga-seelenreise.info\/wp-891e2-content\/uploads\/2019\/11\/adlerarm1.jpg\" alt=\"\" class=\"wp-image-1483\" srcset=\"https:\/\/kundalini-yoga-seelenreise.info\/wp-891e2-content\/uploads\/2019\/11\/adlerarm1.jpg 388w, https:\/\/kundalini-yoga-seelenreise.info\/wp-891e2-content\/uploads\/2019\/11\/adlerarm1-300x264.jpg 300w\" sizes=\"auto, (max-width: 388px) 100vw, 388px\" \/><\/figure>\n\n\n\n<figure class=\"wp-block-image\"><img loading=\"lazy\" decoding=\"async\" width=\"387\" height=\"339\" src=\"https:\/\/kundalini-yoga-seelenreise.info\/wp-891e2-content\/uploads\/2019\/11\/adlerarm2.jpg\" alt=\"\" class=\"wp-image-1484\" srcset=\"https:\/\/kundalini-yoga-seelenreise.info\/wp-891e2-content\/uploads\/2019\/11\/adlerarm2.jpg 387w, https:\/\/kundalini-yoga-seelenreise.info\/wp-891e2-content\/uploads\/2019\/11\/adlerarm2-300x263.jpg 300w\" sizes=\"auto, (max-width: 387px) 100vw, 387px\" \/><\/figure>\n\n\n\n<p>\n\nSchritt 2a: Bringe deinen Gewicht wieder auf beide Beinen und kreuze die Arme links \u00fcber rechts, winkle beide Unterarme<br> nach oben, dabei ist der linke Ellbogen oben auf dem rechten.<br> Bringe die Handfl\u00e4chen zusammen. 1 Min.<br>Schritt 2b: Jetzt wechsle die Arme. 1 Min.<\/p>\n\n\n\n<p>Schritt 3a: Jetzt kombiniere1a und 2a <br>Halte die Position mit normalem Atem.<br> Zeitdauer: 1 bis 3 Minuten.<\/p>\n\n\n\n<p>Schritt 3b: Jetzt wechsle die Seiten und  halte f\u00fcr 1 bis 3 Minuten.<\/p>\n\n\n\n<p> Die Adler-Haltung ist eine Gleichgewichts\u00fcbung. Wenn<br> du diese Kriya zum ersten Mal \u00fcbst, halte die Augen offen und<br> auf einen Punkt fixiert. Sp\u00e4ter kannst du mit geschlossenen<br> Augen \u00fcben. Halte dein Standbein leicht (ungef\u00e4hr 5 Prozent) gebeugt. <\/p>\n\n\n\n<p>Wenn du die Hirnanhangsdr\u00fcse stimulierst, aktivierst du damit auch das dritte Auge, den Punkt zwischen den Augenbrauen, das Zentrum von Intuition und verfeinerter Wahrnehmung.\n\n<\/p>\n","protected":false},"excerpt":{"rendered":"<p>Probleme mit eine der Vorbereitungs\u00fcbungen Die drei Vorbereitungs\u00fcbungen f\u00fcr diese Kriya wurden sorgf\u00e4ltig ausgew\u00e4hlt um die Wirkung der Kriya zu verst\u00e4rken. Wenn du aber mit einer oder mehreren dieser \u00dcbungen Probleme hast, weil sie Schmerzen verursachen (ich meine da nicht einen normalen Dehnungsschmerz), kannst du sie gerne ersetzen durch die \u00dcbung \u201eKamelritt: In einfacher Haltung &hellip; <a href=\"https:\/\/kundalini-yoga-seelenreise.info\/?page_id=1449\" class=\"more-link\"><span class=\"screen-reader-text\">ANPASSUNGEN &#038; ERG\u00c4NZUNGEN 5<\/span> weiterlesen <span class=\"meta-nav\">&rarr;<\/span><\/a><\/p>\n","protected":false},"author":1,"featured_media":0,"parent":0,"menu_order":0,"comment_status":"closed","ping_status":"closed","template":"","meta":{"footnotes":"","_links_to":"","_links_to_target":""},"class_list":["post-1449","page","type-page","status-publish","hentry"],"yoast_head":"<!-- This site is optimized with the Yoast SEO plugin v19.10 - https:\/\/yoast.com\/wordpress\/plugins\/seo\/ -->\n<title>ANPASSUNGEN &amp; ERG\u00c4NZUNGEN 5 - SEELENREISE-INSTITUT<\/title>\n<meta name=\"robots\" content=\"index, follow, max-snippet:-1, max-image-preview:large, max-video-preview:-1\" \/>\n<link rel=\"canonical\" href=\"https:\/\/kundalini-yoga-seelenreise.info\/?page_id=1449\" \/>\n<meta property=\"og:locale\" content=\"de_DE\" \/>\n<meta property=\"og:type\" content=\"article\" \/>\n<meta property=\"og:title\" content=\"ANPASSUNGEN &amp; ERG\u00c4NZUNGEN 5 - SEELENREISE-INSTITUT\" \/>\n<meta property=\"og:description\" content=\"Probleme mit eine der Vorbereitungs\u00fcbungen Die drei Vorbereitungs\u00fcbungen f\u00fcr diese Kriya wurden sorgf\u00e4ltig ausgew\u00e4hlt um die Wirkung der Kriya zu verst\u00e4rken. Wenn du aber mit einer oder mehreren dieser \u00dcbungen Probleme hast, weil sie Schmerzen verursachen (ich meine da nicht einen normalen Dehnungsschmerz), kannst du sie gerne ersetzen durch die \u00dcbung \u201eKamelritt: In einfacher Haltung &hellip; ANPASSUNGEN &#038; ERG\u00c4NZUNGEN 5 weiterlesen &rarr;\" \/>\n<meta property=\"og:url\" content=\"https:\/\/kundalini-yoga-seelenreise.info\/?page_id=1449\" \/>\n<meta property=\"og:site_name\" content=\"SEELENREISE-INSTITUT\" \/>\n<meta property=\"article:modified_time\" content=\"2019-11-27T15:32:36+00:00\" \/>\n<meta property=\"og:image\" content=\"https:\/\/kundalini-yoga-seelenreise.info\/wp-891e2-content\/uploads\/2019\/11\/spinal-flex.png\" \/>\n<meta name=\"twitter:card\" content=\"summary_large_image\" \/>\n<meta name=\"twitter:label1\" content=\"Gesch\u00e4tzte Lesezeit\" \/>\n\t<meta name=\"twitter:data1\" content=\"2\u00a0Minuten\" \/>\n<script type=\"application\/ld+json\" class=\"yoast-schema-graph\">{\"@context\":\"https:\/\/schema.org\",\"@graph\":[{\"@type\":\"WebPage\",\"@id\":\"https:\/\/kundalini-yoga-seelenreise.info\/?page_id=1449\",\"url\":\"https:\/\/kundalini-yoga-seelenreise.info\/?page_id=1449\",\"name\":\"ANPASSUNGEN & ERG\u00c4NZUNGEN 5 - SEELENREISE-INSTITUT\",\"isPartOf\":{\"@id\":\"https:\/\/kundalini-yoga-seelenreise.info\/#website\"},\"datePublished\":\"2019-11-01T21:31:41+00:00\",\"dateModified\":\"2019-11-27T15:32:36+00:00\",\"breadcrumb\":{\"@id\":\"https:\/\/kundalini-yoga-seelenreise.info\/?page_id=1449#breadcrumb\"},\"inLanguage\":\"de\",\"potentialAction\":[{\"@type\":\"ReadAction\",\"target\":[\"https:\/\/kundalini-yoga-seelenreise.info\/?page_id=1449\"]}]},{\"@type\":\"BreadcrumbList\",\"@id\":\"https:\/\/kundalini-yoga-seelenreise.info\/?page_id=1449#breadcrumb\",\"itemListElement\":[{\"@type\":\"ListItem\",\"position\":1,\"name\":\"Startseite\",\"item\":\"https:\/\/kundalini-yoga-seelenreise.info\/\"},{\"@type\":\"ListItem\",\"position\":2,\"name\":\"ANPASSUNGEN &#038; ERG\u00c4NZUNGEN 5\"}]},{\"@type\":\"WebSite\",\"@id\":\"https:\/\/kundalini-yoga-seelenreise.info\/#website\",\"url\":\"https:\/\/kundalini-yoga-seelenreise.info\/\",\"name\":\"SEELENREISE-INSTITUT\",\"description\":\"Jeden Tag: 1 x schwitzen, 1x lachen...\",\"potentialAction\":[{\"@type\":\"SearchAction\",\"target\":{\"@type\":\"EntryPoint\",\"urlTemplate\":\"https:\/\/kundalini-yoga-seelenreise.info\/?s={search_term_string}\"},\"query-input\":\"required name=search_term_string\"}],\"inLanguage\":\"de\"}]}<\/script>\n<!-- \/ Yoast SEO plugin. -->","yoast_head_json":{"title":"ANPASSUNGEN & ERG\u00c4NZUNGEN 5 - SEELENREISE-INSTITUT","robots":{"index":"index","follow":"follow","max-snippet":"max-snippet:-1","max-image-preview":"max-image-preview:large","max-video-preview":"max-video-preview:-1"},"canonical":"https:\/\/kundalini-yoga-seelenreise.info\/?page_id=1449","og_locale":"de_DE","og_type":"article","og_title":"ANPASSUNGEN & ERG\u00c4NZUNGEN 5 - SEELENREISE-INSTITUT","og_description":"Probleme mit eine der Vorbereitungs\u00fcbungen Die drei Vorbereitungs\u00fcbungen f\u00fcr diese Kriya wurden sorgf\u00e4ltig ausgew\u00e4hlt um die Wirkung der Kriya zu verst\u00e4rken. Wenn du aber mit einer oder mehreren dieser \u00dcbungen Probleme hast, weil sie Schmerzen verursachen (ich meine da nicht einen normalen Dehnungsschmerz), kannst du sie gerne ersetzen durch die \u00dcbung \u201eKamelritt: In einfacher Haltung &hellip; ANPASSUNGEN &#038; ERG\u00c4NZUNGEN 5 weiterlesen &rarr;","og_url":"https:\/\/kundalini-yoga-seelenreise.info\/?page_id=1449","og_site_name":"SEELENREISE-INSTITUT","article_modified_time":"2019-11-27T15:32:36+00:00","og_image":[{"url":"https:\/\/kundalini-yoga-seelenreise.info\/wp-891e2-content\/uploads\/2019\/11\/spinal-flex.png"}],"twitter_card":"summary_large_image","twitter_misc":{"Gesch\u00e4tzte Lesezeit":"2\u00a0Minuten"},"schema":{"@context":"https:\/\/schema.org","@graph":[{"@type":"WebPage","@id":"https:\/\/kundalini-yoga-seelenreise.info\/?page_id=1449","url":"https:\/\/kundalini-yoga-seelenreise.info\/?page_id=1449","name":"ANPASSUNGEN & ERG\u00c4NZUNGEN 5 - SEELENREISE-INSTITUT","isPartOf":{"@id":"https:\/\/kundalini-yoga-seelenreise.info\/#website"},"datePublished":"2019-11-01T21:31:41+00:00","dateModified":"2019-11-27T15:32:36+00:00","breadcrumb":{"@id":"https:\/\/kundalini-yoga-seelenreise.info\/?page_id=1449#breadcrumb"},"inLanguage":"de","potentialAction":[{"@type":"ReadAction","target":["https:\/\/kundalini-yoga-seelenreise.info\/?page_id=1449"]}]},{"@type":"BreadcrumbList","@id":"https:\/\/kundalini-yoga-seelenreise.info\/?page_id=1449#breadcrumb","itemListElement":[{"@type":"ListItem","position":1,"name":"Startseite","item":"https:\/\/kundalini-yoga-seelenreise.info\/"},{"@type":"ListItem","position":2,"name":"ANPASSUNGEN &#038; ERG\u00c4NZUNGEN 5"}]},{"@type":"WebSite","@id":"https:\/\/kundalini-yoga-seelenreise.info\/#website","url":"https:\/\/kundalini-yoga-seelenreise.info\/","name":"SEELENREISE-INSTITUT","description":"Jeden Tag: 1 x schwitzen, 1x lachen...","potentialAction":[{"@type":"SearchAction","target":{"@type":"EntryPoint","urlTemplate":"https:\/\/kundalini-yoga-seelenreise.info\/?s={search_term_string}"},"query-input":"required name=search_term_string"}],"inLanguage":"de"}]}},"uagb_featured_image_src":{"full":false,"thumbnail":false,"medium":false,"medium_large":false,"large":false,"1536x1536":false,"2048x2048":false,"post-thumbnail":false,"twentyfourteen-full-width":false},"uagb_author_info":{"display_name":"Satya Singh","author_link":"https:\/\/kundalini-yoga-seelenreise.info\/?page_id=3405&#038;uid=1"},"uagb_comment_info":0,"uagb_excerpt":"Probleme mit eine der Vorbereitungs\u00fcbungen Die drei Vorbereitungs\u00fcbungen f\u00fcr diese Kriya wurden sorgf\u00e4ltig ausgew\u00e4hlt um die Wirkung der Kriya zu verst\u00e4rken. Wenn du aber mit einer oder mehreren dieser \u00dcbungen Probleme hast, weil sie Schmerzen verursachen (ich meine da nicht einen normalen Dehnungsschmerz), kannst du sie gerne ersetzen durch die \u00dcbung \u201eKamelritt: In einfacher Haltung&hellip;","_links":{"self":[{"href":"https:\/\/kundalini-yoga-seelenreise.info\/index.php?rest_route=\/wp\/v2\/pages\/1449","targetHints":{"allow":["GET"]}}],"collection":[{"href":"https:\/\/kundalini-yoga-seelenreise.info\/index.php?rest_route=\/wp\/v2\/pages"}],"about":[{"href":"https:\/\/kundalini-yoga-seelenreise.info\/index.php?rest_route=\/wp\/v2\/types\/page"}],"author":[{"embeddable":true,"href":"https:\/\/kundalini-yoga-seelenreise.info\/index.php?rest_route=\/wp\/v2\/users\/1"}],"replies":[{"embeddable":true,"href":"https:\/\/kundalini-yoga-seelenreise.info\/index.php?rest_route=%2Fwp%2Fv2%2Fcomments&post=1449"}],"version-history":[{"count":7,"href":"https:\/\/kundalini-yoga-seelenreise.info\/index.php?rest_route=\/wp\/v2\/pages\/1449\/revisions"}],"predecessor-version":[{"id":1681,"href":"https:\/\/kundalini-yoga-seelenreise.info\/index.php?rest_route=\/wp\/v2\/pages\/1449\/revisions\/1681"}],"wp:attachment":[{"href":"https:\/\/kundalini-yoga-seelenreise.info\/index.php?rest_route=%2Fwp%2Fv2%2Fmedia&parent=1449"}],"curies":[{"name":"wp","href":"https:\/\/api.w.org\/{rel}","templated":true}]}}