{"id":135,"date":"2019-05-16T05:58:20","date_gmt":"2019-05-16T04:58:20","guid":{"rendered":"http:\/\/kundalini-yoga-seelenreise.info\/?page_id=135"},"modified":"2021-01-04T13:46:00","modified_gmt":"2021-01-04T12:46:00","slug":"10-2","status":"publish","type":"page","link":"https:\/\/kundalini-yoga-seelenreise.info\/?page_id=135","title":{"rendered":"\u2600\ufe0f 10."},"content":{"rendered":"\n<p class=\"has-light-gray-background-color has-background\">Wirbel 10 (Th 10) ist psychosomatisch verbunden mit deiner\nBauchspeicheldr\u00fcse, die den Blutzuckerspiegel reguliert. In diesem\nReise-Abschnitt geht es darum, dein Herz zu \u00f6ffnen. Als 40-Tage-Kriya\ngebrauchen wir dabei: \u201eDer Wunderbogen\u201c (siehe Video).<\/p>\n\n\n\n<figure class=\"wp-block-image\"><img loading=\"lazy\" decoding=\"async\" width=\"483\" height=\"424\" src=\"https:\/\/kundalini-yoga-seelenreise.info\/wp-891e2-content\/uploads\/2019\/05\/10.jpg\" alt=\"\" class=\"wp-image-187\" srcset=\"https:\/\/kundalini-yoga-seelenreise.info\/wp-891e2-content\/uploads\/2019\/05\/10.jpg 483w, https:\/\/kundalini-yoga-seelenreise.info\/wp-891e2-content\/uploads\/2019\/05\/10-300x263.jpg 300w\" sizes=\"auto, (max-width: 483px) 100vw, 483px\" \/><\/figure>\n\n\n\n<figure class=\"wp-block-image\"><img loading=\"lazy\" decoding=\"async\" width=\"1024\" height=\"683\" src=\"https:\/\/kundalini-yoga-seelenreise.info\/wp-891e2-content\/uploads\/2019\/06\/HQ4A3852-1024x683.jpg\" alt=\"\" class=\"wp-image-805\" srcset=\"https:\/\/kundalini-yoga-seelenreise.info\/wp-891e2-content\/uploads\/2019\/06\/HQ4A3852-1024x683.jpg 1024w, https:\/\/kundalini-yoga-seelenreise.info\/wp-891e2-content\/uploads\/2019\/06\/HQ4A3852-300x200.jpg 300w, https:\/\/kundalini-yoga-seelenreise.info\/wp-891e2-content\/uploads\/2019\/06\/HQ4A3852-768x512.jpg 768w, https:\/\/kundalini-yoga-seelenreise.info\/wp-891e2-content\/uploads\/2019\/06\/HQ4A3852.jpg 1200w\" sizes=\"auto, (max-width: 1024px) 100vw, 1024px\" \/><figcaption>Wirbel 10: &#8220;Ich empfinde selbstlose Liebe.&#8221;   Foto Nina Stiller \/ Europ\u00e4isches Yoga Festival<\/figcaption><\/figure>\n\n\n\n<figure class=\"wp-block-embed is-type-video is-provider-youtube wp-block-embed-youtube wp-embed-aspect-16-9 wp-has-aspect-ratio\"><div class=\"wp-block-embed__wrapper\">\n<iframe loading=\"lazy\" title=\"Seelenreise Wirbel 10\" width=\"474\" height=\"267\" src=\"https:\/\/www.youtube.com\/embed\/GEQuDIeakpo?feature=oembed\" frameborder=\"0\" allow=\"accelerometer; autoplay; clipboard-write; encrypted-media; gyroscope; picture-in-picture; web-share\" referrerpolicy=\"strict-origin-when-cross-origin\" allowfullscreen><\/iframe>\n<\/div><figcaption> <em>Kundalini Yoga \u00dcbungen zum Mitmachen (ung. 14 Minuten) basierend auf das Buch \u201cKundalini Yoga als Seelenreise\u201d von Satya Singh<\/em> <\/figcaption><\/figure>\n\n\n\n<p class=\"has-light-gray-background-color has-background\">F\u00fcr mehr Information (z.B. die &#8220;Movement Relaxation Kriya als Erg\u00e4nzung zum Wunderbogen) siehe<a href=\"https:\/\/kundalini-yoga-seelenreise.info\/?page_id=1518\"> &#8220;Anpassungen &amp; Erg\u00e4nzungen 10&#8221;<\/a><\/p>\n\n\n<div class=\"wp-block-quotes-collection-random-quote\" style=\"background-color:#24890d;color:#fff;text-align:left;\"\"><div class=\"quotescollection-quote-wrapper\" id=\"tf_quotescollection_1\"><blockquote class=\"quotescollection-quote\" style=\"background-color:#24890d;color:#fff;\"><p>DIE EHE IST EIN FAHRZEUG ZUR UNENDLICHKEIT.<\/p>\n<footer class=\"attribution\" style=\"text-align:right;\">&mdash;&nbsp;<cite class=\"author\">yogi bhajan<\/cite><\/footer><\/blockquote><script type=\"text\/javascript\">\nvar args_tf_quotescollection_1 = {\"instanceID\":\"tf_quotescollection_1\", \"currQuoteID\":60, \"showAuthor\":1, \"showSource\":0, \"tags\":\"10\", \"charLimit\":500, \"orderBy\":\"random\", \"ajaxRefresh\":1, \"autoRefresh\":10, \"dynamicFetch\":0, \"before\":\"&lt;blockquote class=\\&quot;quotescollection-quote\\&quot; style=\\&quot;background-color:#24890d;color:#fff;\\&quot;&gt;\", \"after\":\"&lt;\/blockquote&gt;\", \"beforeAttribution\":\"&lt;footer class=\\&quot;attribution\\&quot; style=\\&quot;text-align:right;\\&quot;&gt;&amp;mdash;&amp;nbsp;\", \"afterAttribution\":\"&lt;\/footer&gt;\", };quotescollectionTimer(args_tf_quotescollection_1);<\/script>\n<\/div><\/div>\n\n\n<h2 class=\"wp-block-heading\">Beitr\u00e4ge<\/h2>\n\n\n<ul class=\"display-posts-listing\"><li class=\"listing-item\"><a class=\"title\" href=\"https:\/\/kundalini-yoga-seelenreise.info\/?p=652\">Von Taj Priya zur Seelenreise<\/a> <span class=\"excerpt-dash\">-<\/span> <span class=\"excerpt\">Herzlichen Dank f\u00fcr diese wundervolle M\u00f6glichkeit, Satya Singh. F\u00fcr mein Sternzeichen hast Du Wirbel 10 empfohlen. Hei\u00dft das ich mache zuerst 40 Tage Wirbel 10, dann starte ich die Seelenreise mit Wirbel 1 und mache Wirbel 10 nochmal 40 Tage, wenn ich auf meiner Reise dort angekommen bin? Wahe Guru Taj Priya<\/span><\/li><\/ul>\n","protected":false},"excerpt":{"rendered":"<p>Wirbel 10 (Th 10) ist psychosomatisch verbunden mit deiner Bauchspeicheldr\u00fcse, die den Blutzuckerspiegel reguliert. In diesem Reise-Abschnitt geht es darum, dein Herz zu \u00f6ffnen. Als 40-Tage-Kriya gebrauchen wir dabei: \u201eDer Wunderbogen\u201c (siehe Video). F\u00fcr mehr Information (z.B. die &#8220;Movement Relaxation Kriya als Erg\u00e4nzung zum Wunderbogen) siehe &#8220;Anpassungen &amp; Erg\u00e4nzungen 10&#8221; Beitr\u00e4ge<\/p>\n","protected":false},"author":1,"featured_media":0,"parent":0,"menu_order":12,"comment_status":"open","ping_status":"closed","template":"","meta":{"footnotes":"","_links_to":"","_links_to_target":""},"class_list":["post-135","page","type-page","status-publish","hentry"],"yoast_head":"<!-- This site is optimized with the Yoast SEO plugin v19.10 - https:\/\/yoast.com\/wordpress\/plugins\/seo\/ -->\n<title>\u2600\ufe0f 10. - SEELENREISE-INSTITUT<\/title>\n<meta name=\"robots\" content=\"index, follow, max-snippet:-1, max-image-preview:large, max-video-preview:-1\" \/>\n<link rel=\"canonical\" href=\"https:\/\/kundalini-yoga-seelenreise.info\/?page_id=135\" \/>\n<meta property=\"og:locale\" content=\"de_DE\" \/>\n<meta property=\"og:type\" content=\"article\" \/>\n<meta property=\"og:title\" content=\"\u2600\ufe0f 10. - SEELENREISE-INSTITUT\" \/>\n<meta property=\"og:description\" content=\"Wirbel 10 (Th 10) ist psychosomatisch verbunden mit deiner Bauchspeicheldr\u00fcse, die den Blutzuckerspiegel reguliert. In diesem Reise-Abschnitt geht es darum, dein Herz zu \u00f6ffnen. Als 40-Tage-Kriya gebrauchen wir dabei: \u201eDer Wunderbogen\u201c (siehe Video). F\u00fcr mehr Information (z.B. die &#8220;Movement Relaxation Kriya als Erg\u00e4nzung zum Wunderbogen) siehe &#8220;Anpassungen &amp; Erg\u00e4nzungen 10&#8221; Beitr\u00e4ge\" \/>\n<meta property=\"og:url\" content=\"https:\/\/kundalini-yoga-seelenreise.info\/?page_id=135\" \/>\n<meta property=\"og:site_name\" content=\"SEELENREISE-INSTITUT\" \/>\n<meta property=\"article:modified_time\" content=\"2021-01-04T12:46:00+00:00\" \/>\n<meta property=\"og:image\" content=\"http:\/\/kundalini-yoga-seelenreise.info\/wp-891e2-content\/uploads\/2019\/05\/10.jpg\" \/>\n<meta name=\"twitter:card\" content=\"summary_large_image\" \/>\n<script type=\"application\/ld+json\" class=\"yoast-schema-graph\">{\"@context\":\"https:\/\/schema.org\",\"@graph\":[{\"@type\":\"WebPage\",\"@id\":\"https:\/\/kundalini-yoga-seelenreise.info\/?page_id=135\",\"url\":\"https:\/\/kundalini-yoga-seelenreise.info\/?page_id=135\",\"name\":\"\u2600\ufe0f 10. - SEELENREISE-INSTITUT\",\"isPartOf\":{\"@id\":\"https:\/\/kundalini-yoga-seelenreise.info\/#website\"},\"datePublished\":\"2019-05-16T04:58:20+00:00\",\"dateModified\":\"2021-01-04T12:46:00+00:00\",\"breadcrumb\":{\"@id\":\"https:\/\/kundalini-yoga-seelenreise.info\/?page_id=135#breadcrumb\"},\"inLanguage\":\"de\",\"potentialAction\":[{\"@type\":\"ReadAction\",\"target\":[\"https:\/\/kundalini-yoga-seelenreise.info\/?page_id=135\"]}]},{\"@type\":\"BreadcrumbList\",\"@id\":\"https:\/\/kundalini-yoga-seelenreise.info\/?page_id=135#breadcrumb\",\"itemListElement\":[{\"@type\":\"ListItem\",\"position\":1,\"name\":\"Startseite\",\"item\":\"https:\/\/kundalini-yoga-seelenreise.info\/\"},{\"@type\":\"ListItem\",\"position\":2,\"name\":\"\u2600\ufe0f 10.\"}]},{\"@type\":\"WebSite\",\"@id\":\"https:\/\/kundalini-yoga-seelenreise.info\/#website\",\"url\":\"https:\/\/kundalini-yoga-seelenreise.info\/\",\"name\":\"SEELENREISE-INSTITUT\",\"description\":\"Jeden Tag: 1 x schwitzen, 1x lachen...\",\"potentialAction\":[{\"@type\":\"SearchAction\",\"target\":{\"@type\":\"EntryPoint\",\"urlTemplate\":\"https:\/\/kundalini-yoga-seelenreise.info\/?s={search_term_string}\"},\"query-input\":\"required name=search_term_string\"}],\"inLanguage\":\"de\"}]}<\/script>\n<!-- \/ Yoast SEO plugin. -->","yoast_head_json":{"title":"\u2600\ufe0f 10. - SEELENREISE-INSTITUT","robots":{"index":"index","follow":"follow","max-snippet":"max-snippet:-1","max-image-preview":"max-image-preview:large","max-video-preview":"max-video-preview:-1"},"canonical":"https:\/\/kundalini-yoga-seelenreise.info\/?page_id=135","og_locale":"de_DE","og_type":"article","og_title":"\u2600\ufe0f 10. - SEELENREISE-INSTITUT","og_description":"Wirbel 10 (Th 10) ist psychosomatisch verbunden mit deiner Bauchspeicheldr\u00fcse, die den Blutzuckerspiegel reguliert. In diesem Reise-Abschnitt geht es darum, dein Herz zu \u00f6ffnen. Als 40-Tage-Kriya gebrauchen wir dabei: \u201eDer Wunderbogen\u201c (siehe Video). F\u00fcr mehr Information (z.B. die &#8220;Movement Relaxation Kriya als Erg\u00e4nzung zum Wunderbogen) siehe &#8220;Anpassungen &amp; Erg\u00e4nzungen 10&#8221; Beitr\u00e4ge","og_url":"https:\/\/kundalini-yoga-seelenreise.info\/?page_id=135","og_site_name":"SEELENREISE-INSTITUT","article_modified_time":"2021-01-04T12:46:00+00:00","og_image":[{"url":"http:\/\/kundalini-yoga-seelenreise.info\/wp-891e2-content\/uploads\/2019\/05\/10.jpg"}],"twitter_card":"summary_large_image","schema":{"@context":"https:\/\/schema.org","@graph":[{"@type":"WebPage","@id":"https:\/\/kundalini-yoga-seelenreise.info\/?page_id=135","url":"https:\/\/kundalini-yoga-seelenreise.info\/?page_id=135","name":"\u2600\ufe0f 10. - SEELENREISE-INSTITUT","isPartOf":{"@id":"https:\/\/kundalini-yoga-seelenreise.info\/#website"},"datePublished":"2019-05-16T04:58:20+00:00","dateModified":"2021-01-04T12:46:00+00:00","breadcrumb":{"@id":"https:\/\/kundalini-yoga-seelenreise.info\/?page_id=135#breadcrumb"},"inLanguage":"de","potentialAction":[{"@type":"ReadAction","target":["https:\/\/kundalini-yoga-seelenreise.info\/?page_id=135"]}]},{"@type":"BreadcrumbList","@id":"https:\/\/kundalini-yoga-seelenreise.info\/?page_id=135#breadcrumb","itemListElement":[{"@type":"ListItem","position":1,"name":"Startseite","item":"https:\/\/kundalini-yoga-seelenreise.info\/"},{"@type":"ListItem","position":2,"name":"\u2600\ufe0f 10."}]},{"@type":"WebSite","@id":"https:\/\/kundalini-yoga-seelenreise.info\/#website","url":"https:\/\/kundalini-yoga-seelenreise.info\/","name":"SEELENREISE-INSTITUT","description":"Jeden Tag: 1 x schwitzen, 1x lachen...","potentialAction":[{"@type":"SearchAction","target":{"@type":"EntryPoint","urlTemplate":"https:\/\/kundalini-yoga-seelenreise.info\/?s={search_term_string}"},"query-input":"required name=search_term_string"}],"inLanguage":"de"}]}},"uagb_featured_image_src":{"full":false,"thumbnail":false,"medium":false,"medium_large":false,"large":false,"1536x1536":false,"2048x2048":false,"post-thumbnail":false,"twentyfourteen-full-width":false},"uagb_author_info":{"display_name":"Satya Singh","author_link":"https:\/\/kundalini-yoga-seelenreise.info\/?page_id=3405&#038;uid=1"},"uagb_comment_info":17,"uagb_excerpt":"Wirbel 10 (Th 10) ist psychosomatisch verbunden mit deiner Bauchspeicheldr\u00fcse, die den Blutzuckerspiegel reguliert. In diesem Reise-Abschnitt geht es darum, dein Herz zu \u00f6ffnen. Als 40-Tage-Kriya gebrauchen wir dabei: \u201eDer Wunderbogen\u201c (siehe Video). F\u00fcr mehr Information (z.B. die &#8220;Movement Relaxation Kriya als Erg\u00e4nzung zum Wunderbogen) siehe &#8220;Anpassungen &amp; Erg\u00e4nzungen 10&#8221; Beitr\u00e4ge","_links":{"self":[{"href":"https:\/\/kundalini-yoga-seelenreise.info\/index.php?rest_route=\/wp\/v2\/pages\/135","targetHints":{"allow":["GET"]}}],"collection":[{"href":"https:\/\/kundalini-yoga-seelenreise.info\/index.php?rest_route=\/wp\/v2\/pages"}],"about":[{"href":"https:\/\/kundalini-yoga-seelenreise.info\/index.php?rest_route=\/wp\/v2\/types\/page"}],"author":[{"embeddable":true,"href":"https:\/\/kundalini-yoga-seelenreise.info\/index.php?rest_route=\/wp\/v2\/users\/1"}],"replies":[{"embeddable":true,"href":"https:\/\/kundalini-yoga-seelenreise.info\/index.php?rest_route=%2Fwp%2Fv2%2Fcomments&post=135"}],"version-history":[{"count":17,"href":"https:\/\/kundalini-yoga-seelenreise.info\/index.php?rest_route=\/wp\/v2\/pages\/135\/revisions"}],"predecessor-version":[{"id":3053,"href":"https:\/\/kundalini-yoga-seelenreise.info\/index.php?rest_route=\/wp\/v2\/pages\/135\/revisions\/3053"}],"wp:attachment":[{"href":"https:\/\/kundalini-yoga-seelenreise.info\/index.php?rest_route=%2Fwp%2Fv2%2Fmedia&parent=135"}],"curies":[{"name":"wp","href":"https:\/\/api.w.org\/{rel}","templated":true}]}}