{"id":131,"date":"2019-05-16T05:57:35","date_gmt":"2019-05-16T04:57:35","guid":{"rendered":"http:\/\/kundalini-yoga-seelenreise.info\/?page_id=131"},"modified":"2021-01-04T12:30:25","modified_gmt":"2021-01-04T11:30:25","slug":"8-2","status":"publish","type":"page","link":"https:\/\/kundalini-yoga-seelenreise.info\/?page_id=131","title":{"rendered":"\u2600\ufe0f 8."},"content":{"rendered":"\n<p class=\"has-light-gray-background-color has-background\">Wirbel 8 (Th 12) ist psychosomatisch mit deinem Immunsystem\nund deinen Bauchmuskeln\nverbunden. Es geht in diesem Abschnitt der Seelenreise darum zu lernen,\nentspannt mit Stress umzugehen und klare Grenzen zu wahren. Die erforderliche 40-Tage-Kriya\ndazu: \u201eF\u00e4uste der Wut\u201c (siehe Video). <\/p>\n\n\n<div class=\"wp-block-quotes-collection-random-quote\" style=\"background-color:#24890d;color:#fff;text-align:left;\"\"><div class=\"quotescollection-quote-wrapper\" id=\"tf_quotescollection_1\"><blockquote class=\"quotescollection-quote\" style=\"background-color:#24890d;color:#fff;\"><p>WENN DU DEINEN ATEM AUF VIER ATEMZ\u00dcGE PRO MINUTE RHYTHMISCH VERLANGSAMEN KANNST, WIRST DU INDIREKT DEINEN GEIST KONTROLLIEREN K\u00d6NNEN UND SEIN UNAUSSTEHLICHES VERHALTEN AUSLAUFEN LASSEN.<\/p>\n<footer class=\"attribution\" style=\"text-align:right;\">&mdash;&nbsp;<cite class=\"author\">yogi bhajan<\/cite><\/footer><\/blockquote><script type=\"text\/javascript\">\nvar args_tf_quotescollection_1 = {\"instanceID\":\"tf_quotescollection_1\", \"currQuoteID\":42, \"showAuthor\":1, \"showSource\":0, \"tags\":\"8\", \"charLimit\":500, \"orderBy\":\"random\", \"ajaxRefresh\":1, \"autoRefresh\":10, \"dynamicFetch\":0, \"before\":\"&lt;blockquote class=\\&quot;quotescollection-quote\\&quot; style=\\&quot;background-color:#24890d;color:#fff;\\&quot;&gt;\", \"after\":\"&lt;\/blockquote&gt;\", \"beforeAttribution\":\"&lt;footer class=\\&quot;attribution\\&quot; style=\\&quot;text-align:right;\\&quot;&gt;&amp;mdash;&amp;nbsp;\", \"afterAttribution\":\"&lt;\/footer&gt;\", };quotescollectionTimer(args_tf_quotescollection_1);<\/script>\n<\/div><\/div>\n\n\n<figure class=\"wp-block-image\"><img loading=\"lazy\" decoding=\"async\" width=\"1024\" height=\"683\" src=\"https:\/\/kundalini-yoga-seelenreise.info\/wp-891e2-content\/uploads\/2019\/06\/HQ4A5183-1024x683.jpg\" alt=\"\" class=\"wp-image-795\" srcset=\"https:\/\/kundalini-yoga-seelenreise.info\/wp-891e2-content\/uploads\/2019\/06\/HQ4A5183-1024x683.jpg 1024w, https:\/\/kundalini-yoga-seelenreise.info\/wp-891e2-content\/uploads\/2019\/06\/HQ4A5183-300x200.jpg 300w, https:\/\/kundalini-yoga-seelenreise.info\/wp-891e2-content\/uploads\/2019\/06\/HQ4A5183-768x512.jpg 768w, https:\/\/kundalini-yoga-seelenreise.info\/wp-891e2-content\/uploads\/2019\/06\/HQ4A5183.jpg 1200w\" sizes=\"auto, (max-width: 1024px) 100vw, 1024px\" \/><figcaption>Wirbel 8: &#8220;Ich \u00fcbernehme Verantwortung.&#8221;     Foto Nina Stiller  \/  Europ\u00e4isches Yoga Festival<\/figcaption><\/figure>\n\n\n\n<figure class=\"wp-block-image\"><img loading=\"lazy\" decoding=\"async\" width=\"461\" height=\"401\" src=\"https:\/\/kundalini-yoga-seelenreise.info\/wp-891e2-content\/uploads\/2019\/05\/8.jpg\" alt=\"\" class=\"wp-image-178\" srcset=\"https:\/\/kundalini-yoga-seelenreise.info\/wp-891e2-content\/uploads\/2019\/05\/8.jpg 461w, https:\/\/kundalini-yoga-seelenreise.info\/wp-891e2-content\/uploads\/2019\/05\/8-300x261.jpg 300w\" sizes=\"auto, (max-width: 461px) 100vw, 461px\" \/><\/figure>\n\n\n\n<figure class=\"wp-block-embed is-type-video is-provider-youtube wp-block-embed-youtube wp-embed-aspect-16-9 wp-has-aspect-ratio\"><div class=\"wp-block-embed__wrapper\">\n<iframe loading=\"lazy\" title=\"Seelenreise Wirbel 8\" width=\"474\" height=\"267\" src=\"https:\/\/www.youtube.com\/embed\/IuBZihR0jVU?feature=oembed\" frameborder=\"0\" allow=\"accelerometer; autoplay; clipboard-write; encrypted-media; gyroscope; picture-in-picture; web-share\" referrerpolicy=\"strict-origin-when-cross-origin\" allowfullscreen><\/iframe>\n<\/div><figcaption> <br>Kundalini Yoga \u00dcbungen zum Mitmachen (ung. 14 Minuten) basierend auf das Buch \u201cKundalini Yoga als Seelenreise\u201d von Satya Singh<\/figcaption><\/figure>\n\n\n\n<p class=\"has-light-gray-background-color has-background\">F\u00fcr mehr Information (besonders f\u00fcr das Gatka P\u00e4ntra Lern Video) siehe <a href=\"https:\/\/kundalini-yoga-seelenreise.info\/?page_id=1452\">&#8220;Anpassungen &amp; Erg\u00e4nzungen 8&#8221;<\/a><\/p>\n","protected":false},"excerpt":{"rendered":"<p>Wirbel 8 (Th 12) ist psychosomatisch mit deinem Immunsystem und deinen Bauchmuskeln verbunden. Es geht in diesem Abschnitt der Seelenreise darum zu lernen, entspannt mit Stress umzugehen und klare Grenzen zu wahren. Die erforderliche 40-Tage-Kriya dazu: \u201eF\u00e4uste der Wut\u201c (siehe Video). F\u00fcr mehr Information (besonders f\u00fcr das Gatka P\u00e4ntra Lern Video) siehe &#8220;Anpassungen &amp; Erg\u00e4nzungen &hellip; <a href=\"https:\/\/kundalini-yoga-seelenreise.info\/?page_id=131\" class=\"more-link\"><span class=\"screen-reader-text\">\u2600\ufe0f 8.<\/span> weiterlesen <span class=\"meta-nav\">&rarr;<\/span><\/a><\/p>\n","protected":false},"author":1,"featured_media":0,"parent":0,"menu_order":110,"comment_status":"open","ping_status":"closed","template":"","meta":{"footnotes":"","_links_to":"","_links_to_target":""},"class_list":["post-131","page","type-page","status-publish","hentry"],"yoast_head":"<!-- This site is optimized with the Yoast SEO plugin v19.10 - https:\/\/yoast.com\/wordpress\/plugins\/seo\/ -->\n<title>\u2600\ufe0f 8. - SEELENREISE-INSTITUT<\/title>\n<meta name=\"robots\" content=\"index, follow, max-snippet:-1, max-image-preview:large, max-video-preview:-1\" \/>\n<link rel=\"canonical\" href=\"https:\/\/kundalini-yoga-seelenreise.info\/?page_id=131\" \/>\n<meta property=\"og:locale\" content=\"de_DE\" \/>\n<meta property=\"og:type\" content=\"article\" \/>\n<meta property=\"og:title\" content=\"\u2600\ufe0f 8. - SEELENREISE-INSTITUT\" \/>\n<meta property=\"og:description\" content=\"Wirbel 8 (Th 12) ist psychosomatisch mit deinem Immunsystem und deinen Bauchmuskeln verbunden. Es geht in diesem Abschnitt der Seelenreise darum zu lernen, entspannt mit Stress umzugehen und klare Grenzen zu wahren. Die erforderliche 40-Tage-Kriya dazu: \u201eF\u00e4uste der Wut\u201c (siehe Video). F\u00fcr mehr Information (besonders f\u00fcr das Gatka P\u00e4ntra Lern Video) siehe &#8220;Anpassungen &amp; Erg\u00e4nzungen &hellip; \u2600\ufe0f 8. weiterlesen &rarr;\" \/>\n<meta property=\"og:url\" content=\"https:\/\/kundalini-yoga-seelenreise.info\/?page_id=131\" \/>\n<meta property=\"og:site_name\" content=\"SEELENREISE-INSTITUT\" \/>\n<meta property=\"article:modified_time\" content=\"2021-01-04T11:30:25+00:00\" \/>\n<meta property=\"og:image\" content=\"https:\/\/kundalini-yoga-seelenreise.info\/wp-891e2-content\/uploads\/2019\/06\/HQ4A5183-1024x683.jpg\" \/>\n<meta name=\"twitter:card\" content=\"summary_large_image\" \/>\n<script type=\"application\/ld+json\" class=\"yoast-schema-graph\">{\"@context\":\"https:\/\/schema.org\",\"@graph\":[{\"@type\":\"WebPage\",\"@id\":\"https:\/\/kundalini-yoga-seelenreise.info\/?page_id=131\",\"url\":\"https:\/\/kundalini-yoga-seelenreise.info\/?page_id=131\",\"name\":\"\u2600\ufe0f 8. - SEELENREISE-INSTITUT\",\"isPartOf\":{\"@id\":\"https:\/\/kundalini-yoga-seelenreise.info\/#website\"},\"datePublished\":\"2019-05-16T04:57:35+00:00\",\"dateModified\":\"2021-01-04T11:30:25+00:00\",\"breadcrumb\":{\"@id\":\"https:\/\/kundalini-yoga-seelenreise.info\/?page_id=131#breadcrumb\"},\"inLanguage\":\"de\",\"potentialAction\":[{\"@type\":\"ReadAction\",\"target\":[\"https:\/\/kundalini-yoga-seelenreise.info\/?page_id=131\"]}]},{\"@type\":\"BreadcrumbList\",\"@id\":\"https:\/\/kundalini-yoga-seelenreise.info\/?page_id=131#breadcrumb\",\"itemListElement\":[{\"@type\":\"ListItem\",\"position\":1,\"name\":\"Startseite\",\"item\":\"https:\/\/kundalini-yoga-seelenreise.info\/\"},{\"@type\":\"ListItem\",\"position\":2,\"name\":\"\u2600\ufe0f 8.\"}]},{\"@type\":\"WebSite\",\"@id\":\"https:\/\/kundalini-yoga-seelenreise.info\/#website\",\"url\":\"https:\/\/kundalini-yoga-seelenreise.info\/\",\"name\":\"SEELENREISE-INSTITUT\",\"description\":\"Jeden Tag: 1 x schwitzen, 1x lachen...\",\"potentialAction\":[{\"@type\":\"SearchAction\",\"target\":{\"@type\":\"EntryPoint\",\"urlTemplate\":\"https:\/\/kundalini-yoga-seelenreise.info\/?s={search_term_string}\"},\"query-input\":\"required name=search_term_string\"}],\"inLanguage\":\"de\"}]}<\/script>\n<!-- \/ Yoast SEO plugin. -->","yoast_head_json":{"title":"\u2600\ufe0f 8. - SEELENREISE-INSTITUT","robots":{"index":"index","follow":"follow","max-snippet":"max-snippet:-1","max-image-preview":"max-image-preview:large","max-video-preview":"max-video-preview:-1"},"canonical":"https:\/\/kundalini-yoga-seelenreise.info\/?page_id=131","og_locale":"de_DE","og_type":"article","og_title":"\u2600\ufe0f 8. - SEELENREISE-INSTITUT","og_description":"Wirbel 8 (Th 12) ist psychosomatisch mit deinem Immunsystem und deinen Bauchmuskeln verbunden. Es geht in diesem Abschnitt der Seelenreise darum zu lernen, entspannt mit Stress umzugehen und klare Grenzen zu wahren. Die erforderliche 40-Tage-Kriya dazu: \u201eF\u00e4uste der Wut\u201c (siehe Video). F\u00fcr mehr Information (besonders f\u00fcr das Gatka P\u00e4ntra Lern Video) siehe &#8220;Anpassungen &amp; Erg\u00e4nzungen &hellip; \u2600\ufe0f 8. weiterlesen &rarr;","og_url":"https:\/\/kundalini-yoga-seelenreise.info\/?page_id=131","og_site_name":"SEELENREISE-INSTITUT","article_modified_time":"2021-01-04T11:30:25+00:00","og_image":[{"url":"https:\/\/kundalini-yoga-seelenreise.info\/wp-891e2-content\/uploads\/2019\/06\/HQ4A5183-1024x683.jpg"}],"twitter_card":"summary_large_image","schema":{"@context":"https:\/\/schema.org","@graph":[{"@type":"WebPage","@id":"https:\/\/kundalini-yoga-seelenreise.info\/?page_id=131","url":"https:\/\/kundalini-yoga-seelenreise.info\/?page_id=131","name":"\u2600\ufe0f 8. - SEELENREISE-INSTITUT","isPartOf":{"@id":"https:\/\/kundalini-yoga-seelenreise.info\/#website"},"datePublished":"2019-05-16T04:57:35+00:00","dateModified":"2021-01-04T11:30:25+00:00","breadcrumb":{"@id":"https:\/\/kundalini-yoga-seelenreise.info\/?page_id=131#breadcrumb"},"inLanguage":"de","potentialAction":[{"@type":"ReadAction","target":["https:\/\/kundalini-yoga-seelenreise.info\/?page_id=131"]}]},{"@type":"BreadcrumbList","@id":"https:\/\/kundalini-yoga-seelenreise.info\/?page_id=131#breadcrumb","itemListElement":[{"@type":"ListItem","position":1,"name":"Startseite","item":"https:\/\/kundalini-yoga-seelenreise.info\/"},{"@type":"ListItem","position":2,"name":"\u2600\ufe0f 8."}]},{"@type":"WebSite","@id":"https:\/\/kundalini-yoga-seelenreise.info\/#website","url":"https:\/\/kundalini-yoga-seelenreise.info\/","name":"SEELENREISE-INSTITUT","description":"Jeden Tag: 1 x schwitzen, 1x lachen...","potentialAction":[{"@type":"SearchAction","target":{"@type":"EntryPoint","urlTemplate":"https:\/\/kundalini-yoga-seelenreise.info\/?s={search_term_string}"},"query-input":"required name=search_term_string"}],"inLanguage":"de"}]}},"uagb_featured_image_src":{"full":false,"thumbnail":false,"medium":false,"medium_large":false,"large":false,"1536x1536":false,"2048x2048":false,"post-thumbnail":false,"twentyfourteen-full-width":false},"uagb_author_info":{"display_name":"Satya Singh","author_link":"https:\/\/kundalini-yoga-seelenreise.info\/?page_id=3405&#038;uid=1"},"uagb_comment_info":45,"uagb_excerpt":"Wirbel 8 (Th 12) ist psychosomatisch mit deinem Immunsystem und deinen Bauchmuskeln verbunden. Es geht in diesem Abschnitt der Seelenreise darum zu lernen, entspannt mit Stress umzugehen und klare Grenzen zu wahren. Die erforderliche 40-Tage-Kriya dazu: \u201eF\u00e4uste der Wut\u201c (siehe Video). F\u00fcr mehr Information (besonders f\u00fcr das Gatka P\u00e4ntra Lern Video) siehe &#8220;Anpassungen &amp; Erg\u00e4nzungen&hellip;","_links":{"self":[{"href":"https:\/\/kundalini-yoga-seelenreise.info\/index.php?rest_route=\/wp\/v2\/pages\/131","targetHints":{"allow":["GET"]}}],"collection":[{"href":"https:\/\/kundalini-yoga-seelenreise.info\/index.php?rest_route=\/wp\/v2\/pages"}],"about":[{"href":"https:\/\/kundalini-yoga-seelenreise.info\/index.php?rest_route=\/wp\/v2\/types\/page"}],"author":[{"embeddable":true,"href":"https:\/\/kundalini-yoga-seelenreise.info\/index.php?rest_route=\/wp\/v2\/users\/1"}],"replies":[{"embeddable":true,"href":"https:\/\/kundalini-yoga-seelenreise.info\/index.php?rest_route=%2Fwp%2Fv2%2Fcomments&post=131"}],"version-history":[{"count":15,"href":"https:\/\/kundalini-yoga-seelenreise.info\/index.php?rest_route=\/wp\/v2\/pages\/131\/revisions"}],"predecessor-version":[{"id":3052,"href":"https:\/\/kundalini-yoga-seelenreise.info\/index.php?rest_route=\/wp\/v2\/pages\/131\/revisions\/3052"}],"wp:attachment":[{"href":"https:\/\/kundalini-yoga-seelenreise.info\/index.php?rest_route=%2Fwp%2Fv2%2Fmedia&parent=131"}],"curies":[{"name":"wp","href":"https:\/\/api.w.org\/{rel}","templated":true}]}}