{"id":127,"date":"2019-05-16T05:56:55","date_gmt":"2019-05-16T04:56:55","guid":{"rendered":"http:\/\/kundalini-yoga-seelenreise.info\/?page_id=127"},"modified":"2021-01-04T12:13:25","modified_gmt":"2021-01-04T11:13:25","slug":"6-2","status":"publish","type":"page","link":"https:\/\/kundalini-yoga-seelenreise.info\/?page_id=127","title":{"rendered":"\u2600\ufe0f 6."},"content":{"rendered":"\n<p class=\"has-light-gray-background-color has-background\">Wirbel 6 (L2) ist vernetzt mit deinen Bauchorganen, dem Blinddarm und mit dem dritten Chakra. Das bringt ein Element der Konfrontation in diesen Abschnitt der Seelenreise, was sich in der dazugeh\u00f6rigen 40-Tage-Kriya zeigt: \u201eTratakam Prozess\u201c (siehe Video).<\/p>\n\n\n\n<figure class=\"wp-block-image\"><img loading=\"lazy\" decoding=\"async\" width=\"1024\" height=\"683\" src=\"https:\/\/kundalini-yoga-seelenreise.info\/wp-891e2-content\/uploads\/2019\/07\/HQ4A3870-1024x683.jpg\" alt=\"\" class=\"wp-image-903\" srcset=\"https:\/\/kundalini-yoga-seelenreise.info\/wp-891e2-content\/uploads\/2019\/07\/HQ4A3870-1024x683.jpg 1024w, https:\/\/kundalini-yoga-seelenreise.info\/wp-891e2-content\/uploads\/2019\/07\/HQ4A3870-300x200.jpg 300w, https:\/\/kundalini-yoga-seelenreise.info\/wp-891e2-content\/uploads\/2019\/07\/HQ4A3870-768x512.jpg 768w, https:\/\/kundalini-yoga-seelenreise.info\/wp-891e2-content\/uploads\/2019\/07\/HQ4A3870.jpg 1200w\" sizes=\"auto, (max-width: 1024px) 100vw, 1024px\" \/><figcaption> <em>Wirbel 6: &#8220;Ich bleibe dran.&#8221;   Foto: Nina Stiller  \/ Europ\u00e4isches Yoga Festival<\/em> <\/figcaption><\/figure>\n\n\n<div class=\"wp-block-quotes-collection-random-quote\" style=\"background-color:#24890d;color:#fff;text-align:left;\"\"><div class=\"quotescollection-quote-wrapper\" id=\"tf_quotescollection_1\"><blockquote class=\"quotescollection-quote\" style=\"background-color:#24890d;color:#fff;\"><p>VERTRAUEN IST DAS LEITMOTIV DES LEBENS: WENN DU GOTT VERTRAUST, VERTRAUT DIE UNIVERSELLE SCH\u00d6PFUNGSKRAFT DIR, WEIL ALLES ZU GOTT GEH\u00d6RT. VERTRAUEN IST DER SCHL\u00dcSSEL ZU LIEBE, FREUDE UND W\u00dcRDE.<\/p>\n<footer class=\"attribution\" style=\"text-align:right;\">&mdash;&nbsp;<cite class=\"author\">yogi bhajan<\/cite><\/footer><\/blockquote><script type=\"text\/javascript\">\nvar args_tf_quotescollection_1 = {\"instanceID\":\"tf_quotescollection_1\", \"currQuoteID\":39, \"showAuthor\":1, \"showSource\":0, \"tags\":\"6\", \"charLimit\":500, \"orderBy\":\"random\", \"ajaxRefresh\":1, \"autoRefresh\":10, \"dynamicFetch\":0, \"before\":\"&lt;blockquote class=\\&quot;quotescollection-quote\\&quot; style=\\&quot;background-color:#24890d;color:#fff;\\&quot;&gt;\", \"after\":\"&lt;\/blockquote&gt;\", \"beforeAttribution\":\"&lt;footer class=\\&quot;attribution\\&quot; style=\\&quot;text-align:right;\\&quot;&gt;&amp;mdash;&amp;nbsp;\", \"afterAttribution\":\"&lt;\/footer&gt;\", };quotescollectionTimer(args_tf_quotescollection_1);<\/script>\n<\/div><\/div>\n\n\n<figure class=\"wp-block-image\"><img loading=\"lazy\" decoding=\"async\" width=\"484\" height=\"405\" src=\"https:\/\/kundalini-yoga-seelenreise.info\/wp-891e2-content\/uploads\/2019\/05\/6.jpg\" alt=\"\" class=\"wp-image-176\" srcset=\"https:\/\/kundalini-yoga-seelenreise.info\/wp-891e2-content\/uploads\/2019\/05\/6.jpg 484w, https:\/\/kundalini-yoga-seelenreise.info\/wp-891e2-content\/uploads\/2019\/05\/6-300x251.jpg 300w\" sizes=\"auto, (max-width: 484px) 100vw, 484px\" \/><\/figure>\n\n\n\n<figure class=\"wp-block-embed is-type-video is-provider-youtube wp-block-embed-youtube wp-embed-aspect-16-9 wp-has-aspect-ratio\"><div class=\"wp-block-embed__wrapper\">\n<iframe loading=\"lazy\" title=\"Seelenreise Wirbel 6\" width=\"474\" height=\"267\" src=\"https:\/\/www.youtube.com\/embed\/y67ROtaa4ZE?feature=oembed\" frameborder=\"0\" allow=\"accelerometer; autoplay; clipboard-write; encrypted-media; gyroscope; picture-in-picture; web-share\" referrerpolicy=\"strict-origin-when-cross-origin\" allowfullscreen><\/iframe>\n<\/div><figcaption><em>Kundalini Yoga Video zum Mitmachen (16 Minuten) basierend auf das Buch \u201cKundalini Yoga als Seelenreise\u201d von Satya Singh<\/em><\/figcaption><\/figure>\n\n\n\n<p>Im Laufe der 40 Tage kannst du die Kriya aufbauen zu die urspr\u00fcnglich angegebene Zeit: 11 bis 31 Minuten. <\/p>\n\n\n\n<p class=\"has-light-gray-background-color has-background\"> F\u00fcr Unterst\u00fctzung bei der Meditation und Hintergrund-Information \u00fcberYogi Bhajan, siehe&nbsp;<a href=\"https:\/\/kundalini-yoga-seelenreise.info\/?page_id=1431\">ANPASSUNGEN &amp; ERG\u00c4NZUNGEN 6 <\/a><\/p>\n","protected":false},"excerpt":{"rendered":"<p>Wirbel 6 (L2) ist vernetzt mit deinen Bauchorganen, dem Blinddarm und mit dem dritten Chakra. Das bringt ein Element der Konfrontation in diesen Abschnitt der Seelenreise, was sich in der dazugeh\u00f6rigen 40-Tage-Kriya zeigt: \u201eTratakam Prozess\u201c (siehe Video). Im Laufe der 40 Tage kannst du die Kriya aufbauen zu die urspr\u00fcnglich angegebene Zeit: 11 bis 31 &hellip; <a href=\"https:\/\/kundalini-yoga-seelenreise.info\/?page_id=127\" class=\"more-link\"><span class=\"screen-reader-text\">\u2600\ufe0f 6.<\/span> weiterlesen <span class=\"meta-nav\">&rarr;<\/span><\/a><\/p>\n","protected":false},"author":1,"featured_media":0,"parent":0,"menu_order":90,"comment_status":"open","ping_status":"closed","template":"","meta":{"footnotes":"","_links_to":"","_links_to_target":""},"class_list":["post-127","page","type-page","status-publish","hentry"],"yoast_head":"<!-- This site is optimized with the Yoast SEO plugin v19.10 - https:\/\/yoast.com\/wordpress\/plugins\/seo\/ -->\n<title>\u2600\ufe0f 6. - SEELENREISE-INSTITUT<\/title>\n<meta name=\"robots\" content=\"index, follow, max-snippet:-1, max-image-preview:large, max-video-preview:-1\" \/>\n<link rel=\"canonical\" href=\"https:\/\/kundalini-yoga-seelenreise.info\/?page_id=127\" \/>\n<meta property=\"og:locale\" content=\"de_DE\" \/>\n<meta property=\"og:type\" content=\"article\" \/>\n<meta property=\"og:title\" content=\"\u2600\ufe0f 6. - SEELENREISE-INSTITUT\" \/>\n<meta property=\"og:description\" content=\"Wirbel 6 (L2) ist vernetzt mit deinen Bauchorganen, dem Blinddarm und mit dem dritten Chakra. Das bringt ein Element der Konfrontation in diesen Abschnitt der Seelenreise, was sich in der dazugeh\u00f6rigen 40-Tage-Kriya zeigt: \u201eTratakam Prozess\u201c (siehe Video). Im Laufe der 40 Tage kannst du die Kriya aufbauen zu die urspr\u00fcnglich angegebene Zeit: 11 bis 31 &hellip; \u2600\ufe0f 6. weiterlesen &rarr;\" \/>\n<meta property=\"og:url\" content=\"https:\/\/kundalini-yoga-seelenreise.info\/?page_id=127\" \/>\n<meta property=\"og:site_name\" content=\"SEELENREISE-INSTITUT\" \/>\n<meta property=\"article:modified_time\" content=\"2021-01-04T11:13:25+00:00\" \/>\n<meta property=\"og:image\" content=\"https:\/\/kundalini-yoga-seelenreise.info\/wp-891e2-content\/uploads\/2019\/07\/HQ4A3870-1024x683.jpg\" \/>\n<meta name=\"twitter:card\" content=\"summary_large_image\" \/>\n<meta name=\"twitter:label1\" content=\"Gesch\u00e4tzte Lesezeit\" \/>\n\t<meta name=\"twitter:data1\" content=\"1\u00a0Minute\" \/>\n<script type=\"application\/ld+json\" class=\"yoast-schema-graph\">{\"@context\":\"https:\/\/schema.org\",\"@graph\":[{\"@type\":\"WebPage\",\"@id\":\"https:\/\/kundalini-yoga-seelenreise.info\/?page_id=127\",\"url\":\"https:\/\/kundalini-yoga-seelenreise.info\/?page_id=127\",\"name\":\"\u2600\ufe0f 6. - SEELENREISE-INSTITUT\",\"isPartOf\":{\"@id\":\"https:\/\/kundalini-yoga-seelenreise.info\/#website\"},\"datePublished\":\"2019-05-16T04:56:55+00:00\",\"dateModified\":\"2021-01-04T11:13:25+00:00\",\"breadcrumb\":{\"@id\":\"https:\/\/kundalini-yoga-seelenreise.info\/?page_id=127#breadcrumb\"},\"inLanguage\":\"de\",\"potentialAction\":[{\"@type\":\"ReadAction\",\"target\":[\"https:\/\/kundalini-yoga-seelenreise.info\/?page_id=127\"]}]},{\"@type\":\"BreadcrumbList\",\"@id\":\"https:\/\/kundalini-yoga-seelenreise.info\/?page_id=127#breadcrumb\",\"itemListElement\":[{\"@type\":\"ListItem\",\"position\":1,\"name\":\"Startseite\",\"item\":\"https:\/\/kundalini-yoga-seelenreise.info\/\"},{\"@type\":\"ListItem\",\"position\":2,\"name\":\"\u2600\ufe0f 6.\"}]},{\"@type\":\"WebSite\",\"@id\":\"https:\/\/kundalini-yoga-seelenreise.info\/#website\",\"url\":\"https:\/\/kundalini-yoga-seelenreise.info\/\",\"name\":\"SEELENREISE-INSTITUT\",\"description\":\"Jeden Tag: 1 x schwitzen, 1x lachen...\",\"potentialAction\":[{\"@type\":\"SearchAction\",\"target\":{\"@type\":\"EntryPoint\",\"urlTemplate\":\"https:\/\/kundalini-yoga-seelenreise.info\/?s={search_term_string}\"},\"query-input\":\"required name=search_term_string\"}],\"inLanguage\":\"de\"}]}<\/script>\n<!-- \/ Yoast SEO plugin. -->","yoast_head_json":{"title":"\u2600\ufe0f 6. - SEELENREISE-INSTITUT","robots":{"index":"index","follow":"follow","max-snippet":"max-snippet:-1","max-image-preview":"max-image-preview:large","max-video-preview":"max-video-preview:-1"},"canonical":"https:\/\/kundalini-yoga-seelenreise.info\/?page_id=127","og_locale":"de_DE","og_type":"article","og_title":"\u2600\ufe0f 6. - SEELENREISE-INSTITUT","og_description":"Wirbel 6 (L2) ist vernetzt mit deinen Bauchorganen, dem Blinddarm und mit dem dritten Chakra. Das bringt ein Element der Konfrontation in diesen Abschnitt der Seelenreise, was sich in der dazugeh\u00f6rigen 40-Tage-Kriya zeigt: \u201eTratakam Prozess\u201c (siehe Video). Im Laufe der 40 Tage kannst du die Kriya aufbauen zu die urspr\u00fcnglich angegebene Zeit: 11 bis 31 &hellip; \u2600\ufe0f 6. weiterlesen &rarr;","og_url":"https:\/\/kundalini-yoga-seelenreise.info\/?page_id=127","og_site_name":"SEELENREISE-INSTITUT","article_modified_time":"2021-01-04T11:13:25+00:00","og_image":[{"url":"https:\/\/kundalini-yoga-seelenreise.info\/wp-891e2-content\/uploads\/2019\/07\/HQ4A3870-1024x683.jpg"}],"twitter_card":"summary_large_image","twitter_misc":{"Gesch\u00e4tzte Lesezeit":"1\u00a0Minute"},"schema":{"@context":"https:\/\/schema.org","@graph":[{"@type":"WebPage","@id":"https:\/\/kundalini-yoga-seelenreise.info\/?page_id=127","url":"https:\/\/kundalini-yoga-seelenreise.info\/?page_id=127","name":"\u2600\ufe0f 6. - SEELENREISE-INSTITUT","isPartOf":{"@id":"https:\/\/kundalini-yoga-seelenreise.info\/#website"},"datePublished":"2019-05-16T04:56:55+00:00","dateModified":"2021-01-04T11:13:25+00:00","breadcrumb":{"@id":"https:\/\/kundalini-yoga-seelenreise.info\/?page_id=127#breadcrumb"},"inLanguage":"de","potentialAction":[{"@type":"ReadAction","target":["https:\/\/kundalini-yoga-seelenreise.info\/?page_id=127"]}]},{"@type":"BreadcrumbList","@id":"https:\/\/kundalini-yoga-seelenreise.info\/?page_id=127#breadcrumb","itemListElement":[{"@type":"ListItem","position":1,"name":"Startseite","item":"https:\/\/kundalini-yoga-seelenreise.info\/"},{"@type":"ListItem","position":2,"name":"\u2600\ufe0f 6."}]},{"@type":"WebSite","@id":"https:\/\/kundalini-yoga-seelenreise.info\/#website","url":"https:\/\/kundalini-yoga-seelenreise.info\/","name":"SEELENREISE-INSTITUT","description":"Jeden Tag: 1 x schwitzen, 1x lachen...","potentialAction":[{"@type":"SearchAction","target":{"@type":"EntryPoint","urlTemplate":"https:\/\/kundalini-yoga-seelenreise.info\/?s={search_term_string}"},"query-input":"required name=search_term_string"}],"inLanguage":"de"}]}},"uagb_featured_image_src":{"full":false,"thumbnail":false,"medium":false,"medium_large":false,"large":false,"1536x1536":false,"2048x2048":false,"post-thumbnail":false,"twentyfourteen-full-width":false},"uagb_author_info":{"display_name":"Satya Singh","author_link":"https:\/\/kundalini-yoga-seelenreise.info\/?page_id=3405&#038;uid=1"},"uagb_comment_info":27,"uagb_excerpt":"Wirbel 6 (L2) ist vernetzt mit deinen Bauchorganen, dem Blinddarm und mit dem dritten Chakra. Das bringt ein Element der Konfrontation in diesen Abschnitt der Seelenreise, was sich in der dazugeh\u00f6rigen 40-Tage-Kriya zeigt: \u201eTratakam Prozess\u201c (siehe Video). Im Laufe der 40 Tage kannst du die Kriya aufbauen zu die urspr\u00fcnglich angegebene Zeit: 11 bis 31&hellip;","_links":{"self":[{"href":"https:\/\/kundalini-yoga-seelenreise.info\/index.php?rest_route=\/wp\/v2\/pages\/127","targetHints":{"allow":["GET"]}}],"collection":[{"href":"https:\/\/kundalini-yoga-seelenreise.info\/index.php?rest_route=\/wp\/v2\/pages"}],"about":[{"href":"https:\/\/kundalini-yoga-seelenreise.info\/index.php?rest_route=\/wp\/v2\/types\/page"}],"author":[{"embeddable":true,"href":"https:\/\/kundalini-yoga-seelenreise.info\/index.php?rest_route=\/wp\/v2\/users\/1"}],"replies":[{"embeddable":true,"href":"https:\/\/kundalini-yoga-seelenreise.info\/index.php?rest_route=%2Fwp%2Fv2%2Fcomments&post=127"}],"version-history":[{"count":22,"href":"https:\/\/kundalini-yoga-seelenreise.info\/index.php?rest_route=\/wp\/v2\/pages\/127\/revisions"}],"predecessor-version":[{"id":3049,"href":"https:\/\/kundalini-yoga-seelenreise.info\/index.php?rest_route=\/wp\/v2\/pages\/127\/revisions\/3049"}],"wp:attachment":[{"href":"https:\/\/kundalini-yoga-seelenreise.info\/index.php?rest_route=%2Fwp%2Fv2%2Fmedia&parent=127"}],"curies":[{"name":"wp","href":"https:\/\/api.w.org\/{rel}","templated":true}]}}